{"id":15573,"date":"2017-08-08T16:52:34","date_gmt":"2017-08-08T19:52:34","guid":{"rendered":"http:\/\/blog.cancaonova.com\/saopaulo\/?page_id=15573"},"modified":"2024-04-07T13:02:59","modified_gmt":"2024-04-07T16:02:59","slug":"loja-cancao-nova","status":"publish","type":"page","link":"https:\/\/blog.cancaonova.com\/saopaulo\/loja-cancao-nova\/","title":{"rendered":"Loja Can\u00e7\u00e3o Nova \/ Clube"},"content":{"rendered":"<p>A <strong>Loja Can\u00e7\u00e3o Nova e o Clube da Evangeliza\u00e7\u00e3o<\/strong> em S\u00e3o Paulo est\u00e3o localizados.<\/p>\n<p><strong>Endere\u00e7o:<\/strong><br \/>\nRua Domingos de Moraes, 348, loja 10 &#8211; t\u00e9rreo, Vila Mariana.<br \/>\n(Pr\u00f3x. ao metr\u00f4 Ana Rosa e Vila Mariana)<\/p>\n<p><strong>Hor\u00e1rios de funcionamento:<\/strong><br \/>\nSegunda \u00e0 sexta, das 9h \u00e0s 18h<br \/>\nS\u00e1bados, das 09h \u00e0s 13h<\/p>\n<p><strong>Informa\u00e7\u00f5es:<br \/>\n<\/strong>Tel\/WhatsApp: (11) 99121-1116 ou<br \/>\nlojasp@cancaonova.com<\/p>\n<p><em><strong>Venha nos visitar!<\/strong><\/em><\/p>\n","protected":false},"excerpt":{"rendered":"<p>A Loja Can\u00e7\u00e3o Nova e o Clube da Evangeliza\u00e7\u00e3o em S\u00e3o Paulo est\u00e3o localizados. Endere\u00e7o: Rua Domingos de Moraes, 348, loja 10 &#8211; t\u00e9rreo, Vila Mariana. (Pr\u00f3x. ao metr\u00f4 Ana Rosa e Vila Mariana) Hor\u00e1rios de funcionamento: Segunda \u00e0 sexta,&#8230;<\/p>\n","protected":false},"author":43,"featured_media":0,"parent":0,"menu_order":0,"comment_status":"closed","ping_status":"closed","template":"","meta":{"_mi_skip_tracking":false,"_monsterinsights_sitenote_active":false,"_monsterinsights_sitenote_note":"","_monsterinsights_sitenote_category":0,"footnotes":""},"_links":{"self":[{"href":"https:\/\/blog.cancaonova.com\/saopaulo\/wp-json\/wp\/v2\/pages\/15573"}],"collection":[{"href":"https:\/\/blog.cancaonova.com\/saopaulo\/wp-json\/wp\/v2\/pages"}],"about":[{"href":"https:\/\/blog.cancaonova.com\/saopaulo\/wp-json\/wp\/v2\/types\/page"}],"author":[{"embeddable":true,"href":"https:\/\/blog.cancaonova.com\/saopaulo\/wp-json\/wp\/v2\/users\/43"}],"replies":[{"embeddable":true,"href":"https:\/\/blog.cancaonova.com\/saopaulo\/wp-json\/wp\/v2\/comments?post=15573"}],"version-history":[{"count":81,"href":"https:\/\/blog.cancaonova.com\/saopaulo\/wp-json\/wp\/v2\/pages\/15573\/revisions"}],"predecessor-version":[{"id":19144,"href":"https:\/\/blog.cancaonova.com\/saopaulo\/wp-json\/wp\/v2\/pages\/15573\/revisions\/19144"}],"wp:attachment":[{"href":"https:\/\/blog.cancaonova.com\/saopaulo\/wp-json\/wp\/v2\/media?parent=15573"}],"curies":[{"name":"wp","href":"https:\/\/api.w.org\/{rel}","templated":true}]}}