{"id":17009,"date":"2019-02-04T15:18:29","date_gmt":"2019-02-04T17:18:29","guid":{"rendered":"http:\/\/blog.cancaonova.com\/saopaulo\/?page_id=17009"},"modified":"2023-08-07T15:01:03","modified_gmt":"2023-08-07T18:01:03","slug":"vocacional","status":"publish","type":"page","link":"https:\/\/blog.cancaonova.com\/saopaulo\/vocacional\/","title":{"rendered":"Vocacional"},"content":{"rendered":"<p dir=\"ltr\">A gra\u00e7a da voca\u00e7\u00e3o \u00e9 uma iniciativa amorosa de Deus: \u201cN\u00e3o fostes v\u00f3s que me escolhestes, mas eu vos escolhi\u201d <strong>(Jo\u00e3o 15,16)<\/strong><\/p>\n<p dir=\"ltr\">Se voc\u00ea se sente inquietado por Deus a dar uma passo a mais em sua entrega a ele, um discernimento vocacional ser\u00e1 um importante instrumento para ajud\u00e1-lo. Quem deseja fazer parte da comunidade Can\u00e7\u00e3o Nova precisa passar por este per\u00edodo, que\u00a0 chamamos de caminho vocacional. Durante este tempo ajudaremos voc\u00ea nesse momento t\u00e3o importante de sua vida.<\/p>\n<p dir=\"ltr\"><strong>Entre em contato conosco:<\/strong> <a href=\"mailto:vocacionalsp@cancaonova.com\">vocacionalsp@cancaonova.com<\/a><\/p>\n<p><iframe loading=\"lazy\" title=\"TUDO PELO TUDO - Clipe oficial\" width=\"600\" height=\"338\" src=\"https:\/\/www.youtube.com\/embed\/kuI4SmIf3KE?feature=oembed&amp;rel=0\" frameborder=\"0\" allow=\"accelerometer; autoplay; clipboard-write; encrypted-media; gyroscope; picture-in-picture; web-share\" referrerpolicy=\"strict-origin-when-cross-origin\" allowfullscreen><\/iframe><\/p>\n<p dir=\"ltr\">\u00a0\u201cToda voca\u00e7\u00e3o crist\u00e3 vem de Deus, \u00e9 dom divino. O primeiro crit\u00e9rio do discernimento \u00e9 a identifica\u00e7\u00e3o do chamado do Senhor\u201d (Documento da Pontif\u00edcia Obra para as Voca\u00e7\u00f5es Eclesi\u00e1sticas: Nova Voca\u00e7\u00e3o para uma nova Europa).&#8221;<\/p>\n<p dir=\"ltr\">\n","protected":false},"excerpt":{"rendered":"<p>A gra\u00e7a da voca\u00e7\u00e3o \u00e9 uma iniciativa amorosa de Deus: \u201cN\u00e3o fostes v\u00f3s que me escolhestes, mas eu vos escolhi\u201d (Jo\u00e3o 15,16) Se voc\u00ea se sente inquietado por Deus a dar uma passo a mais em sua entrega a ele,&#8230;<\/p>\n","protected":false},"author":43,"featured_media":0,"parent":0,"menu_order":0,"comment_status":"closed","ping_status":"closed","template":"","meta":{"_mi_skip_tracking":false,"_monsterinsights_sitenote_active":false,"_monsterinsights_sitenote_note":"","_monsterinsights_sitenote_category":0,"footnotes":""},"_links":{"self":[{"href":"https:\/\/blog.cancaonova.com\/saopaulo\/wp-json\/wp\/v2\/pages\/17009"}],"collection":[{"href":"https:\/\/blog.cancaonova.com\/saopaulo\/wp-json\/wp\/v2\/pages"}],"about":[{"href":"https:\/\/blog.cancaonova.com\/saopaulo\/wp-json\/wp\/v2\/types\/page"}],"author":[{"embeddable":true,"href":"https:\/\/blog.cancaonova.com\/saopaulo\/wp-json\/wp\/v2\/users\/43"}],"replies":[{"embeddable":true,"href":"https:\/\/blog.cancaonova.com\/saopaulo\/wp-json\/wp\/v2\/comments?post=17009"}],"version-history":[{"count":7,"href":"https:\/\/blog.cancaonova.com\/saopaulo\/wp-json\/wp\/v2\/pages\/17009\/revisions"}],"predecessor-version":[{"id":19042,"href":"https:\/\/blog.cancaonova.com\/saopaulo\/wp-json\/wp\/v2\/pages\/17009\/revisions\/19042"}],"wp:attachment":[{"href":"https:\/\/blog.cancaonova.com\/saopaulo\/wp-json\/wp\/v2\/media?parent=17009"}],"curies":[{"name":"wp","href":"https:\/\/api.w.org\/{rel}","templated":true}]}}