{"id":18688,"date":"2022-06-13T09:09:11","date_gmt":"2022-06-13T12:09:11","guid":{"rendered":"http:\/\/blog.cancaonova.com\/saopaulo\/?page_id=18688"},"modified":"2023-05-03T13:09:01","modified_gmt":"2023-05-03T16:09:01","slug":"missionarios-2","status":"publish","type":"page","link":"https:\/\/blog.cancaonova.com\/saopaulo\/missionarios-2\/","title":{"rendered":"Mission\u00e1rios"},"content":{"rendered":"<p><a href=\"https:\/\/blog.cancaonova.com\/saopaulo\/files\/2022\/06\/2defev70.png\"><img loading=\"lazy\" decoding=\"async\" class=\"aligncenter wp-image-18986 size-full\" src=\"https:\/\/blog.cancaonova.com\/saopaulo\/files\/2022\/06\/2defev70.png\" alt=\"\" width=\"1264\" height=\"712\" srcset=\"https:\/\/blog.cancaonova.com\/saopaulo\/files\/2022\/06\/2defev70.png 1264w, https:\/\/blog.cancaonova.com\/saopaulo\/files\/2022\/06\/2defev70-300x169.png 300w, https:\/\/blog.cancaonova.com\/saopaulo\/files\/2022\/06\/2defev70-768x432.png 768w, https:\/\/blog.cancaonova.com\/saopaulo\/files\/2022\/06\/2defev70-384x216.png 384w, https:\/\/blog.cancaonova.com\/saopaulo\/files\/2022\/06\/2defev70-512x288.png 512w, https:\/\/blog.cancaonova.com\/saopaulo\/files\/2022\/06\/2defev70-1024x576.png 1024w\" sizes=\"(max-width: 1264px) 100vw, 1264px\" \/><\/a><\/p>\n<p style=\"text-align: center\">Atualmente a miss\u00e3o conta com 27 membros do n\u00facleo: dois sacerdotes, tr\u00eas casais,\u00a0 uma celibat\u00e1ria e os demais solteiros e\u00a059 membros do 2\u00b0 elo, seis membros na baixada santista e os demais na Grande S\u00e3o Paulo e regi\u00e3o como ABC Paulista.<\/p>\n","protected":false},"excerpt":{"rendered":"<p>Atualmente a miss\u00e3o conta com 27 membros do n\u00facleo: dois sacerdotes, tr\u00eas casais,\u00a0 uma celibat\u00e1ria e os demais solteiros e\u00a059 membros do 2\u00b0 elo, seis membros na baixada santista e os demais na Grande S\u00e3o Paulo e regi\u00e3o como ABC&#8230;<\/p>\n","protected":false},"author":4539,"featured_media":0,"parent":0,"menu_order":0,"comment_status":"closed","ping_status":"closed","template":"","meta":{"_mi_skip_tracking":false,"_monsterinsights_sitenote_active":false,"_monsterinsights_sitenote_note":"","_monsterinsights_sitenote_category":0,"footnotes":""},"_links":{"self":[{"href":"https:\/\/blog.cancaonova.com\/saopaulo\/wp-json\/wp\/v2\/pages\/18688"}],"collection":[{"href":"https:\/\/blog.cancaonova.com\/saopaulo\/wp-json\/wp\/v2\/pages"}],"about":[{"href":"https:\/\/blog.cancaonova.com\/saopaulo\/wp-json\/wp\/v2\/types\/page"}],"author":[{"embeddable":true,"href":"https:\/\/blog.cancaonova.com\/saopaulo\/wp-json\/wp\/v2\/users\/4539"}],"replies":[{"embeddable":true,"href":"https:\/\/blog.cancaonova.com\/saopaulo\/wp-json\/wp\/v2\/comments?post=18688"}],"version-history":[{"count":8,"href":"https:\/\/blog.cancaonova.com\/saopaulo\/wp-json\/wp\/v2\/pages\/18688\/revisions"}],"predecessor-version":[{"id":18988,"href":"https:\/\/blog.cancaonova.com\/saopaulo\/wp-json\/wp\/v2\/pages\/18688\/revisions\/18988"}],"wp:attachment":[{"href":"https:\/\/blog.cancaonova.com\/saopaulo\/wp-json\/wp\/v2\/media?parent=18688"}],"curies":[{"name":"wp","href":"https:\/\/api.w.org\/{rel}","templated":true}]}}