{"id":2221,"date":"2007-09-10T20:23:07","date_gmt":"2007-09-10T17:23:07","guid":{"rendered":"http:\/\/blog.cancaonova.com\/saopaulo\/clube-do-ouvinte\/"},"modified":"2022-11-10T15:08:16","modified_gmt":"2022-11-10T18:08:16","slug":"clube-do-ouvinte","status":"publish","type":"page","link":"https:\/\/blog.cancaonova.com\/saopaulo\/clube-do-ouvinte\/","title":{"rendered":"Clube da Evangeliza\u00e7\u00e3o"},"content":{"rendered":"<p>Participe \u00e0s quartas-feiras da Santa Missa pelo S\u00f3cio Evangelizador na<br \/>\nCatedral Nossa Senhora do L\u00edbano<\/p>\n<p><strong>Programa\u00e7\u00e3o:<\/strong><\/p>\n<p><strong>18h30<\/strong> &#8211; Ter\u00e7o da Provid\u00eancia<br \/>\n<strong>19h30<\/strong> &#8211; Santa Missa pelas inten\u00e7\u00f5es dos S\u00f3cios<br \/>\n<strong>20h30<\/strong> &#8211; Adora\u00e7\u00e3o ao Sant\u00edssimo Sacramento<\/p>\n<p>A Missa acontece na Casa de Evangeliza\u00e7\u00e3o da Can\u00e7\u00e3o Nova em S\u00e3o Paulo:<br \/>\n<strong>Catedral Maronita Nossa Senhora do L\u00edbano<\/strong><br \/>\nR. Tamandar\u00e9, 355, Liberdade, S\u00e3o Paulo (SP)\u00a0 \/ Metr\u00f4 S\u00e3o Joaquim<br \/>\n<strong>Informa\u00e7\u00f5es:<\/strong> Tel\/Whatsapp: 11- 3382-9800 \/ eventossp@cancaonova.com<\/p>\n<p><strong>Visite o Clube da Evangeliza\u00e7\u00e3o em S\u00e3o Paulo<\/strong><br \/>\n<strong>Hor\u00e1rio de funcionamento:<\/strong> segunda \u00e0 sexta, das 09h \u00e0s 18h<br \/>\n<strong>S\u00e1bados:<\/strong> das 09h \u00e0s 13h<br \/>\n<strong>Endere\u00e7o:<\/strong> R. Tamandar\u00e9, 355, Liberdade, S\u00e3o Paulo (SP) \/ Metr\u00f4 S\u00e3o Joaquim<br \/>\n<strong>Informa\u00e7\u00f5es:<\/strong> Tel\/Whatapp: 11 3382-9800 \/ eventossp@cancaonova.com<\/p>\n<p>Clube da Evangeliza\u00e7\u00e3o, sua f\u00e9 transformando vidas!<\/p>\n<hgroup class=\"content-header\">\n<h4>___________________________________________________<\/h4>\n<\/hgroup>\n<div id=\"content-post\" class=\"container-content\">\n<article id=\"post-42870\" class=\"post-42870 post type-post status-publish format-standard has-post-thumbnail hentry category-comunicados\">\n<div class=\"entry-content\">\n<p>O Calend\u00e1rio Can\u00e7\u00e3o Nova promove, por meio de doa\u00e7\u00f5es de pessoas comprometidas com a evangeliza\u00e7\u00e3o, a constru\u00e7\u00e3o de novos espa\u00e7os oracionais dentro da nossa sede em Cachoeira Paulista, al\u00e9m de criar estruturas para receber melhor os peregrinos que nos visitam.<\/p>\n<p>Ser\u00e3o diversas obras que acolher\u00e3o aqueles que buscam o Amor do Pai, algumas delas j\u00e1 iniciadas, outras que inciar\u00e3o em breve, seguindo um cronograma estabelecido.\u00a0<strong>S\u00e3o doze motivos para contribuir e milh\u00f5es de pessoas para evangelizar!<\/strong><\/p>\n<p>Obrigado a voc\u00ea que j\u00e1 contribuiu com o Calend\u00e1rio, continue nos ajudando para que possamos acolher mais pessoas que nos visitam em busca do abra\u00e7o acolhedor do Pai das Miseric\u00f3rdias!<\/p>\n<p>Confira algumas imagens das obras que j\u00e1 iniciaram:<\/p>\n<p><strong>1. Caminho da Miseric\u00f3rdia e instala\u00e7\u00e3o da IV Esta\u00e7\u00e3o da Vida Sacra<\/strong><\/p>\n<div id=\"attachment_42889\" class=\"wp-caption aligncenter\">\n<p><img loading=\"lazy\" decoding=\"async\" class=\"wp-image-42889\" src=\"https:\/\/img.cancaonova.com\/cnimages\/canais\/uploads\/sites\/12\/2018\/07\/caminho-da-misericordia-01.jpg\" alt=\"\" width=\"600\" height=\"399\" \/><\/p>\n<p class=\"wp-caption-text\">Instala\u00e7\u00e3o da primeira pe\u00e7a da Via Sacra \u2013 IV Esta\u00e7\u00e3o Foto: Jorge Ribeiro\/cancaonova.com<\/p>\n<\/div>\n<p>&nbsp;<\/p>\n<div id=\"attachment_42891\" class=\"wp-caption aligncenter\">\n<p><img loading=\"lazy\" decoding=\"async\" class=\"wp-image-42891\" src=\"https:\/\/img.cancaonova.com\/cnimages\/canais\/uploads\/sites\/12\/2018\/07\/Caminho-da-misericordia-02.jpg\" alt=\"\" width=\"600\" height=\"399\" \/><\/p>\n<p class=\"wp-caption-text\">Instala\u00e7\u00e3o da primeira pe\u00e7a da Via Sacra \u2013 IV Esta\u00e7\u00e3o Foto: Jorge Ribeiro\/cancaonova.com<\/p>\n<\/div>\n<p><strong>2. Caminho da Miseric\u00f3rdia<\/strong><\/p>\n<div id=\"attachment_42892\" class=\"wp-caption aligncenter\">\n<p><img loading=\"lazy\" decoding=\"async\" class=\"wp-image-42892\" src=\"https:\/\/img.cancaonova.com\/cnimages\/canais\/uploads\/sites\/12\/2018\/07\/Caminho-da-misericordia-03.jpg\" alt=\"\" width=\"600\" height=\"399\" \/><\/p>\n<p class=\"wp-caption-text\">Caminho da Miseric\u00f3rdia.<br \/>\nFoto: Jorge Ribeiro\/cancaonova.com<\/p>\n<\/div>\n<p>&nbsp;<\/p>\n<p><strong>3. Constru\u00e7\u00e3o do Mirante da F\u00e9<\/strong><\/p>\n<div id=\"attachment_42893\" class=\"wp-caption aligncenter\">\n<p><img loading=\"lazy\" decoding=\"async\" class=\"wp-image-42893\" src=\"https:\/\/img.cancaonova.com\/cnimages\/canais\/uploads\/sites\/12\/2018\/07\/Mirante-CN-01.jpg\" alt=\"\" width=\"600\" height=\"399\" \/><\/p>\n<p class=\"wp-caption-text\">Constru\u00e7\u00e3o do Mirante da F\u00e9<br \/>\nFoto: Jorge Ribeiro\/cancaonova.com<\/p>\n<\/div>\n<p>&nbsp;<\/p>\n<div id=\"attachment_42894\" class=\"wp-caption aligncenter\">\n<p><img loading=\"lazy\" decoding=\"async\" class=\"wp-image-42894\" src=\"https:\/\/img.cancaonova.com\/cnimages\/canais\/uploads\/sites\/12\/2018\/07\/MIrante-CN02.jpg\" alt=\"\" width=\"600\" height=\"399\" \/><\/p>\n<p class=\"wp-caption-text\">Constru\u00e7\u00e3o Mirante da F\u00e9<br \/>\nFoto: Jorge Ribeiro\/cancaonova.com<\/p>\n<\/div>\n<p>&nbsp;<\/p>\n<div id=\"attachment_42895\" class=\"wp-caption aligncenter\">\n<p><img loading=\"lazy\" decoding=\"async\" class=\"wp-image-42895\" src=\"https:\/\/img.cancaonova.com\/cnimages\/canais\/uploads\/sites\/12\/2018\/07\/Materiais-Mirante.jpg\" alt=\"\" width=\"600\" height=\"399\" \/><\/p>\n<p class=\"wp-caption-text\">Constru\u00e7\u00e3o Mirante da F\u00e9<br \/>\nFoto: Jorge Ribeiro\/cancaonova.com<\/p>\n<\/div>\n<p><strong>Clube da Evangeliza\u00e7\u00e3o<\/strong><br \/>\n<strong>Sua f\u00e9 transformando vidas!<\/strong><\/p>\n<section id=\"share-widget-horizontal\" class=\"socialmedia-bottom\"><\/section>\n<\/div>\n<\/article>\n<\/div>\n","protected":false},"excerpt":{"rendered":"<p>Participe \u00e0s quartas-feiras da Santa Missa pelo S\u00f3cio Evangelizador na Catedral Nossa Senhora do L\u00edbano Programa\u00e7\u00e3o: 18h30 &#8211; Ter\u00e7o da Provid\u00eancia 19h30 &#8211; Santa Missa pelas inten\u00e7\u00f5es dos S\u00f3cios 20h30 &#8211; Adora\u00e7\u00e3o ao Sant\u00edssimo Sacramento A Missa acontece na Casa&#8230;<\/p>\n","protected":false},"author":43,"featured_media":0,"parent":0,"menu_order":0,"comment_status":"open","ping_status":"closed","template":"","meta":{"_mi_skip_tracking":false,"_monsterinsights_sitenote_active":false,"_monsterinsights_sitenote_note":"","_monsterinsights_sitenote_category":0,"footnotes":""},"_links":{"self":[{"href":"https:\/\/blog.cancaonova.com\/saopaulo\/wp-json\/wp\/v2\/pages\/2221"}],"collection":[{"href":"https:\/\/blog.cancaonova.com\/saopaulo\/wp-json\/wp\/v2\/pages"}],"about":[{"href":"https:\/\/blog.cancaonova.com\/saopaulo\/wp-json\/wp\/v2\/types\/page"}],"author":[{"embeddable":true,"href":"https:\/\/blog.cancaonova.com\/saopaulo\/wp-json\/wp\/v2\/users\/43"}],"replies":[{"embeddable":true,"href":"https:\/\/blog.cancaonova.com\/saopaulo\/wp-json\/wp\/v2\/comments?post=2221"}],"version-history":[{"count":26,"href":"https:\/\/blog.cancaonova.com\/saopaulo\/wp-json\/wp\/v2\/pages\/2221\/revisions"}],"predecessor-version":[{"id":18793,"href":"https:\/\/blog.cancaonova.com\/saopaulo\/wp-json\/wp\/v2\/pages\/2221\/revisions\/18793"}],"wp:attachment":[{"href":"https:\/\/blog.cancaonova.com\/saopaulo\/wp-json\/wp\/v2\/media?parent=2221"}],"curies":[{"name":"wp","href":"https:\/\/api.w.org\/{rel}","templated":true}]}}