{"id":3741,"date":"2008-02-21T00:05:55","date_gmt":"2008-02-20T21:05:55","guid":{"rendered":"http:\/\/blog.cancaonova.com\/saopaulo\/contatos\/"},"modified":"2024-04-07T13:12:44","modified_gmt":"2024-04-07T16:12:44","slug":"contatos","status":"publish","type":"page","link":"https:\/\/blog.cancaonova.com\/saopaulo\/contatos\/","title":{"rendered":"Contatos"},"content":{"rendered":"<h3 style=\"text-align: center\">Contatos da Miss\u00e3o Can\u00e7\u00e3o Nova em S\u00e3o Paulo<\/h3>\n<p><strong>Casa de Evangeliza\u00e7\u00e3o \/ Eventos \/ Miss\u00f5es \/\u00a0 Comunica\u00e7\u00e3o \/ Vocacional<\/strong><br \/>\nCatedral Maronita Nossa Senhora do L\u00edbano<br \/>\nRua Tamandar\u00e9, 355 &#8211; Liberdade<br \/>\n(Pr\u00f3xima Esta\u00e7\u00e3o do Metr\u00f4 S\u00e3o Joaquim)<br \/>\nTelefone: <em><strong>(11) 3382-9800<br \/>\n<\/strong><\/em>Eventos:\u00a0<a href=\"mailto:eventossp@cancaonova.com\">eventossp@cancaonova.com <\/a><br \/>\nAssessoria de Imprensa: comunicacaosp@cancaonova.com<br \/>\nMiss\u00f5es: missoessp@cancaonova.com<br \/>\nE-mail: vocacionalsp@cancaonova.com<br \/>\n<a href=\"https:\/\/goo.gl\/maps\/stScz1b4Ezm\">Como chegar<br \/>\n<\/a><br \/>\n<strong>TV Can\u00e7\u00e3o Nova SP<br \/>\n<\/strong>Rua: Dona In\u00e1cia Uch\u00f4a, 62 &#8211; 4\u00ba e 5\u00ba Andar<br \/>\nVila Mariana, S\u00e3o Paulo &#8211; SP, 04110-020<br \/>\nTelefone:<strong> <em>(11)<\/em> 2366-9260<br \/>\n<\/strong>Produ\u00e7\u00e3o:\u00a0\u00a0<a href=\"mailto:tvproducaosp@cancaonova.com\">tvproducaosp@cancaonova.com<br \/>\n<\/a>Jornalismo: jornalismosp@cancaonova.com<br \/>\nVocacional: vocacionalsp@cancaonova.com<\/p>\n<p><strong>R\u00e1dio Am\u00e9rica &#8211;\u00a0<em>Uma Can\u00e7\u00e3o Nova em sua vida!<\/em><br \/>\n<\/strong>Rua Dona In\u00e1cia Uch\u00f4a, 62 &#8211; 5\u00ba Andar<br \/>\nVila Mariana, S\u00e3o Paulo &#8211; SP, 04110-020<br \/>\nSintonia: AM &#8211; 1410 Khz<br \/>\nTelefone comercial: <em><strong>(11) 2039-1439<\/strong><\/em><br \/>\nTelefone do ouvinte: <em><strong>(11) 2039-1410<br \/>\n<\/strong><\/em>E-mail:\u00a0\u00a0<a href=\"mailto:america@cancaonova.com\">america@cancaonova.com<br \/>\n<\/a><a href=\"https:\/\/goo.gl\/maps\/MxqkqVQFW2z\">Como chegar<\/a><\/p>\n<p><strong>Livraria Can\u00e7\u00e3o Nova \/ Clube da Evangeliza\u00e7\u00e3o<\/strong><br \/>\nRua Domingos de Moraes, 348, loja 10 &#8211; t\u00e9rreo, Vila Mariana<br \/>\n(Pr\u00f3xima Esta\u00e7\u00e3o do Metr\u00f4 Ana Rosa e Vila Mariana)<br \/>\nTelefone: <em><strong>(11) 99121-1116<\/strong><\/em><br \/>\nE-mail:\u00a0 Loja:\u00a0\u00a0<a href=\"mailto:davisp@cancaonova.com\">lojasp@cancaonova.com<br \/>\n<\/a>E-mail:\u00a0 Clube da Evangeliza\u00e7\u00e3o: clubesp@cancaonova.com<br \/>\n<a href=\"https:\/\/maps.app.goo.gl\/uVpmghyEL4gf19ih7\">Como chegar<\/a><\/p>\n<p>&nbsp;<\/p>\n","protected":false},"excerpt":{"rendered":"<p>Contatos da Miss\u00e3o Can\u00e7\u00e3o Nova em S\u00e3o Paulo Casa de Evangeliza\u00e7\u00e3o \/ Eventos \/ Miss\u00f5es \/\u00a0 Comunica\u00e7\u00e3o \/ Vocacional Catedral Maronita Nossa Senhora do L\u00edbano Rua Tamandar\u00e9, 355 &#8211; Liberdade (Pr\u00f3xima Esta\u00e7\u00e3o do Metr\u00f4 S\u00e3o Joaquim) Telefone: (11) 3382-9800 Eventos:\u00a0eventossp@cancaonova.com&#8230;<\/p>\n","protected":false},"author":43,"featured_media":16675,"parent":0,"menu_order":0,"comment_status":"open","ping_status":"closed","template":"","meta":{"_mi_skip_tracking":false,"_monsterinsights_sitenote_active":false,"_monsterinsights_sitenote_note":"","_monsterinsights_sitenote_category":0,"footnotes":""},"_links":{"self":[{"href":"https:\/\/blog.cancaonova.com\/saopaulo\/wp-json\/wp\/v2\/pages\/3741"}],"collection":[{"href":"https:\/\/blog.cancaonova.com\/saopaulo\/wp-json\/wp\/v2\/pages"}],"about":[{"href":"https:\/\/blog.cancaonova.com\/saopaulo\/wp-json\/wp\/v2\/types\/page"}],"author":[{"embeddable":true,"href":"https:\/\/blog.cancaonova.com\/saopaulo\/wp-json\/wp\/v2\/users\/43"}],"replies":[{"embeddable":true,"href":"https:\/\/blog.cancaonova.com\/saopaulo\/wp-json\/wp\/v2\/comments?post=3741"}],"version-history":[{"count":18,"href":"https:\/\/blog.cancaonova.com\/saopaulo\/wp-json\/wp\/v2\/pages\/3741\/revisions"}],"predecessor-version":[{"id":19145,"href":"https:\/\/blog.cancaonova.com\/saopaulo\/wp-json\/wp\/v2\/pages\/3741\/revisions\/19145"}],"wp:featuredmedia":[{"embeddable":true,"href":"https:\/\/blog.cancaonova.com\/saopaulo\/wp-json\/wp\/v2\/media\/16675"}],"wp:attachment":[{"href":"https:\/\/blog.cancaonova.com\/saopaulo\/wp-json\/wp\/v2\/media?parent=3741"}],"curies":[{"name":"wp","href":"https:\/\/api.w.org\/{rel}","templated":true}]}}