{"id":3751,"date":"2008-02-21T00:09:52","date_gmt":"2008-02-20T21:09:52","guid":{"rendered":"http:\/\/blog.cancaonova.com\/saopaulo\/arquidiocese-e-bispos\/"},"modified":"2018-04-04T16:08:10","modified_gmt":"2018-04-04T19:08:10","slug":"arquidiocese-e-bispos","status":"publish","type":"page","link":"https:\/\/blog.cancaonova.com\/saopaulo\/arquidiocese-e-bispos\/","title":{"rendered":"Arquidiocese de S\u00e3o Paulo"},"content":{"rendered":"<div class=\"field field-name-field-out-noticia-chamada field-type-text-long field-label-hidden\">\n<div class=\"field-items\">\n<div class=\"field-item even\"><strong>Deus habita esta cidade: somos suas testemunhas.<\/strong><\/div>\n<\/div>\n<\/div>\n<div class=\"field field-name-field-out-noticia-data-pub field-type-datetime field-label-hidden\">\n<div class=\"field-items\">\n<div class=\"field-item even\">\n<h3 class=\"date-repeat-instance\" style=\"text-align: right;\"><em>&#8221;O s\u00ednodo \u00e9 um \u2018caminho de comunh\u00e3o, convers\u00e3o e renova\u00e7\u00e3o mission\u00e1ria\u2019 para toda a Arquidiocese de S\u00e3o Paulo. E um caminho feito juntos, em mutir\u00e3o, que requer a participa\u00e7\u00e3o do maior n\u00famero poss\u00edvel de pessoas, de maneira que a proposta sinodal alcance amplamente o povo em nossas par\u00f3quias, \u2018comunidades de comunidades\u2019\u201d.<br \/>\n<\/em><strong style=\"font-size: 14px;\">Cardeal Odilo Pedro Scherer&nbsp; &#8211;&nbsp;&nbsp;<\/strong><strong>Arcebispo de S\u00e3o Paulo<\/strong><\/h3>\n<h3 class=\"date-repeat-instance\"><strong style=\"font-size: 14px;\"><img loading=\"lazy\" decoding=\"async\" class=\"size-medium wp-image-16216 aligncenter\" src=\"http:\/\/blog.cancaonova.com\/saopaulo\/files\/2008\/02\/Dom-Odilo--252x300.jpg\" alt=\"\" width=\"252\" height=\"300\" srcset=\"https:\/\/blog.cancaonova.com\/saopaulo\/files\/2008\/02\/Dom-Odilo--252x300.jpg 252w, https:\/\/blog.cancaonova.com\/saopaulo\/files\/2008\/02\/Dom-Odilo-.jpg 636w\" sizes=\"(max-width: 252px) 100vw, 252px\" \/><br \/>\n<\/strong><\/h3>\n<p>&nbsp;<\/p>\n<p><strong><sub>S\u00cdNODO ARQUIDIOCESANO<\/sub><\/strong><\/p>\n<p><img loading=\"lazy\" decoding=\"async\" class=\"alignleft\" src=\"http:\/\/arquisp.org.br\/sites\/default\/files\/arquivos\/10_eventos_de_2018_sinodo_arquidiocesano02.jpg\" alt=\"\" width=\"317\" height=\"318\"><\/p>\n<p>Em 2018, a Igreja em S\u00e3o Paulo d\u00e1 o seu primeiro passo concreto na realiza\u00e7\u00e3o do s\u00ednodo arquidiocesano, convocado pelo Cardeal Odilo Pedro Scherer, em junho de 2017. No dia 24 de fevereiro, no Col\u00e9gio S\u00e3o Lu\u00eds, no bairro Cerqueira C\u00e9sar, acontecer\u00e1 a celebra\u00e7\u00e3o de abertura oficial do s\u00ednodo e o envio mission\u00e1rio dos representantes de todas as par\u00f3quias da Arquidiocese, que realizar\u00e3o os trabalhos do s\u00ednodo nas bases.&nbsp;<\/p>\n<p>\u201cNesta etapa, a Igreja, por meio de suas par\u00f3quias e comunidades que nascem dentro da vida paroquial, pode dar um olhar sobre si mesma, observar as suas realidades mais contundentes. O que corresponde \u00e0s necessidades da evangeliza\u00e7\u00e3o numa cidade como S\u00e3o Paulo, aquilo que \u00e9 feito hoje para evangelizar, mas que no momento n\u00e3o corresponde aos anseios do que a evangeliza\u00e7\u00e3o realmente precisa para a circunst\u00e2ncia de uma cidade din\u00e2mica em tempos de transforma\u00e7\u00e3o\u201d, explicou o Padre Tarc\u00edsio Marques Mesquita, Secret\u00e1rio-Executivo do s\u00ednodo arquidiocesano. O Padre ressaltou, ainda, que o caminho sinodal acontecer\u00e1 sem perder de vista a implementa\u00e7\u00e3o do 12\u00ba Plano Arquidiocesano de Pastoral.<\/p>\n<p>&nbsp;<\/p>\n<p>&nbsp;<\/p>\n<p>&nbsp;<\/p>\n<\/div>\n<\/div>\n<\/div>\n<div class=\"field field-name-field-noticia-especial-corpo field-type-text-long field-label-hidden\">\n<div class=\"field-items\">\n<div class=\"field-item even\">\n<p><iframe loading=\"lazy\" title=\"V\u00c3\u00addeo institucional da Arquidiocese de S\u00c3\u00a3o Paulo - S\u00c3\u00adnodo 2018-2020\" width=\"600\" height=\"338\" src=\"https:\/\/www.youtube.com\/embed\/aajXtqBZKlQ?feature=oembed&amp;rel=0\" frameborder=\"0\" allow=\"accelerometer; autoplay; clipboard-write; encrypted-media; gyroscope; picture-in-picture; web-share\" referrerpolicy=\"strict-origin-when-cross-origin\" allowfullscreen><\/iframe><\/p>\n<\/div>\n<\/div>\n<\/div>\n<p>Criada como diocese em 1745, foi elevada \u00e0 categoria de Arquidiocese durante o governo de Dom Duarte Leopoldo e Silva, em 1908, por decreto do Papa Pio X.<\/p>\n<p>Desde a sua cria\u00e7\u00e3o, teve como bispos:<br \/>\n01- Dom Bernardo Rodrigues Nogueira (07.08.1746 a 07.11.1748)<br \/>\n02- Dom Frei Ant\u00f4nio M. de Deus Galv\u00e3o (18.10.1750 a 19.03.1764)<br \/>\n03- Dom Frei Manoel da Ressurrei\u00e7\u00e3o (17.05.1772 a 12.11.1789)<br \/>\n04- Dom Frei Miguel M. de Deus (17.12.1793 &#8211; n\u00e3o tomou posse)<br \/>\n05- Dom Mateus de Abreu Pereira (19.03.1796 a 05.05.1824)<br \/>\n06- Dom Manoel Joaquim Gon\u00e7alves Andrade (11.11.1827 a 26.05.1847)<br \/>\n07- Dom Ant\u00f4nio Joaquim de Mello (14.06.1852 a 16.02.1861)<br \/>\n08- Dom Sebasti\u00e3o Pinto do Rego (10.06.1862 a 30.04.1868)<br \/>\n09- Dom Lino Deodato R. Carvalho (29.06.1873 a 19.08.1894)<br \/>\n10- Dom Joaquim Arcoverde A. Cavalcanti (30.09.1894 a 24.07.1897)<br \/>\n11- Dom Ant\u00f4nio C\u00e2ndido de Alvarenga (25.03.1899 a 01.04.1903)<br \/>\n12- Dom Jos\u00e9 Camargo de Barros (24.04.1904 a 04.08.1906)<br \/>\n13- Dom Duarte Leopoldo da Silva (14.04.1907 a 07.06.1908)<\/p>\n<p>E arcebispos:<br \/>\n01- Dom Duarte Leopoldo da Silva (11.10.1908 a 13.11.1938)<br \/>\n02- Dom Jos\u00e9 Gaspar D&#8217;Afonseca e Silva (17.09.1939 a 28.08.1943)<br \/>\n03- Cardeal Dom Carlos Carmelo V. Motta (30.08.1944 a 25.04.1964)<br \/>\n04- Cardeal Dom Agnelo Rossi (01.11.1964 a 22.10.1970)<br \/>\n05. Cardeal Dom Paulo Evaristo Arns (01.11.1970 a 22.05.1998)<br \/>\n06- Cardeal Dom Cl\u00e1udio Hummes (23.05.1998 a 2006)<br \/>\n<strong> 07- Cardeal Dom Odilo Pedro Scherer (29.04.2007)<\/strong><\/p>\n<h5>&nbsp;<\/h5>\n<h3>Ora\u00e7\u00e3o pelo s\u00ednodo arquidiocesano de S\u00e3o Paulo<\/h3>\n<p><em>Divino Esp\u00edrito Santo,<br \/>\nv\u00f3s sois a alma da Igreja e renovais a face da terra.<br \/>\nVinde em nosso aux\u00edlio na realiza\u00e7\u00e3o do<br \/>\nprimeiro S\u00ednodo Arquidiocesano de S\u00e3o Paulo.<br \/>\nRenovai em n\u00f3s a f\u00e9, a esperan\u00e7a e a caridade;<br \/>\nanimai-nos com um vivo ardor mission\u00e1rio<br \/>\npara o testemunho do Evangelho nesta Cidade imensa.<br \/>\nSeguindo o exemplo de Maria, M\u00e3e da Igreja,<br \/>\ndo ap\u00f3stolo S\u00e3o Paulo, Patrono de nossa Arquidiocese,<br \/>\nde S\u00e3o Jos\u00e9 de Anchieta, Santa Paulina<br \/>\ne Santo Ant\u00f4nio de Santana Galv\u00e3o,<br \/>\ndos bem-aventurados Padre Mariano e Madre Assunta<br \/>\ne dos santos Padroeiros de nossas Comunidades,<br \/>\nsejamos tamb\u00e9m n\u00f3s ardorosos<br \/>\ndisc\u00edpulos-mission\u00e1rios de Jesus Cristo<br \/>\npara que, nele, todos tenham vida em abund\u00e2ncia.<\/em><\/p>\n<p><em>Divino Esp\u00edrito Santo, iluminai-nos. Am\u00e9m!<\/em><\/p>\n<h3><strong>Caminho de Comunh\u00e3o e Unidade:<\/strong>&nbsp;Celebra\u00e7\u00f5es lit\u00fargicas, o ano de 2018.<\/h3>\n<p><strong><sub>CAMPANHA DA FRATERNIDADE<\/sub><\/strong><\/p>\n<p><img loading=\"lazy\" decoding=\"async\" class=\"alignleft\" src=\"http:\/\/arquisp.org.br\/sites\/default\/files\/arquivos\/10_eventos_de_2018_campanha_fraternidade02.jpg\" alt=\"\" width=\"308\" height=\"310\">Com o tema \u201cFraternidade e supera\u00e7\u00e3o da viol\u00eancia\u201d, a Campanha da Fraternidade (CF) 2018 ser\u00e1 aberta em todo Brasil na Quarta-feira de Cinzas. Al\u00e9m de mapear a viol\u00eancia, a CF tamb\u00e9m colocar\u00e1 em evid\u00eancia as iniciativas que existem para super\u00e1-la, e buscar\u00e1 despertar novas propostas com esse objetivo.&nbsp;<\/p>\n<p>\u201cA Igreja no Brasil escolheu o tema da supera\u00e7\u00e3o da viol\u00eancia devido ao crescimento dos \u00edndices de viol\u00eancia no Brasil. Esse tema j\u00e1 foi discutido na d\u00e9cada de 80, quando o Pa\u00eds vivia a recess\u00e3o militar e dentro desse contexto foi poss\u00edvel mapear diversas formas de viol\u00eancia\u201d, explicou o Padre Lu\u00eds Fernando da Silva, Secret\u00e1rio-Executivo das Campanhas da CNBB, durante a apresenta\u00e7\u00e3o do cartaz da CF 2018, em outubro de 2017. &nbsp;<\/p>\n<p>Para ajudar na viv\u00eancia da Campanha nas par\u00f3quias, comunidades, organismos eclesiais e fam\u00edlias, a CNBB disponibilizou subs\u00eddios e materiais para que se vivencie o prop\u00f3sito da Campanha. Padre Lu\u00eds Fernando destacou, ainda, que o principal subs\u00eddio \u00e9 o texto-base, que apresenta uma reflex\u00e3o do tema a partir do m\u00e9todo \u201cver-julgar- agir\u201d. Al\u00e9m disso, haver\u00e1 subs\u00eddios para alunos do ensino fundamental, m\u00e9dio e grupos juvenis. J\u00e1 para ajudar na ora\u00e7\u00e3o quaresmal, uma vez que a CF \u00e9 lan\u00e7ada durante esse per\u00edodo, acontecer\u00e3o celebra\u00e7\u00f5es em fam\u00edlia, via-sacra, vig\u00edlia eucar\u00edstica, celebra\u00e7\u00e3o da miseric\u00f3rdia e celebra\u00e7\u00e3o ecum\u00eanica.<\/p>\n<p>&nbsp;<\/p>\n<p>&nbsp;<\/p>\n<p><strong><sub>ANO NACIONAL DO LAICATO<\/sub><\/strong><\/p>\n<p><img loading=\"lazy\" decoding=\"async\" class=\"alignleft\" src=\"http:\/\/arquisp.org.br\/sites\/default\/files\/arquivos\/10_ano-do-laicato-2018-aa.jpg\" alt=\"\" width=\"328\" height=\"351\"><\/p>\n<p>No Brasil, o maior destaque \u00e9 o Ano Nacional do Laicato, aberto no dia 26 de novembro de 2017 e que segue at\u00e9 25 de novembro. Com o tema \u201cCrist\u00e3os leigos e leigas, sujeitos na \u2018Igreja em sa\u00edda\u2019, a servi\u00e7o do Reino\u201d e o lema \u201cSal da Terra e Luz do Mundo\u201d (Mt 5, 13-14), o Ano Nacional do Laicato tem como objetivo celebrar a presen\u00e7a e a organiza\u00e7\u00e3o dos crist\u00e3os leigos no Brasil; aprofundar a sua identidade, voca\u00e7\u00e3o, espiritualidade e miss\u00e3o; e testemunhar Jesus Cristo e seu Reino na sociedade.&nbsp;<\/p>\n<p>Segundo Dom Severino Clasen, Bispo de Ca\u00e7ador (SC) e Presidente da Comiss\u00e3o Episcopal Especial para o Ano do Laicato, da CNBB, espera-se que este Ano traga um legado para a Igreja mission\u00e1ria aut\u00eantica, com maior entusiasmo dos crist\u00e3os leigos e leigas na vida eclesial e tamb\u00e9m na busca da transforma\u00e7\u00e3o da sociedade. \u201cEu acredito que se conseguirmos estimular a participa\u00e7\u00e3o e presen\u00e7a efetiva dos crist\u00e3os leigos na sociedade, provocando que aconte\u00e7a a justi\u00e7a e a paz, ser\u00e1 um grande legado\u201d, disse o Bispo ao apresentar o Ano Nacional do Laicato ao Conselho Permanente da CNBB, em junho de 2017.&nbsp;<\/p>\n<p>Ao longo do Ano, ocorrer\u00e3o eventos, semin\u00e1rios tem\u00e1ticos nos regionais da CNBB e celebra\u00e7\u00f5es. Tamb\u00e9m foram produzidos subs\u00eddios que auxiliam no estudo e aprofundamento desses documentos.<\/p>\n<p>&nbsp;<\/p>\n<p><strong><sub>S\u00cdNODO DA JUVENTUDE<\/sub><\/strong><\/p>\n<p><img loading=\"lazy\" decoding=\"async\" class=\"alignleft\" src=\"http:\/\/arquisp.org.br\/sites\/default\/files\/arquivos\/10_eventos_de_2018_sinodo_juventude02.jpg\" alt=\"\" width=\"320\" height=\"320\"><\/p>\n<p>A Igreja em todo mundo aguarda com expectativa a realiza\u00e7\u00e3o XV Assembleia Geral Ordin\u00e1ria do S\u00ednodo dos Bispos, que acontecer\u00e1 de 3 a 28 de outubro, no Vaticano, com o tema \u201cOs jovens, a f\u00e9 e o discernimento vocacional\u201d. Os trabalhos sinodais j\u00e1 come\u00e7aram com a publica\u00e7\u00e3o do documento preparat\u00f3rio e o lan\u00e7amento do question\u00e1rio enviado \u00e0s dioceses de todo mundo e disponibilizado na internet.&nbsp;<\/p>\n<p>Segundo o Secret\u00e1rio-Geral do S\u00ednodo, Cardeal Lorenzo Baldisseri, o site do S\u00ednodo dos Bispos teve quase 300 mil contatos de jovens de todo o mundo. As contribui\u00e7\u00f5es dessas consultas ajudar\u00e3o na formula\u00e7\u00e3o do Instrumento de Trabalho do S\u00ednodo, que ser\u00e1 elaborado para a Assembleia Sinodal.&nbsp;<\/p>\n<p>Antes da Assembleia Geral, ser\u00e1 realizada uma reuni\u00e3o pr\u00e9-sinodal de jovens, convocada pelo Papa Francisco para o per\u00edodo de 19 a 24 de mar\u00e7o de 2018. Al\u00e9m dos que ser\u00e3o convidados para o encontro, foi aprovada a proposta de permitir a participa\u00e7\u00e3o de outros jovens por meio das redes sociais.<br \/>\n&nbsp;<\/p>\n<p>&nbsp;<\/p>\n<p>Fonte:&nbsp;http:\/\/arquisp.org.br\/sinodo-arquidiocesano&nbsp;<\/p>\n<p>&nbsp;<\/p>\n<h4 style=\"text-align: center;\">&nbsp;<\/h4>\n<p><img decoding=\"async\" src=\"\/DOCUME~1\/ADMINI~1\/CONFIG~1\/Temp\/moz-screenshot-4.png\" alt=\"\"><\/p>\n<p><img decoding=\"async\" src=\"\/DOCUME~1\/ADMINI~1\/CONFIG~1\/Temp\/moz-screenshot-3.png\" alt=\"\"><\/p>\n<p><img decoding=\"async\" src=\"\/DOCUME~1\/ADMINI~1\/CONFIG~1\/Temp\/moz-screenshot.png\" alt=\"\"><img decoding=\"async\" src=\"\/DOCUME~1\/ADMINI~1\/CONFIG~1\/Temp\/moz-screenshot-1.png\" alt=\"\"><img decoding=\"async\" src=\"\/DOCUME~1\/ADMINI~1\/CONFIG~1\/Temp\/moz-screenshot-2.png\" alt=\"\"><\/p>\n","protected":false},"excerpt":{"rendered":"<p>Deus habita esta cidade: somos suas testemunhas. &#8221;O s\u00ednodo \u00e9 um \u2018caminho de comunh\u00e3o, convers\u00e3o e renova\u00e7\u00e3o mission\u00e1ria\u2019 para toda a Arquidiocese de S\u00e3o Paulo. E um caminho feito juntos, em mutir\u00e3o, que requer a participa\u00e7\u00e3o do maior n\u00famero poss\u00edvel&#8230;<\/p>\n","protected":false},"author":43,"featured_media":0,"parent":0,"menu_order":0,"comment_status":"open","ping_status":"closed","template":"","meta":{"_mi_skip_tracking":false,"_monsterinsights_sitenote_active":false,"_monsterinsights_sitenote_note":"","_monsterinsights_sitenote_category":0,"footnotes":""},"_links":{"self":[{"href":"https:\/\/blog.cancaonova.com\/saopaulo\/wp-json\/wp\/v2\/pages\/3751"}],"collection":[{"href":"https:\/\/blog.cancaonova.com\/saopaulo\/wp-json\/wp\/v2\/pages"}],"about":[{"href":"https:\/\/blog.cancaonova.com\/saopaulo\/wp-json\/wp\/v2\/types\/page"}],"author":[{"embeddable":true,"href":"https:\/\/blog.cancaonova.com\/saopaulo\/wp-json\/wp\/v2\/users\/43"}],"replies":[{"embeddable":true,"href":"https:\/\/blog.cancaonova.com\/saopaulo\/wp-json\/wp\/v2\/comments?post=3751"}],"version-history":[{"count":6,"href":"https:\/\/blog.cancaonova.com\/saopaulo\/wp-json\/wp\/v2\/pages\/3751\/revisions"}],"predecessor-version":[{"id":16314,"href":"https:\/\/blog.cancaonova.com\/saopaulo\/wp-json\/wp\/v2\/pages\/3751\/revisions\/16314"}],"wp:attachment":[{"href":"https:\/\/blog.cancaonova.com\/saopaulo\/wp-json\/wp\/v2\/media?parent=3751"}],"curies":[{"name":"wp","href":"https:\/\/api.w.org\/{rel}","templated":true}]}}