{"id":3761,"date":"2008-02-21T00:22:47","date_gmt":"2008-02-20T21:22:47","guid":{"rendered":"http:\/\/blog.cancaonova.com\/saopaulo\/missionarios\/"},"modified":"2021-12-09T19:12:10","modified_gmt":"2021-12-09T22:12:10","slug":"missionarios","status":"publish","type":"page","link":"https:\/\/blog.cancaonova.com\/saopaulo\/missionarios\/","title":{"rendered":"Quem Somos"},"content":{"rendered":"<p><strong>Mission\u00e1rios da casa de miss\u00e3o em S\u00e3o Paulo<\/strong><\/p>\n<p><strong>\u00a0Membros &#8211;\u00a0 Casais do N\u00facleo<\/strong><\/p>\n<p>\u00cdtalo Magno e Vanessa Lacquaneti<\/p>\n<p>Jorge Aparecido da Silva e Rosana Aparecida Palandi Silva<\/p>\n<p>Rodrigo Luiz dos Santos e Adelita Stoebel<\/p>\n<p>&nbsp;<\/p>\n<p><strong>Membros &#8211;\u00a0 Padres &#8211; Jovens Solteiros e Celibat\u00e1rios do N\u00facleo<\/strong><\/p>\n<p>Padre Anderson Mar\u00e7al<\/p>\n<p>Padre Jo\u00e3o Gualberto<\/p>\n<p>Arlane da Silva<\/p>\n<p>Ang\u00e9lica Jord\u00e3o<\/p>\n<p>C\u00e9lia Regina<\/p>\n<p>Cristiano dos Santos<\/p>\n<p>Daniele da Silva<\/p>\n<p>Danusa Rego<\/p>\n<p>Dauana Sales<\/p>\n<p>Elane Freires Teodosio<\/p>\n<p>Gislaine Silva<\/p>\n<p>Gleyson de Oliveira<\/p>\n<p>J\u00e9ssica Cristina Menino<\/p>\n<p>Josefa Geov\u00e2nia<\/p>\n<p>Jos\u00e9lio da Silva<\/p>\n<p>Maria Luiza da Silva<\/p>\n<p>Regiane Biazin<\/p>\n<p>Simone Nunes<\/p>\n<p>Tarciana Matos<\/p>\n<p>&nbsp;<\/p>\n<p><b>Membros &#8211; Segundo Elo\u00a0<\/b><\/p>\n<p>Adonias Ferreira da Silva<\/p>\n<p>Agnaldo Batista<\/p>\n<p>Alessandro Luz<\/p>\n<p>Ana Maria Coli<\/p>\n<p>Andr\u00e9a Carnevale Calixto Silva<\/p>\n<p>Andreia Cristiane Barbosa D\u00b4Agua<\/p>\n<p>Angela Rosa Valentim Souza<\/p>\n<p>Aparecida Tereza Castanho da Silva<\/p>\n<p>Carla Cristina Teodoro<\/p>\n<p>Catarina Alves de Carvalo<\/p>\n<p>Cl\u00e1udio Andr\u00e9 do Nascimento<\/p>\n<p>Denise Silva Estrela<\/p>\n<p>Denylson Relvas F.Morgado<\/p>\n<p>Elis\u00e2ngela Bomfim Silva de Souza<\/p>\n<p>Elane Gomes<\/p>\n<p>Elton Cesar Cunha<\/p>\n<p>Ezequiel dos Santos<\/p>\n<p>Fernanda da Silva Freitas<\/p>\n<p>Fl\u00e1via Aparecida de Lima Cunha<\/p>\n<p>Hosana Maria da Silva<\/p>\n<p>Indaiara da Rosa Cavalcante<\/p>\n<p>Isabel de Souza Villa Luz<\/p>\n<p>Isabel Gonzaga<\/p>\n<p>Itamar Wagner Pinto<\/p>\n<p>Joana Marta Abib da Silva<\/p>\n<p>Jo\u00e3o Evangelista Oliveira<\/p>\n<p>Jocelina M\u00e1rcia Abib Rodrigues<\/p>\n<p>Jos\u00e9 Miguel da Silva<\/p>\n<p>Jos\u00e9 Benedito Alves J\u00fanior<\/p>\n<p>Jussara dos Santos Melo<\/p>\n<p>Lucineia Santana de Oliveira<\/p>\n<p>Marcelo de Santos Freitas<\/p>\n<p>M\u00e1rcia Ribeiro<\/p>\n<p>Maria Aparecida Sandor de C.Carvalho<\/p>\n<p>Maria das Gra\u00e7as Louren\u00e7o<\/p>\n<p>Maria de Lourdes Alves Freitas<\/p>\n<p>Maria Dijanira S.F. Morgado<\/p>\n<p>Maria K\u00e1tia Lima Oliveira<\/p>\n<p>Maria do Socorro Porto Vaz<\/p>\n<p>Marisa Demarchi Nogueira<\/p>\n<p>Meybel Correia Alvez<\/p>\n<p>Neuza Oliber Tarallo<\/p>\n<p>Nilson Silva Souza<\/p>\n<p>Renata Gouveia Daniel<\/p>\n<p>Roberta Andrade Pinto<\/p>\n<p>Rosineia Bigueti<\/p>\n<p>Sandra Aparecida Lacerda<\/p>\n<p>Sandra Santos Oliveira<\/p>\n<p>S\u00edlvia Santos Oliveira<\/p>\n<p>Telma Pelegrina Ferreira<\/p>\n<p>Valdelez Jos\u00e9 da Silva<\/p>\n<p>Vanessa de Freitas dos Santos<\/p>\n<p>William dos Anjos Freitas<\/p>\n","protected":false},"excerpt":{"rendered":"<p>Mission\u00e1rios da casa de miss\u00e3o em S\u00e3o Paulo \u00a0Membros &#8211;\u00a0 Casais do N\u00facleo \u00cdtalo Magno e Vanessa Lacquaneti Jorge Aparecido da Silva e Rosana Aparecida Palandi Silva Rodrigo Luiz dos Santos e Adelita Stoebel &nbsp; Membros &#8211;\u00a0 Padres &#8211; Jovens&#8230;<\/p>\n","protected":false},"author":43,"featured_media":0,"parent":0,"menu_order":0,"comment_status":"open","ping_status":"closed","template":"","meta":{"_mi_skip_tracking":false,"_monsterinsights_sitenote_active":false,"_monsterinsights_sitenote_note":"","_monsterinsights_sitenote_category":0,"footnotes":""},"_links":{"self":[{"href":"https:\/\/blog.cancaonova.com\/saopaulo\/wp-json\/wp\/v2\/pages\/3761"}],"collection":[{"href":"https:\/\/blog.cancaonova.com\/saopaulo\/wp-json\/wp\/v2\/pages"}],"about":[{"href":"https:\/\/blog.cancaonova.com\/saopaulo\/wp-json\/wp\/v2\/types\/page"}],"author":[{"embeddable":true,"href":"https:\/\/blog.cancaonova.com\/saopaulo\/wp-json\/wp\/v2\/users\/43"}],"replies":[{"embeddable":true,"href":"https:\/\/blog.cancaonova.com\/saopaulo\/wp-json\/wp\/v2\/comments?post=3761"}],"version-history":[{"count":41,"href":"https:\/\/blog.cancaonova.com\/saopaulo\/wp-json\/wp\/v2\/pages\/3761\/revisions"}],"predecessor-version":[{"id":18302,"href":"https:\/\/blog.cancaonova.com\/saopaulo\/wp-json\/wp\/v2\/pages\/3761\/revisions\/18302"}],"wp:attachment":[{"href":"https:\/\/blog.cancaonova.com\/saopaulo\/wp-json\/wp\/v2\/media?parent=3761"}],"curies":[{"name":"wp","href":"https:\/\/api.w.org\/{rel}","templated":true}]}}