{"id":2948,"date":"2022-04-05T09:46:33","date_gmt":"2022-04-05T12:46:33","guid":{"rendered":"http:\/\/blog.cancaonova.com\/familiasnovas\/?page_id=2948"},"modified":"2025-01-21T16:30:21","modified_gmt":"2025-01-21T19:30:21","slug":"referencias-bibliograficas","status":"publish","type":"page","link":"https:\/\/blog.cancaonova.com\/saudesexualreprodutiva\/referencias-bibliograficas\/","title":{"rendered":"Livros"},"content":{"rendered":"<h2>Confira alguns livros para complementar<\/h2>\n<p style=\"text-align: center\">Livro: <a href=\"https:\/\/loja.cancaonova.com\/livro-gerar-vida-no-amor-com-responsabilidade\" target=\"_blank\" rel=\"noopener\">Gerar Vida no Amor com Responsabilidade<\/a><\/p>\n<p style=\"text-align: center\">&#8211; Autora: Fabiana Azambuja<\/p>\n<p><img loading=\"lazy\" decoding=\"async\" class=\"wp-image-2952 aligncenter\" src=\"http:\/\/blog.cancaonova.com\/familiasnovas\/files\/2022\/04\/153678845_850537435493391_4965169882154878236_n.jpg\" alt=\"\" width=\"292\" height=\"164\" srcset=\"https:\/\/blog.cancaonova.com\/saudesexualreprodutiva\/files\/2022\/04\/153678845_850537435493391_4965169882154878236_n.jpg 1080w, https:\/\/blog.cancaonova.com\/saudesexualreprodutiva\/files\/2022\/04\/153678845_850537435493391_4965169882154878236_n-300x169.jpg 300w, https:\/\/blog.cancaonova.com\/saudesexualreprodutiva\/files\/2022\/04\/153678845_850537435493391_4965169882154878236_n-768x432.jpg 768w, https:\/\/blog.cancaonova.com\/saudesexualreprodutiva\/files\/2022\/04\/153678845_850537435493391_4965169882154878236_n-384x216.jpg 384w, https:\/\/blog.cancaonova.com\/saudesexualreprodutiva\/files\/2022\/04\/153678845_850537435493391_4965169882154878236_n-512x288.jpg 512w, https:\/\/blog.cancaonova.com\/saudesexualreprodutiva\/files\/2022\/04\/153678845_850537435493391_4965169882154878236_n-1024x576.jpg 1024w\" sizes=\"(max-width: 292px) 100vw, 292px\" \/><\/p>\n<p style=\"text-align: center\">&#8212;&#8212;&#8212;&#8212;&#8212;&#8212;&#8212;&#8212;&#8212;&#8212;&#8212;&#8212;&#8212;&#8212;&#8212;&#8212;&#8212;&#8212;&#8212;&#8212;&#8211;<\/p>\n<p style=\"text-align: center\">Livro: <a href=\"https:\/\/loja.cancaonova.com\/livro-toma-o-teu-leito-e-anda\" target=\"_blank\" rel=\"noopener\">Toma o teu leito e anda<\/a><\/p>\n<p style=\"text-align: center\">&#8211; Autor: Pe. Rafael Solano<\/p>\n<p><img loading=\"lazy\" decoding=\"async\" class=\" wp-image-2954 aligncenter\" src=\"http:\/\/blog.cancaonova.com\/familiasnovas\/files\/2022\/04\/418gANjUDpL.jpg\" alt=\"\" width=\"166\" height=\"238\" srcset=\"https:\/\/blog.cancaonova.com\/saudesexualreprodutiva\/files\/2022\/04\/418gANjUDpL.jpg 348w, https:\/\/blog.cancaonova.com\/saudesexualreprodutiva\/files\/2022\/04\/418gANjUDpL-209x300.jpg 209w\" sizes=\"(max-width: 166px) 100vw, 166px\" \/><\/p>\n<p style=\"text-align: center\">&#8212;&#8212;&#8212;&#8212;&#8212;&#8212;&#8212;&#8212;&#8212;&#8212;&#8212;&#8212;&#8212;&#8212;&#8212;&#8212;&#8212;&#8212;&#8212;&#8212;&#8211;<\/p>\n<p style=\"text-align: center\">Livro:\u00a0<a href=\"https:\/\/loja.cancaonova.com\/livro-senhor-n-o-tenho-ninguem\" target=\"_blank\" rel=\"noopener\">Senhor, N\u00e3o Tenho Ningu\u00e9m <\/a><\/p>\n<p style=\"text-align: center\">&#8211; Autor: Pe. Rafael Solano<\/p>\n<p><img loading=\"lazy\" decoding=\"async\" class=\"wp-image-2955 aligncenter\" src=\"http:\/\/blog.cancaonova.com\/familiasnovas\/files\/2022\/04\/formacao_senhor_na_o_tenho_ningue_m.png\" alt=\"\" width=\"264\" height=\"264\" srcset=\"https:\/\/blog.cancaonova.com\/saudesexualreprodutiva\/files\/2022\/04\/formacao_senhor_na_o_tenho_ningue_m.png 1200w, https:\/\/blog.cancaonova.com\/saudesexualreprodutiva\/files\/2022\/04\/formacao_senhor_na_o_tenho_ningue_m-150x150.png 150w, https:\/\/blog.cancaonova.com\/saudesexualreprodutiva\/files\/2022\/04\/formacao_senhor_na_o_tenho_ningue_m-300x300.png 300w, https:\/\/blog.cancaonova.com\/saudesexualreprodutiva\/files\/2022\/04\/formacao_senhor_na_o_tenho_ningue_m-768x768.png 768w, https:\/\/blog.cancaonova.com\/saudesexualreprodutiva\/files\/2022\/04\/formacao_senhor_na_o_tenho_ningue_m-144x144.png 144w\" sizes=\"(max-width: 264px) 100vw, 264px\" \/><\/p>\n<p style=\"text-align: center\">&#8212;&#8212;&#8212;&#8212;&#8212;&#8212;&#8212;&#8212;&#8212;&#8212;&#8212;&#8212;&#8212;&#8212;&#8212;&#8212;&#8212;&#8212;&#8212;&#8212;&#8211;<\/p>\n<p style=\"text-align: center\">Livro:\u00a0<a href=\"https:\/\/loja.cancaonova.com\/livro-aquele-que-me-curou-senhor-n-o-tenho-ninguem\" target=\"_blank\" rel=\"noopener\">Aquele que me Curou<\/a><\/p>\n<p style=\"text-align: center\">&#8211; Autor: Pe. Rafael Solano<\/p>\n<p><img loading=\"lazy\" decoding=\"async\" class=\"wp-image-2966 aligncenter\" src=\"http:\/\/blog.cancaonova.com\/familiasnovas\/files\/2022\/04\/Design-sem-nome.png\" alt=\"\" width=\"214\" height=\"303\" srcset=\"https:\/\/blog.cancaonova.com\/saudesexualreprodutiva\/files\/2022\/04\/Design-sem-nome.png 1414w, https:\/\/blog.cancaonova.com\/saudesexualreprodutiva\/files\/2022\/04\/Design-sem-nome-212x300.png 212w, https:\/\/blog.cancaonova.com\/saudesexualreprodutiva\/files\/2022\/04\/Design-sem-nome-768x1086.png 768w\" sizes=\"(max-width: 214px) 100vw, 214px\" \/><\/p>\n<p>Adquira a cole\u00e7\u00e3o completa por clicando <a href=\"https:\/\/loja.cancaonova.com\/kit-senhor-n-o-tenho-ninguem\" target=\"_blank\" rel=\"noopener\">aqui<\/a>!<\/p>\n<p style=\"text-align: center\">&#8212;&#8212;&#8212;&#8212;&#8212;&#8212;&#8212;&#8212;&#8212;&#8212;&#8212;&#8212;&#8212;&#8212;&#8212;&#8212;&#8212;&#8212;&#8212;&#8212;&#8211;<\/p>\n<p style=\"text-align: center\">Livro: <a href=\"https:\/\/www.amazon.com.br\/Cura-das-Feridas-Sexuais-ebook\/dp\/B06X9DNM3D\" target=\"_blank\" rel=\"noopener\">A Cura das Feridas Sexuais<\/a><\/p>\n<p style=\"text-align: center\">&#8211; Autor: Pe. Rafael Solano<\/p>\n<p><img loading=\"lazy\" decoding=\"async\" class=\" wp-image-2967 aligncenter\" src=\"http:\/\/blog.cancaonova.com\/familiasnovas\/files\/2022\/04\/51F4hawT8L.jpg\" alt=\"\" width=\"201\" height=\"321\" srcset=\"https:\/\/blog.cancaonova.com\/saudesexualreprodutiva\/files\/2022\/04\/51F4hawT8L.jpg 313w, https:\/\/blog.cancaonova.com\/saudesexualreprodutiva\/files\/2022\/04\/51F4hawT8L-188x300.jpg 188w\" sizes=\"(max-width: 201px) 100vw, 201px\" \/><\/p>\n<p style=\"text-align: center\">&#8212;&#8212;&#8212;&#8212;&#8212;&#8212;&#8212;&#8212;&#8212;&#8212;&#8212;&#8212;&#8212;&#8212;&#8212;&#8212;&#8212;&#8212;&#8212;&#8212;&#8211;<\/p>\n<p style=\"text-align: center\">Livro:\u00a0<a href=\"https:\/\/www.amazon.com.br\/Ideologia-g%C3%AAnero-crise-identidade-sexual-ebook\/dp\/B01GS9P1E6\" target=\"_blank\" rel=\"noopener\">Ideologia de g\u00eanero: E a crise de identidade sexual<\/a><\/p>\n<p style=\"text-align: center\">&#8211; Autor: Pe. Rafael Solano<\/p>\n<p><img loading=\"lazy\" decoding=\"async\" class=\"wp-image-2968 aligncenter\" src=\"http:\/\/blog.cancaonova.com\/familiasnovas\/files\/2022\/04\/41XnX5F1Q1L.jpg\" alt=\"\" width=\"216\" height=\"325\" srcset=\"https:\/\/blog.cancaonova.com\/saudesexualreprodutiva\/files\/2022\/04\/41XnX5F1Q1L.jpg 333w, https:\/\/blog.cancaonova.com\/saudesexualreprodutiva\/files\/2022\/04\/41XnX5F1Q1L-200x300.jpg 200w\" sizes=\"(max-width: 216px) 100vw, 216px\" \/><\/p>\n<p style=\"text-align: center\">&#8212;&#8212;&#8212;&#8212;&#8212;&#8212;&#8212;&#8212;&#8212;&#8212;&#8212;&#8212;&#8212;&#8212;&#8212;&#8212;&#8212;&#8212;&#8212;&#8212;&#8211;<\/p>\n<p style=\"text-align: center\">Livro:\u00a0<a href=\"https:\/\/www.amazon.com.br\/Fam%C3%ADlia-Novo-Sinal-dos-Tempos\/dp\/8576774135\" target=\"_blank\" rel=\"noopener\">Fam\u00edlia: novo sinal dos tempos <\/a><\/p>\n<p style=\"text-align: center\">&#8211; Autor: Pe. Rafael Solano<\/p>\n<p><img loading=\"lazy\" decoding=\"async\" class=\"wp-image-2969 aligncenter\" src=\"http:\/\/blog.cancaonova.com\/familiasnovas\/files\/2022\/04\/51zaXslmvHL._SX311_BO1204203200_.jpg\" alt=\"\" width=\"200\" height=\"319\" srcset=\"https:\/\/blog.cancaonova.com\/saudesexualreprodutiva\/files\/2022\/04\/51zaXslmvHL._SX311_BO1204203200_.jpg 313w, https:\/\/blog.cancaonova.com\/saudesexualreprodutiva\/files\/2022\/04\/51zaXslmvHL._SX311_BO1204203200_-188x300.jpg 188w\" sizes=\"(max-width: 200px) 100vw, 200px\" \/><\/p>\n<p style=\"text-align: center\">&#8212;&#8212;&#8212;&#8212;&#8212;&#8212;&#8212;&#8212;&#8212;&#8212;&#8212;&#8212;&#8212;&#8212;&#8212;&#8212;&#8212;&#8212;&#8212;&#8212;&#8211;<\/p>\n<p style=\"text-align: center\">Livro:\u00a0<a href=\"https:\/\/www.amazon.com.br\/Para-amar-amado-Pilar-Vigil-ebook\/dp\/B01DJN7IUY\" target=\"_blank\" rel=\"noopener\">Para amar e ser amado <\/a><\/p>\n<p style=\"text-align: center\">&#8211; Autor: Pilar Vigil<\/p>\n<p><img loading=\"lazy\" decoding=\"async\" class=\" wp-image-2970 aligncenter\" src=\"http:\/\/blog.cancaonova.com\/familiasnovas\/files\/2022\/04\/51TwurQq6sL.jpg\" alt=\"\" width=\"199\" height=\"299\" srcset=\"https:\/\/blog.cancaonova.com\/saudesexualreprodutiva\/files\/2022\/04\/51TwurQq6sL.jpg 333w, https:\/\/blog.cancaonova.com\/saudesexualreprodutiva\/files\/2022\/04\/51TwurQq6sL-200x300.jpg 200w\" sizes=\"(max-width: 199px) 100vw, 199px\" \/><\/p>\n<p style=\"text-align: center\">&#8212;&#8212;&#8212;&#8212;&#8212;&#8212;&#8212;&#8212;&#8212;&#8212;&#8212;&#8212;&#8212;&#8212;&#8212;&#8212;&#8212;&#8212;&#8212;&#8212;&#8211;<\/p>\n<p style=\"text-align: center\">Livro:\u00a0<a href=\"https:\/\/www.amazon.com.br\/Estudo-sobre-Reprodu%C3%A7%C3%A3o-Humana-James-ebook\/dp\/B01LYGP4AH\" target=\"_blank\" rel=\"noopener\">Estudo sobre a Reprodu\u00e7\u00e3o Humana <\/a><\/p>\n<p style=\"text-align: center\">&#8211; Autor: James B. Brown<\/p>\n<p><img loading=\"lazy\" decoding=\"async\" class=\"wp-image-2971 aligncenter\" src=\"http:\/\/blog.cancaonova.com\/familiasnovas\/files\/2022\/04\/41ysiDmQmHL.jpg\" alt=\"\" width=\"213\" height=\"324\" srcset=\"https:\/\/blog.cancaonova.com\/saudesexualreprodutiva\/files\/2022\/04\/41ysiDmQmHL.jpg 329w, https:\/\/blog.cancaonova.com\/saudesexualreprodutiva\/files\/2022\/04\/41ysiDmQmHL-197x300.jpg 197w\" sizes=\"(max-width: 213px) 100vw, 213px\" \/><\/p>\n<ul>\n<li>Para comprar os livros \u00e9 s\u00f3 clicar nos links dos t\u00edtulos.<\/li>\n<\/ul>\n","protected":false},"excerpt":{"rendered":"<p>Confira alguns livros para complementar Livro: Gerar Vida no Amor com Responsabilidade &#8211; Autora: Fabiana Azambuja &#8212;&#8212;&#8212;&#8212;&#8212;&#8212;&#8212;&#8212;&#8212;&#8212;&#8212;&#8212;&#8212;&#8212;&#8212;&#8212;&#8212;&#8212;&#8212;&#8212;&#8211; Livro: Toma o teu leito e anda &#8211; Autor: Pe. Rafael Solano &#8212;&#8212;&#8212;&#8212;&#8212;&#8212;&#8212;&#8212;&#8212;&#8212;&#8212;&#8212;&#8212;&#8212;&#8212;&#8212;&#8212;&#8212;&#8212;&#8212;&#8211; Livro:\u00a0Senhor, N\u00e3o Tenho Ningu\u00e9m &#8211; Autor: Pe. Rafael Solano &#8212;&#8212;&#8212;&#8212;&#8212;&#8212;&#8212;&#8212;&#8212;&#8212;&#8212;&#8212;&#8212;&#8212;&#8212;&#8212;&#8212;&#8212;&#8212;&#8212;&#8211;&#8230;<\/p>\n","protected":false},"author":4475,"featured_media":0,"parent":0,"menu_order":0,"comment_status":"closed","ping_status":"closed","template":"","meta":{"_mi_skip_tracking":false,"_monsterinsights_sitenote_active":false,"_monsterinsights_sitenote_note":"","_monsterinsights_sitenote_category":0,"footnotes":""},"_links":{"self":[{"href":"https:\/\/blog.cancaonova.com\/saudesexualreprodutiva\/wp-json\/wp\/v2\/pages\/2948"}],"collection":[{"href":"https:\/\/blog.cancaonova.com\/saudesexualreprodutiva\/wp-json\/wp\/v2\/pages"}],"about":[{"href":"https:\/\/blog.cancaonova.com\/saudesexualreprodutiva\/wp-json\/wp\/v2\/types\/page"}],"author":[{"embeddable":true,"href":"https:\/\/blog.cancaonova.com\/saudesexualreprodutiva\/wp-json\/wp\/v2\/users\/4475"}],"replies":[{"embeddable":true,"href":"https:\/\/blog.cancaonova.com\/saudesexualreprodutiva\/wp-json\/wp\/v2\/comments?post=2948"}],"version-history":[{"count":6,"href":"https:\/\/blog.cancaonova.com\/saudesexualreprodutiva\/wp-json\/wp\/v2\/pages\/2948\/revisions"}],"predecessor-version":[{"id":3653,"href":"https:\/\/blog.cancaonova.com\/saudesexualreprodutiva\/wp-json\/wp\/v2\/pages\/2948\/revisions\/3653"}],"wp:attachment":[{"href":"https:\/\/blog.cancaonova.com\/saudesexualreprodutiva\/wp-json\/wp\/v2\/media?parent=2948"}],"curies":[{"name":"wp","href":"https:\/\/api.w.org\/{rel}","templated":true}]}}