{"id":3322,"date":"2023-01-16T16:09:10","date_gmt":"2023-01-16T19:09:10","guid":{"rendered":"http:\/\/blog.cancaonova.com\/familiasnovas\/?page_id=3322"},"modified":"2025-01-22T16:31:03","modified_gmt":"2025-01-22T19:31:03","slug":"perguntas-frequentes","status":"publish","type":"page","link":"https:\/\/blog.cancaonova.com\/saudesexualreprodutiva\/perguntas-frequentes\/","title":{"rendered":"PERGUNTAS FREQUENTES"},"content":{"rendered":"<ul>\n<li><span style=\"color: #000000\"><a style=\"color: #000000\" href=\"https:\/\/blog.cancaonova.com\/saudesexualreprodutiva\/metodo-de-ovulacao-billings\/entenda-o-metodo-de-ovulacao-billings-e-a-importancia-do-instrutor-2\/\">O que \u00e9 o M\u00e9todo de Ovula\u00e7\u00e3o Billings<\/a><a style=\"color: #000000\" href=\"https:\/\/blog.cancaonova.com\/saudesexualreprodutiva\/metodo-de-ovulacao-billings\/mitos-e-verdades-sobre-ovulacao\/\">\u00ae<\/a><a style=\"color: #000000\" href=\"https:\/\/blog.cancaonova.com\/saudesexualreprodutiva\/metodo-de-ovulacao-billings\/entenda-o-metodo-de-ovulacao-billings-e-a-importancia-do-instrutor-2\/\">?<\/a><\/span><\/li>\n<li><span style=\"color: #000000\"><a style=\"color: #000000\" href=\"https:\/\/blog.cancaonova.com\/saudesexualreprodutiva\/metodo-de-ovulacao-billings\/entenda-o-metodo-de-ovulacao-e-o-papel-do-instrutor\/\">Como o M\u00e9todo <\/a><a style=\"color: #000000\" href=\"https:\/\/blog.cancaonova.com\/saudesexualreprodutiva\/metodo-de-ovulacao-billings\/entenda-o-metodo-de-ovulacao-billings-e-a-importancia-do-instrutor-2\/\">de Ovula\u00e7\u00e3o Billings<\/a><a style=\"color: #000000\" href=\"https:\/\/blog.cancaonova.com\/saudesexualreprodutiva\/metodo-de-ovulacao-billings\/mitos-e-verdades-sobre-ovulacao\/\">\u00ae<\/a><a style=\"color: #000000\" href=\"https:\/\/blog.cancaonova.com\/saudesexualreprodutiva\/metodo-de-ovulacao-billings\/entenda-o-metodo-de-ovulacao-e-o-papel-do-instrutor\/\"> funciona?<\/a><\/span><\/li>\n<li><span style=\"color: #000000\"><a style=\"color: #000000\" href=\"https:\/\/blog.cancaonova.com\/saudesexualreprodutiva\/formacoes\/formacao-de-instrutores-metodo-billings\/\">Como fa\u00e7o para ser Instrutor do M\u00e9todo <\/a><a style=\"color: #000000\" href=\"https:\/\/blog.cancaonova.com\/saudesexualreprodutiva\/metodo-de-ovulacao-billings\/entenda-o-metodo-de-ovulacao-billings-e-a-importancia-do-instrutor-2\/\">de Ovula\u00e7\u00e3o Billings<\/a><a style=\"color: #000000\" href=\"https:\/\/blog.cancaonova.com\/saudesexualreprodutiva\/metodo-de-ovulacao-billings\/mitos-e-verdades-sobre-ovulacao\/\">\u00ae<\/a><a style=\"color: #000000\" href=\"https:\/\/blog.cancaonova.com\/saudesexualreprodutiva\/formacoes\/formacao-de-instrutores-metodo-billings\/\"> (MOB) ?<\/a><\/span><\/li>\n<li><span style=\"color: #000000\"><a style=\"color: #000000\" href=\"https:\/\/blog.cancaonova.com\/saudesexualreprodutiva\/metodo-de-ovulacao-billings\/mitos-e-verdades-sobre-ovulacao\/\">O M\u00e9todo de Ovula\u00e7\u00e3o Billings \u00ae \u00e9 um aperfei\u00e7oamento da tabelinha?<\/a><\/span><\/li>\n<li style=\"text-align: justify\"><span style=\"color: #000000\"><a style=\"color: #000000\" href=\"https:\/\/blog.cancaonova.com\/saudesexualreprodutiva\/metodo-de-ovulacao-billings\/metodo-de-ovulacao-billings-e-a-tpm\/\">M\u00e9todo de Ovula\u00e7\u00e3o Billings <\/a><a style=\"color: #000000\" href=\"https:\/\/blog.cancaonova.com\/saudesexualreprodutiva\/metodo-de-ovulacao-billings\/mitos-e-verdades-sobre-ovulacao\/\">\u00ae<\/a><a style=\"color: #000000\" href=\"https:\/\/blog.cancaonova.com\/saudesexualreprodutiva\/metodo-de-ovulacao-billings\/metodo-de-ovulacao-billings-e-a-tpm\/\">\u00a0me ajuda viver melhor a TPM?<\/a><\/span><\/li>\n<li><\/li>\n<\/ul>\n<h4><\/h4>\n","protected":false},"excerpt":{"rendered":"<p>O que \u00e9 o M\u00e9todo de Ovula\u00e7\u00e3o Billings\u00ae? Como o M\u00e9todo de Ovula\u00e7\u00e3o Billings\u00ae funciona? Como fa\u00e7o para ser Instrutor do M\u00e9todo de Ovula\u00e7\u00e3o Billings\u00ae (MOB) ? O M\u00e9todo de Ovula\u00e7\u00e3o Billings \u00ae \u00e9 um aperfei\u00e7oamento da tabelinha? M\u00e9todo de&#8230;<\/p>\n","protected":false},"author":4475,"featured_media":0,"parent":0,"menu_order":0,"comment_status":"closed","ping_status":"closed","template":"","meta":{"_mi_skip_tracking":false,"_monsterinsights_sitenote_active":false,"_monsterinsights_sitenote_note":"","_monsterinsights_sitenote_category":0,"footnotes":""},"_links":{"self":[{"href":"https:\/\/blog.cancaonova.com\/saudesexualreprodutiva\/wp-json\/wp\/v2\/pages\/3322"}],"collection":[{"href":"https:\/\/blog.cancaonova.com\/saudesexualreprodutiva\/wp-json\/wp\/v2\/pages"}],"about":[{"href":"https:\/\/blog.cancaonova.com\/saudesexualreprodutiva\/wp-json\/wp\/v2\/types\/page"}],"author":[{"embeddable":true,"href":"https:\/\/blog.cancaonova.com\/saudesexualreprodutiva\/wp-json\/wp\/v2\/users\/4475"}],"replies":[{"embeddable":true,"href":"https:\/\/blog.cancaonova.com\/saudesexualreprodutiva\/wp-json\/wp\/v2\/comments?post=3322"}],"version-history":[{"count":12,"href":"https:\/\/blog.cancaonova.com\/saudesexualreprodutiva\/wp-json\/wp\/v2\/pages\/3322\/revisions"}],"predecessor-version":[{"id":3674,"href":"https:\/\/blog.cancaonova.com\/saudesexualreprodutiva\/wp-json\/wp\/v2\/pages\/3322\/revisions\/3674"}],"wp:attachment":[{"href":"https:\/\/blog.cancaonova.com\/saudesexualreprodutiva\/wp-json\/wp\/v2\/media?parent=3322"}],"curies":[{"name":"wp","href":"https:\/\/api.w.org\/{rel}","templated":true}]}}