{"id":3362,"date":"2023-01-27T15:14:41","date_gmt":"2023-01-27T18:14:41","guid":{"rendered":"http:\/\/blog.cancaonova.com\/familiasnovas\/?page_id=3362"},"modified":"2025-01-23T14:20:06","modified_gmt":"2025-01-23T17:20:06","slug":"atendimento-contatos-familias-novas","status":"publish","type":"page","link":"https:\/\/blog.cancaonova.com\/saudesexualreprodutiva\/atendimento-contatos-familias-novas\/","title":{"rendered":"Atendimentos"},"content":{"rendered":"<p style=\"text-align: justify\">O Centro de Aten\u00e7\u00e3o Sa\u00fade Sexual atende homens, mulheres, crian\u00e7as e adolescentes em todo territ\u00f3rio Nacional e Internacional, com atendimentos gratuitos presenciais ou <em>on-line<\/em>. Esses atendimentos s\u00e3o realizados por Instrutoras qualificadas que oferecem acolhimento, esclarecimento de d\u00favidas e inseguran\u00e7as, tendo assist\u00eancia de no m\u00ednimo 6 meses.\u00a0 Os agendamentos de consulta, acontecem mediante a encaminhamentos de multiprofissionais, tais como: Assistentes Sociais, Enfermeiros, M\u00e9dicos, Nutricionistas, Psic\u00f3logos e at\u00e9 mesmo familiares que j\u00e1 possuem o conhecimento deste M\u00e9todo e recebem acompanhamento, ou seja, qualquer pessoa que estiver interessada em cuidar da sa\u00fade reprodutiva do corpo, poder\u00e1 entrar em contato atrav\u00e9s das redes sociais, telefones, WhatsApp do setor ou ir pessoalmente ao Centro M\u00e9dico Padre Pio para o agendamento.<\/p>\n<p>&nbsp;<\/p>\n<h4>CONTATOS<\/h4>\n<p><strong>Centro de Aten\u00e7\u00e3o Sa\u00fade Sexual<\/strong><\/p>\n<p><span style=\"font-weight: 400\">Posto M\u00e9dico Padre Pio \u2013 Can\u00e7\u00e3o Nova<\/span><\/p>\n<p><span style=\"font-weight: 400\">Rua Sebasti\u00e3o Fortes, 200 \u2013 Vila Cacarro<\/span><\/p>\n<p><span style=\"font-weight: 400\">Cachoeira Paulista \u2013 SP<\/span><\/p>\n<p><span style=\"font-weight: 400\">CEP: 12630-000<\/span><\/p>\n<p><span style=\"font-weight: 400\">Fone: (12) 2122-9675<\/span><\/p>\n<p><span style=\"font-weight: 400\">Whatsapp: (12) 99135-7599<\/span><\/p>\n<p><span style=\"font-weight: 400\">Email: saudesexualreprodutiva@cancaonova.com<\/span><\/p>\n<p>&nbsp;<\/p>\n<h4>Nossas Redes Sociais<\/h4>\n<ul>\n<li>Instagram &#8211; <a href=\"https:\/\/www.instagram.com\/saudesexualcn\/\">@saudesexualcn<\/a><\/li>\n<li>Facebook &#8211; <a href=\"https:\/\/www.facebook.com\/familiasnovascn\">Centro de Aten\u00e7\u00e3o Sa\u00fade Sexual<\/a><\/li>\n<li>Twitter &#8211;\u00a0<a href=\"https:\/\/twitter.com\/centro_familias\">@centro_familias<\/a><\/li>\n<li>YouTube &#8211; <a href=\"https:\/\/www.youtube.com\/@saudesexualcn\">Sa\u00fade Sexual <\/a><\/li>\n<\/ul>\n<div class=\"_ab8w _ab94 _ab99 _ab9f _ab9k _ab9q _abb3 _abcm\"><\/div>\n","protected":false},"excerpt":{"rendered":"<p>O Centro de Aten\u00e7\u00e3o Sa\u00fade Sexual atende homens, mulheres, crian\u00e7as e adolescentes em todo territ\u00f3rio Nacional e Internacional, com atendimentos gratuitos presenciais ou on-line. Esses atendimentos s\u00e3o realizados por Instrutoras qualificadas que oferecem acolhimento, esclarecimento de d\u00favidas e inseguran\u00e7as, tendo&#8230;<\/p>\n","protected":false},"author":4475,"featured_media":0,"parent":0,"menu_order":0,"comment_status":"closed","ping_status":"closed","template":"","meta":{"_mi_skip_tracking":false,"_monsterinsights_sitenote_active":false,"_monsterinsights_sitenote_note":"","_monsterinsights_sitenote_category":0,"footnotes":""},"_links":{"self":[{"href":"https:\/\/blog.cancaonova.com\/saudesexualreprodutiva\/wp-json\/wp\/v2\/pages\/3362"}],"collection":[{"href":"https:\/\/blog.cancaonova.com\/saudesexualreprodutiva\/wp-json\/wp\/v2\/pages"}],"about":[{"href":"https:\/\/blog.cancaonova.com\/saudesexualreprodutiva\/wp-json\/wp\/v2\/types\/page"}],"author":[{"embeddable":true,"href":"https:\/\/blog.cancaonova.com\/saudesexualreprodutiva\/wp-json\/wp\/v2\/users\/4475"}],"replies":[{"embeddable":true,"href":"https:\/\/blog.cancaonova.com\/saudesexualreprodutiva\/wp-json\/wp\/v2\/comments?post=3362"}],"version-history":[{"count":5,"href":"https:\/\/blog.cancaonova.com\/saudesexualreprodutiva\/wp-json\/wp\/v2\/pages\/3362\/revisions"}],"predecessor-version":[{"id":3692,"href":"https:\/\/blog.cancaonova.com\/saudesexualreprodutiva\/wp-json\/wp\/v2\/pages\/3362\/revisions\/3692"}],"wp:attachment":[{"href":"https:\/\/blog.cancaonova.com\/saudesexualreprodutiva\/wp-json\/wp\/v2\/media?parent=3362"}],"curies":[{"name":"wp","href":"https:\/\/api.w.org\/{rel}","templated":true}]}}