{"id":3547,"date":"2024-11-07T14:29:24","date_gmt":"2024-11-07T17:29:24","guid":{"rendered":"https:\/\/blog.cancaonova.com\/saudesexualreprodutiva\/?page_id=3547"},"modified":"2025-01-22T14:14:51","modified_gmt":"2025-01-22T17:14:51","slug":"historico","status":"publish","type":"page","link":"https:\/\/blog.cancaonova.com\/saudesexualreprodutiva\/historico\/","title":{"rendered":"Hist\u00f3rico"},"content":{"rendered":"<p>Inaugurado no dia 04 de novembro de 2009, com a presen\u00e7a da diretoras da Organiza\u00e7\u00e3o Mundial do M\u00e9todo de Ovula\u00e7\u00e3o Billings Woomb internacional, as australianas Marian Corkill e Marie Marshell, e diretoras do Cenplafam- Woomb Brasil, o Centro de Aten\u00e7\u00e3o Sa\u00fade Sexual , do Centro M\u00e9dico Padre Pio, \u00e9 um Centro de Ensino Especializado do M\u00e9todo de Ovula\u00e7\u00e3o Biliings.<\/p>\n<p>Trata-se de um dos servi\u00e7os de sa\u00fade oferecido pelo Centro M\u00e9dico Padre Pio, pertencente \u00e0 Funda\u00e7\u00e3o Jo\u00e3o Paulo II, localizado em Cachoeira Paulista, estado de S\u00e3o Paulo. Tem como prop\u00f3sito reeducar as pessoas, em uma redescoberta do valor e do significado da pr\u00f3pria sexualidade.<\/p>\n<p>Partindo dessa premissa, o Centro de Aten\u00e7\u00e3o Sa\u00fade Sexual comp\u00f5e-se de algumas classifica\u00e7\u00f5es de atendimento, sendo fragmentadas nas seguintes especifica\u00e7\u00f5es:<\/p>\n<p>\u2714 Conhecimento da Fertilidade<\/p>\n<p>\u2714 Espa\u00e7amento de Gravidez com ap\u00eandices: Amamenta\u00e7\u00e3o, P\u00f3s P\u00edlula e\u00a0 Pr\u00e9 Menopausa<\/p>\n<p>\u2714 Planejamento de Gravidez<\/p>\n<p>\u2714 Orienta\u00e7\u00e3o Familiar<\/p>\n<p>\u2714 Supervis\u00e3o de Est\u00e1gio<\/p>\n<p>No entanto, o acolhimento assistencial s\u00e3o devidos nas seguintes classifica\u00e7\u00f5es consideradas conv\u00eanio:<\/p>\n<p>Comunidade: Mission\u00e1rios de todo Territ\u00f3rio Nacional e Internacional.<br \/>\nFuncion\u00e1rios: Colaboradores da cidade-sede do complexo Can\u00e7\u00e3o Nova, se estendendo para os Munic\u00edpios Lim\u00edtrofes desta Regi\u00e3o (Vale do Para\u00edba).<br \/>\nGratuidade: Residentes de Cachoeira Paulista e Munic\u00edpios Lim\u00edtrofes desta Regi\u00e3o.<br \/>\nVisitantes: Residentes de todo Territ\u00f3rio Nacional e Internacional.<\/p>\n<p>O M\u00e9todo de Ovula\u00e7\u00e3o Billings, \u00e9 motivado pela sua efic\u00e1cia, atrelada com as especifica\u00e7\u00f5es cient\u00edficas, embasadas nos resultados positivos e a comprova\u00e7\u00e3o de sua efetividade nos resultados, identificando doen\u00e7as ginecol\u00f3gicas, problemas de ordem endocrinol\u00f3gica, metab\u00f3lica ou infec\u00e7\u00f5es, atrav\u00e9s de parcerias com profissionais especializados na \u00e1rea de sa\u00fade, assim contribuindo tamb\u00e9m no tratamento de outras doen\u00e7as como, altera\u00e7\u00f5es anat\u00f4micas, doen\u00e7as inflamat\u00f3rias p\u00e9lvicas e at\u00e9 neoplasias.<\/p>\n<p>&nbsp;<\/p>\n<p>CONTATOS<\/p>\n<p><strong>Centro de Aten\u00e7\u00e3o Sa\u00fade Sexual<\/strong><\/p>\n<p>Posto M\u00e9dico Padre Pio \u2013 Can\u00e7\u00e3o Nova<\/p>\n<p>Rua Sebasti\u00e3o Fortes, 200 \u2013 Vila Cacarro<\/p>\n<p>Cachoeira Paulista \u2013 SP<\/p>\n<p>CEP: 12630-000<\/p>\n<p>Fone: (12) 2122-9675<\/p>\n<p>Whatsapp: (12) 99135-7599<\/p>\n<p>Email: saudesexualreprodutiva@cancaonova.com<\/p>\n<p>&nbsp;<\/p>\n<p>Fabiana Azambuja &#8211; Coord. Centro de Aten\u00e7\u00e3o Sa\u00fade Sexual, Instrutora N\u00edvel III Billings- Woomb-Brasil.<\/p>\n","protected":false},"excerpt":{"rendered":"<p>Inaugurado no dia 04 de novembro de 2009, com a presen\u00e7a da diretoras da Organiza\u00e7\u00e3o Mundial do M\u00e9todo de Ovula\u00e7\u00e3o Billings Woomb internacional, as australianas Marian Corkill e Marie Marshell, e diretoras do Cenplafam- Woomb Brasil, o Centro de Aten\u00e7\u00e3o&#8230;<\/p>\n","protected":false},"author":4475,"featured_media":0,"parent":0,"menu_order":0,"comment_status":"closed","ping_status":"closed","template":"","meta":{"_mi_skip_tracking":false,"_monsterinsights_sitenote_active":false,"_monsterinsights_sitenote_note":"","_monsterinsights_sitenote_category":0,"footnotes":""},"_links":{"self":[{"href":"https:\/\/blog.cancaonova.com\/saudesexualreprodutiva\/wp-json\/wp\/v2\/pages\/3547"}],"collection":[{"href":"https:\/\/blog.cancaonova.com\/saudesexualreprodutiva\/wp-json\/wp\/v2\/pages"}],"about":[{"href":"https:\/\/blog.cancaonova.com\/saudesexualreprodutiva\/wp-json\/wp\/v2\/types\/page"}],"author":[{"embeddable":true,"href":"https:\/\/blog.cancaonova.com\/saudesexualreprodutiva\/wp-json\/wp\/v2\/users\/4475"}],"replies":[{"embeddable":true,"href":"https:\/\/blog.cancaonova.com\/saudesexualreprodutiva\/wp-json\/wp\/v2\/comments?post=3547"}],"version-history":[{"count":8,"href":"https:\/\/blog.cancaonova.com\/saudesexualreprodutiva\/wp-json\/wp\/v2\/pages\/3547\/revisions"}],"predecessor-version":[{"id":3671,"href":"https:\/\/blog.cancaonova.com\/saudesexualreprodutiva\/wp-json\/wp\/v2\/pages\/3547\/revisions\/3671"}],"wp:attachment":[{"href":"https:\/\/blog.cancaonova.com\/saudesexualreprodutiva\/wp-json\/wp\/v2\/media?parent=3547"}],"curies":[{"name":"wp","href":"https:\/\/api.w.org\/{rel}","templated":true}]}}