{"id":3582,"date":"2024-11-26T13:49:44","date_gmt":"2024-11-26T16:49:44","guid":{"rendered":"https:\/\/blog.cancaonova.com\/saudesexualreprodutiva\/?page_id=3582"},"modified":"2024-11-28T13:24:28","modified_gmt":"2024-11-28T16:24:28","slug":"noticias","status":"publish","type":"page","link":"https:\/\/blog.cancaonova.com\/saudesexualreprodutiva\/noticias\/","title":{"rendered":"NOT\u00cdCIAS"},"content":{"rendered":"<h2>S\u00e9rie M\u00e9todo Billings:<\/h2>\n<h4><a href=\"https:\/\/blog.cancaonova.com\/saudesexualreprodutiva\/2016\/01\/05\/1705\/\">1\u00b0- Voc\u00ea sabe o que \u00e9 M\u00e9todo de Ovula\u00e7\u00e3o Billings?\u00a0<\/a><\/h4>\n<h4><a href=\"https:\/\/blog.cancaonova.com\/saudesexualreprodutiva\/2016\/01\/22\/voce-quer-comecar-o-metodo-de-ovulacao-billings-hoje\/\">2\u00b0 &#8211; Voc\u00ea quer come\u00e7ar o M\u00e9todo de Ovula\u00e7\u00e3o Billings hoje?<\/a><\/h4>\n<h4><a href=\"https:\/\/blog.cancaonova.com\/saudesexualreprodutiva\/2016\/08\/24\/vantagens-para-os-casais-que-decidem-pelo-metodo-de-ovulacao-billings\/\">3\u00b0- Vantagens para os casais que optam pelo M\u00e9todo de Ovula\u00e7\u00e3o Billings<\/a><\/h4>\n<h4><a href=\"https:\/\/blog.cancaonova.com\/saudesexualreprodutiva\/2015\/11\/09\/toda-mulher-deve-ter-esse-conhecimento\/\">4\u00b0- Toda mulher deve ter esse conhecimento.\u00a0<\/a><\/h4>\n<p>&nbsp;<\/p>\n<p>&nbsp;<\/p>\n","protected":false},"excerpt":{"rendered":"<p>S\u00e9rie M\u00e9todo Billings: 1\u00b0- Voc\u00ea sabe o que \u00e9 M\u00e9todo de Ovula\u00e7\u00e3o Billings?\u00a0 2\u00b0 &#8211; Voc\u00ea quer come\u00e7ar o M\u00e9todo de Ovula\u00e7\u00e3o Billings hoje? 3\u00b0- Vantagens para os casais que optam pelo M\u00e9todo de Ovula\u00e7\u00e3o Billings 4\u00b0- Toda mulher deve&#8230;<\/p>\n","protected":false},"author":4811,"featured_media":0,"parent":0,"menu_order":0,"comment_status":"closed","ping_status":"closed","template":"","meta":{"_mi_skip_tracking":false,"_monsterinsights_sitenote_active":false,"_monsterinsights_sitenote_note":"","_monsterinsights_sitenote_category":0,"footnotes":""},"_links":{"self":[{"href":"https:\/\/blog.cancaonova.com\/saudesexualreprodutiva\/wp-json\/wp\/v2\/pages\/3582"}],"collection":[{"href":"https:\/\/blog.cancaonova.com\/saudesexualreprodutiva\/wp-json\/wp\/v2\/pages"}],"about":[{"href":"https:\/\/blog.cancaonova.com\/saudesexualreprodutiva\/wp-json\/wp\/v2\/types\/page"}],"author":[{"embeddable":true,"href":"https:\/\/blog.cancaonova.com\/saudesexualreprodutiva\/wp-json\/wp\/v2\/users\/4811"}],"replies":[{"embeddable":true,"href":"https:\/\/blog.cancaonova.com\/saudesexualreprodutiva\/wp-json\/wp\/v2\/comments?post=3582"}],"version-history":[{"count":7,"href":"https:\/\/blog.cancaonova.com\/saudesexualreprodutiva\/wp-json\/wp\/v2\/pages\/3582\/revisions"}],"predecessor-version":[{"id":3606,"href":"https:\/\/blog.cancaonova.com\/saudesexualreprodutiva\/wp-json\/wp\/v2\/pages\/3582\/revisions\/3606"}],"wp:attachment":[{"href":"https:\/\/blog.cancaonova.com\/saudesexualreprodutiva\/wp-json\/wp\/v2\/media?parent=3582"}],"curies":[{"name":"wp","href":"https:\/\/api.w.org\/{rel}","templated":true}]}}