{"id":11,"date":"2007-06-28T17:46:54","date_gmt":"2007-06-28T20:46:54","guid":{"rendered":""},"modified":"2020-07-21T13:25:30","modified_gmt":"2020-07-21T16:25:30","slug":"autor","status":"publish","type":"page","link":"https:\/\/blog.cancaonova.com\/semprefiel\/autor\/","title":{"rendered":"Nossa Miss\u00e3o \u00e9 Evangelizar! Prazer em conhecer voc\u00ea."},"content":{"rendered":"<p><img loading=\"lazy\" decoding=\"async\" class=\"alignleft\" src=\"http:\/\/blog.cancaonova.com\/semprefiel\/files\/2007\/06\/alex.JPG\" alt=\"\" width=\"177\" height=\"140\" align=\"right\"><\/p>\n<p style=\"text-align: center\"><strong>Nossa Miss\u00e3o \u00e9 Evangelizar! Conduzir voc\u00ea ao encontro com Jesus a partir da experi\u00eancia com o Esp\u00edrito Santo.<\/strong><\/p>\n<p style=\"text-align: justify\">Alex Silva, mission\u00e1rio da <a href=\"http:\/\/cancaonova.com\"><span style=\"color: #0000ff\">Can\u00e7\u00e3o Nova<\/span><\/a> desde 2001. Atualmente vivo na miss\u00e3o de Cachoeira Paulista\/SP<strong>.<\/strong> Atuei por 13 anos diretamente na TV como cinegrafista, editor de imagens, diretor de TV, tive a oportunidade de atuar na&nbsp;<a href=\"https:\/\/www.facebook.com\/cenografiaCN\/info\"><span style=\"color: #0000ff\">cenografia<\/span><\/a>&nbsp;da TV por quatro anos. Hoje minha atua\u00e7\u00e3o acontece no N\u00facleo de Comunica\u00e7\u00e3o da Miss\u00e3o Can\u00e7\u00e3o Nova Cuiab\u00e1, o canal da <a href=\"http:\/\/tv.cancaonova.com\"><span style=\"color: #0000ff\">TV Can\u00e7\u00e3o Nova<\/span><\/a> \u00e9 53.1.<\/p>\n<p style=\"text-align: justify\">Conheci a Can\u00e7\u00e3o Nova quando chegou em <a href=\"http:\/\/blog.cancaonova.com\/aracaju\"><span style=\"color: #0000ff\">Aracaju<\/span><\/a> no 2\u00ba semestre de 1998, quando tamb\u00e9m foi adquirida a geradora e deu-se in\u00edcio ao grande projeto de evangeliza\u00e7\u00e3o: &#8220;<a href=\"https:\/\/comunidade.cancaonova.com\/quem-somos\/como-nascemos\/\"><span style=\"color: #0000ff\">Dai-me Almas<\/span><\/a>&#8220;.<\/p>\n<p style=\"text-align: justify\">Reencontrei Jesus e seu amor, retomando meu caminho de santidade, a partir do meu encontro pessoal com Jesus e o batismo no Esp\u00edrito Santo no ano de 1997. Exatamente no ano de 1999 comecei o meu caminho vocacional com a Can\u00e7\u00e3o Nova e dois anos depois entrei para o tempo de forma\u00e7\u00e3o (Noviciado) em <a href=\"https:\/\/blog.cancaonova.com\/lavrinhas\/\"><span style=\"color: #0000ff\">Lavrinhas\/SP<\/span><\/a>.<\/p>\n<p style=\"text-align: justify\">No m\u00eas de setembro do mesmo ano fui enviado para a miss\u00e3o que est\u00e1vamos abrindo na cidade de <a href=\"http:\/\/blog.cancaonova.com\/fortaleza\/casa-de-missao-sao-jose\/historico-da-casa-de-missao-fortaleza\/\"><span style=\"color: #0000ff\">Fortaleza\/CE<\/span><\/a>, onde vivi dois anos. No 2\u00ba semestre de 2003 fui enviado para a miss\u00e3o de <a href=\"http:\/\/blog.cancaonova.com\/saopaulo\/historia\/\"><span style=\"color: #0000ff\">S\u00e3o Paulo\/SP<\/span><\/a> e em janeiro de 2005 fui enviado para a miss\u00e3o de <a href=\"http:\/\/www.comunidade.cancaonova.pt\/?page_id=314\"><span style=\"color: #0000ff\">Portugal<\/span><\/a> onde fiquei por quatro anos retornando ao Brasil em dezembro de 2009. Nesse tempo em terras brasileiras vivi na miss\u00e3o de <a href=\"https:\/\/blog.cancaonova.com\/aracaju\/\"><span style=\"color: #0000ff\">Aracaju\/SE<\/span><\/a>, <a href=\"http:\/\/blog.cancaonova.com\/riodejaneiro\/quem-somos\/\"><span style=\"color: #0000ff\">Rio de Janeiro\/RJ<\/span><\/a>, Cachoeira Paulista,&nbsp;<a href=\"http:\/\/saopaulo.cancaonova.com\"><span style=\"color: #0000ff\">S\u00e3o Paulo\/SP<\/span><\/a>&nbsp;pela segunda vez,&nbsp;<a href=\"http:\/\/cuiaba.cancaonova.com\"><span style=\"color: #0000ff\">Miss\u00e3o de Cuiab\u00e1\/MT<\/span><\/a>&nbsp;e atualmente resido na Miss\u00e3o de Cachoeira Paulista\/SP.<\/p>\n<p>Sou muito feliz e vivo minha voca\u00e7\u00e3o e miss\u00e3o na expectativa da Vinda Gloriosa de Jesus, causa essa que esta diretamente ligada ao nosso Carisma: &#8220;Preparar um povo bem disposto para a Segunda Vinda de Nosso Senhor Jesus Cristo&#8221;.<br \/>\nMuito obrigado por voc\u00ea que intercede por n\u00f3s e contribui para que o Carisma Can\u00e7\u00e3o Nova realize sua miss\u00e3o.&nbsp;<\/p>\n<p style=\"text-align: justify\">Foi um prazer ter esse primeiro contato com voc\u00ea!<\/p>\n<p style=\"text-align: justify\">Entre em contato, deixe suas observa\u00e7\u00f5es e sugest\u00f5es.<\/p>\n<p>Nos encontramos nas redes sociais:<\/p>\n<p><a href=\"https:\/\/www.youtube.com\/channel\/UCH7WVi7m1LKsdUJopsI4k4g\" target=\"_blank\" rel=\"noopener\"><img loading=\"lazy\" decoding=\"async\" class=\"alignleft wp-image-8078\" src=\"http:\/\/blog.cancaonova.com\/semprefiel\/files\/2007\/06\/ICONES-21-150x150.jpg\" alt=\"\" width=\"50\" height=\"50\" srcset=\"https:\/\/blog.cancaonova.com\/semprefiel\/files\/2007\/06\/ICONES-21-150x150.jpg 150w, https:\/\/blog.cancaonova.com\/semprefiel\/files\/2007\/06\/ICONES-21-300x300.jpg 300w, https:\/\/blog.cancaonova.com\/semprefiel\/files\/2007\/06\/ICONES-21-768x768.jpg 768w\" sizes=\"(max-width: 50px) 100vw, 50px\" \/><\/a><\/p>\n<p><a href=\"https:\/\/twitter.com\/ax_cn\" target=\"_blank\" rel=\"noopener\"><img loading=\"lazy\" decoding=\"async\" class=\"alignleft wp-image-8079\" src=\"http:\/\/blog.cancaonova.com\/semprefiel\/files\/2007\/06\/ICONES-22-150x150.jpg\" alt=\"\" width=\"50\" height=\"50\" srcset=\"https:\/\/blog.cancaonova.com\/semprefiel\/files\/2007\/06\/ICONES-22-150x150.jpg 150w, https:\/\/blog.cancaonova.com\/semprefiel\/files\/2007\/06\/ICONES-22-300x300.jpg 300w, https:\/\/blog.cancaonova.com\/semprefiel\/files\/2007\/06\/ICONES-22-768x768.jpg 768w\" sizes=\"(max-width: 50px) 100vw, 50px\" \/><\/a><\/p>\n<p><a href=\"https:\/\/instagram.com\/ax_cn\" target=\"_blank\" rel=\"noopener\"><img loading=\"lazy\" decoding=\"async\" class=\"alignleft wp-image-8080\" src=\"http:\/\/blog.cancaonova.com\/semprefiel\/files\/2007\/06\/ICONES-23-150x150.jpg\" alt=\"\" width=\"50\" height=\"50\" srcset=\"https:\/\/blog.cancaonova.com\/semprefiel\/files\/2007\/06\/ICONES-23-150x150.jpg 150w, https:\/\/blog.cancaonova.com\/semprefiel\/files\/2007\/06\/ICONES-23-300x300.jpg 300w, https:\/\/blog.cancaonova.com\/semprefiel\/files\/2007\/06\/ICONES-23-768x768.jpg 768w\" sizes=\"(max-width: 50px) 100vw, 50px\" \/><\/a><\/p>\n<p>&nbsp;<\/p>\n<p>&nbsp;<\/p>\n<p>&nbsp;<\/p>\n<p style=\"text-align: justify\">Deusben\u00e7oe muito!<\/p>\n","protected":false},"excerpt":{"rendered":"<p>Nossa Miss\u00e3o \u00e9 Evangelizar! Conduzir voc\u00ea ao encontro com Jesus a partir da experi\u00eancia com o Esp\u00edrito Santo. Alex Silva, mission\u00e1rio da Can\u00e7\u00e3o Nova desde 2001. Atualmente vivo na miss\u00e3o de Cachoeira Paulista\/SP. Atuei por 13 anos diretamente na TV&#8230;<\/p>\n","protected":false},"author":1031,"featured_media":0,"parent":0,"menu_order":0,"comment_status":"closed","ping_status":"closed","template":"","meta":{"_mi_skip_tracking":false,"_monsterinsights_sitenote_active":false,"_monsterinsights_sitenote_note":"","_monsterinsights_sitenote_category":0,"footnotes":""},"_links":{"self":[{"href":"https:\/\/blog.cancaonova.com\/semprefiel\/wp-json\/wp\/v2\/pages\/11"}],"collection":[{"href":"https:\/\/blog.cancaonova.com\/semprefiel\/wp-json\/wp\/v2\/pages"}],"about":[{"href":"https:\/\/blog.cancaonova.com\/semprefiel\/wp-json\/wp\/v2\/types\/page"}],"author":[{"embeddable":true,"href":"https:\/\/blog.cancaonova.com\/semprefiel\/wp-json\/wp\/v2\/users\/1031"}],"replies":[{"embeddable":true,"href":"https:\/\/blog.cancaonova.com\/semprefiel\/wp-json\/wp\/v2\/comments?post=11"}],"version-history":[{"count":42,"href":"https:\/\/blog.cancaonova.com\/semprefiel\/wp-json\/wp\/v2\/pages\/11\/revisions"}],"predecessor-version":[{"id":8402,"href":"https:\/\/blog.cancaonova.com\/semprefiel\/wp-json\/wp\/v2\/pages\/11\/revisions\/8402"}],"wp:attachment":[{"href":"https:\/\/blog.cancaonova.com\/semprefiel\/wp-json\/wp\/v2\/media?parent=11"}],"curies":[{"name":"wp","href":"https:\/\/api.w.org\/{rel}","templated":true}]}}