{"id":8483,"date":"2020-11-09T16:21:20","date_gmt":"2020-11-09T19:21:20","guid":{"rendered":"http:\/\/blog.cancaonova.com\/semprefiel\/?page_id=8483"},"modified":"2024-04-30T13:38:08","modified_gmt":"2024-04-30T16:38:08","slug":"trincheiras-de-oracao-nas-fronteiras","status":"publish","type":"page","link":"https:\/\/blog.cancaonova.com\/semprefiel\/trincheiras-de-oracao-nas-fronteiras\/","title":{"rendered":"Trincheiras de Ora\u00e7\u00e3o nas Fronteiras"},"content":{"rendered":"<p style=\"text-align: center;\"><strong>Projeto Trincheiras de Ora\u00e7\u00e3o nas Fronteiras.<\/strong><\/p>\n<p><img loading=\"lazy\" decoding=\"async\" class=\"aligncenter wp-image-8484\" src=\"http:\/\/blog.cancaonova.com\/semprefiel\/files\/2020\/11\/trincheirasdeoracao.jpeg\" alt=\"Trincheiras de Ora\u00e7\u00e3o nas Fronteiras\" width=\"600\" height=\"600\" srcset=\"https:\/\/blog.cancaonova.com\/semprefiel\/files\/2020\/11\/trincheirasdeoracao.jpeg 1080w, https:\/\/blog.cancaonova.com\/semprefiel\/files\/2020\/11\/trincheirasdeoracao-150x150.jpeg 150w, https:\/\/blog.cancaonova.com\/semprefiel\/files\/2020\/11\/trincheirasdeoracao-300x300.jpeg 300w, https:\/\/blog.cancaonova.com\/semprefiel\/files\/2020\/11\/trincheirasdeoracao-768x768.jpeg 768w\" sizes=\"(max-width: 600px) 100vw, 600px\" \/><\/p>\n<p>O Esp\u00edrito Santo gritou ao meu cora\u00e7\u00e3o e me impulsionou a convocar essa gera\u00e7\u00e3o de homens e mulheres que almejam o c\u00e9u e vivem a disposi\u00e7\u00e3o do Senhor para que ningu\u00e9m se perca. Pois,\u00a0&#8220;o Senhor n\u00e3o retarda o cumprimento de sua promessa, como alguns pensam, mas usa da paci\u00eancia para convosco. N\u00e3o quer que algu\u00e9m pere\u00e7a; ao contr\u00e1rio, quer que todos se arrependam.&#8221; (<a href=\"https:\/\/www.bibliacatolica.com.br\/biblia-ave-maria\/ii-sao-pedro\/3\/\" target=\"_blank\" rel=\"noopener\">II Ped. 3, 9<\/a>)<\/p>\n<p>As trincheiras ser\u00e3o o local de encontro das almas tementes a Deus e que ap\u00f3s a Ascens\u00e3o assumiram o &#8220;Ide&#8221; na perspectiva da intercess\u00e3o.<\/p>\n<p>O Projeto Trincheiras de Ora\u00e7\u00e3o nasce em meio a necessidade de assumirmos que n\u00e3o travamos uma guerra comum e no campo natural, n\u00e3o lutamos contra homens de carne e sangue (<a href=\"https:\/\/www.bibliacatolica.com.br\/biblia-ave-maria\/efesios\/6\/\" target=\"_blank\" rel=\"noopener\">Ef. 6, 12<\/a>). Sabemos que numa guerra s\u00e3o constru\u00eddas trincheiras, uma escava\u00e7\u00e3o que serve para prote\u00e7\u00e3o dos combatentes.<\/p>\n<p>Vivemos uma tens\u00e3o constante em nossos limites territoriais, sejam por parte das autoridades civis, seja por parte dos donos de terras. No campo espiritual n\u00e3o \u00e9 diferente, pois, as for\u00e7as espirituais do mal espalhadas pelos ares avan\u00e7am contra as nossas fronteiras e precisamos construir as trincheiras de ora\u00e7\u00e3o para proteger nossos sentinelas enquanto s\u00e3o instru\u00eddos pelo Senhor (<a href=\"https:\/\/www.bibliacatolica.com.br\/biblia-ave-maria\/habacuc\/2\/\" target=\"_blank\" rel=\"noopener\">Hab. 2, 1<\/a>).<\/p>\n<p>O Esp\u00edrito Santo age de forma simples e com estrat\u00e9gia, atualmente temos espalhadas as nossas Torres de Ora\u00e7\u00e3o e chegou o momento de fortalecer e proteger nossas torres construindo as Trincheiras de Ora\u00e7\u00e3o. Cada trincheira ter\u00e1 uma voz de comando, aquele(a) que transmitir\u00e1 aos demais as estrat\u00e9gias para o combate.<\/p>\n<p>As trincheiras s\u00e3o o ref\u00fagio e o local de onde sair\u00e1 a estrat\u00e9gia, acontecer\u00e3o em hor\u00e1rios definidos e ser\u00e3o o suporte para que as torres permane\u00e7am de p\u00e9 (<a href=\"https:\/\/www.bibliacatolica.com.br\/biblia-ave-maria\/isaias\/37\/\" target=\"_blank\" rel=\"noopener\">Is. 37, 35<\/a>).<br \/>\nNa pr\u00e1tica, Deus suscitar\u00e1 almas dispostas a assumir o compromisso de construir e manter essa trincheira. Se voc\u00ea \u00e9 um desses escolhidos o primeiro passo \u00e9 perguntar para Deus qual ser\u00e1 o local da sua trincheira, qual ser\u00e1 a fronteira que voc\u00ea ir\u00e1 proteger e que horas ser\u00e1 o seu turno?<\/p>\n<p>Estaremos cercando nossos territ\u00f3rios com as trincheiras de ora\u00e7\u00e3o nas fronteiras a partir da <a href=\"https:\/\/blog.cancaonova.com\/semprefiel\/oracao-de-libertacao-por-uma-cidade\/\" target=\"_blank\" rel=\"noopener\">&#8220;Ora\u00e7\u00e3o de Liberta\u00e7\u00e3o por uma cidade&#8221; (<span style=\"color: #ff0000;\">CLIQUE AQUI<\/span>)<\/a> todos os dias at\u00e9 que venha o dia do Senhor. Por isso, agora ainda &#8211; Or\u00e1culo do Senhor -, voltai a mim de todo o vosso cora\u00e7\u00e3o, com jejuns, l\u00e1grimas e gemidos de luto (<a href=\"https:\/\/www.bibliacatolica.com.br\/biblia-ave-maria\/joel\/2\/\" target=\"_blank\" rel=\"noopener\">Joel 2<\/a>).<\/p>\n<p>Entendamos voz de comando a partir do exerc\u00edcio da intercess\u00e3o prof\u00e9tica, o Esp\u00edrito Santo ser\u00e1 sempre o protagonista, por isso, estamos assumindo um compromisso s\u00e9rio e \u00edntimo com Deus na perspectiva da salva\u00e7\u00e3o. Pois, &#8220;isto \u00e9 bom e agrad\u00e1vel diante de Deus, nosso Salvador, o qual deseja que todos os homens se salvem e cheguem ao conhecimento da verdade.&#8221; (<a href=\"https:\/\/www.bibliacatolica.com.br\/biblia-ave-maria\/i-timoteo\/2\/\" target=\"_blank\" rel=\"noopener\">I Tim. 2, 3s<\/a>)<\/p>\n<p>Sendo poss\u00edvel, fa\u00e7a a <a href=\"https:\/\/blog.cancaonova.com\/semprefiel\/oracao-de-libertacao-por-uma-cidade\/\" target=\"_blank\" rel=\"noopener\">ora\u00e7\u00e3o<\/a> na entrada da sua cidade em hor\u00e1rio apropriado. Lembrando que as trincheiras de ora\u00e7\u00e3o nas fronteiras n\u00e3o podem ficar desprotegidas, por isso, a ora\u00e7\u00e3o ser\u00e1 di\u00e1ria mesmo que em hor\u00e1rios alternados.<\/p>\n<p>Como em todo mover Deus fala ao nosso cora\u00e7\u00e3o, certamente nesse tempo o Esp\u00edrito Santo trar\u00e1 inspira\u00e7\u00f5es, partilhas e testemunhos que n\u00e3o podemos deixar no esquecimento. Por isso, voc\u00ea pode enviar sua partilha para n\u00f3s no e-mail <a href=\"mailto:torresdeoracao@profeciadoavivamento.com\" target=\"_blank\" rel=\"noopener\">torresdeoracao@profeciadoavivamento.com<\/a>\u00a0 e assim construiremos juntos um hist\u00f3rico espiritual desse tempo.<\/p>\n<p>&nbsp;<\/p>\n<p>Permane\u00e7amos no CEN\u00c4CULO!<\/p>\n<p>&nbsp;<\/p>\n<p>Veja tamb\u00e9m:<\/p>\n<p><span style=\"color: #000000;\"><a href=\"https:\/\/blog.cancaonova.com\/semprefiel\/exorcismo-contra-satanas\/\" target=\"_blank\" rel=\"noopener\">Ora\u00e7\u00e3o de Exorcismo<\/a><br \/>\n<a href=\"https:\/\/blog.cancaonova.com\/semprefiel\/campanha-de-oracao-um-terco-por-dia\/\" target=\"_blank\" rel=\"noopener\">Um ter\u00e7o por dia<\/a><br \/>\n<a href=\"https:\/\/blog.cancaonova.com\/semprefiel\/novena-de-sao-bento\/\" target=\"_blank\" rel=\"noopener\">Novena de S\u00e3o Bento<\/a><\/span><\/p>\n<p>&nbsp;<\/p>\n<p>&nbsp;<\/p>\n<p>&nbsp;<\/p>\n","protected":false},"excerpt":{"rendered":"<p>Projeto Trincheiras de Ora\u00e7\u00e3o nas Fronteiras. O Esp\u00edrito Santo gritou ao meu cora\u00e7\u00e3o e me impulsionou a convocar essa gera\u00e7\u00e3o de homens e mulheres que almejam o c\u00e9u e vivem a disposi\u00e7\u00e3o do Senhor para que ningu\u00e9m se perca. Pois,\u00a0&#8220;o&#8230;<\/p>\n","protected":false},"author":4773,"featured_media":0,"parent":0,"menu_order":1,"comment_status":"closed","ping_status":"closed","template":"","meta":{"_mi_skip_tracking":false,"_monsterinsights_sitenote_active":false,"_monsterinsights_sitenote_note":"","_monsterinsights_sitenote_category":0,"footnotes":""},"_links":{"self":[{"href":"https:\/\/blog.cancaonova.com\/semprefiel\/wp-json\/wp\/v2\/pages\/8483"}],"collection":[{"href":"https:\/\/blog.cancaonova.com\/semprefiel\/wp-json\/wp\/v2\/pages"}],"about":[{"href":"https:\/\/blog.cancaonova.com\/semprefiel\/wp-json\/wp\/v2\/types\/page"}],"author":[{"embeddable":true,"href":"https:\/\/blog.cancaonova.com\/semprefiel\/wp-json\/wp\/v2\/users\/4773"}],"replies":[{"embeddable":true,"href":"https:\/\/blog.cancaonova.com\/semprefiel\/wp-json\/wp\/v2\/comments?post=8483"}],"version-history":[{"count":5,"href":"https:\/\/blog.cancaonova.com\/semprefiel\/wp-json\/wp\/v2\/pages\/8483\/revisions"}],"predecessor-version":[{"id":8672,"href":"https:\/\/blog.cancaonova.com\/semprefiel\/wp-json\/wp\/v2\/pages\/8483\/revisions\/8672"}],"wp:attachment":[{"href":"https:\/\/blog.cancaonova.com\/semprefiel\/wp-json\/wp\/v2\/media?parent=8483"}],"curies":[{"name":"wp","href":"https:\/\/api.w.org\/{rel}","templated":true}]}}