{"id":4281,"date":"2008-08-26T17:52:47","date_gmt":"2008-08-26T14:52:47","guid":{"rendered":"http:\/\/blog.cancaonova.com\/terrasanta\/historico-cancao-nova-na-terra-santa\/"},"modified":"2018-09-13T09:31:57","modified_gmt":"2018-09-13T12:31:57","slug":"historico-cancao-nova-na-terra-santa","status":"publish","type":"page","link":"https:\/\/blog.cancaonova.com\/terrasanta\/historico-cancao-nova-na-terra-santa\/","title":{"rendered":"Hist\u00f3rico: Can\u00e7\u00e3o Nova na Terra Santa"},"content":{"rendered":"<p>A miss\u00e3o da Terra Santa teve in\u00edcio no dia 19 de mar\u00e7o de 2005, na cidade de Bel\u00e9m (Palestina), com o objetivo de difundir as riquezas atuais e j\u00e1 vividas, culturais e religiosas dos lugares santos atrav\u00e9s dos meios de comunica\u00e7\u00e3o social e peregrina\u00e7\u00f5es.<\/p>\n<p>Ap\u00f3s contato com o Bispo Maronita Reverendo Paul Nabil Sayah e seu chanceler Di\u00e1cono Sobhy Makhoul, foram enviados seis membros da Comunidade Can\u00e7\u00e3o Nova \u00e0 cidade: Raphael Leal, Erick Walker, Willieny Isaias, Maria Elza Stopa, Leandro C\u00e9sar e Padre Arlon Cristian; al\u00e9m de um membro da Comunidade Obra de Maria, Padre Jos\u00e9 Junior, para realiza\u00e7\u00e3o dos trabalhos iniciais.<\/p>\n<p>Este tempo foi marcado pela supera\u00e7\u00e3o das dificuldades de adapta\u00e7\u00e3o com a l\u00edngua, cultura, alimenta\u00e7\u00e3o e diversas particularidades opostas \u00e0 realidade no Brasil. Estas situa\u00e7\u00f5es provocaram l\u00e1grimas e geram hist\u00f3rias que se tornam motivo de alegria para os momentos comunit\u00e1rios.<\/p>\n<p>Desde 2005, a Casa alcan\u00e7ou in\u00fameras vit\u00f3rias, entre elas, se destacam: a crescente produ\u00e7\u00e3o qualitativa de programas, document\u00e1rios e mat\u00e9rias jornal\u00edsticas realizadas pela equipe de televis\u00e3o e internet local; o crescente n\u00famero de peregrinos que, motivados pelos programas exibidos pelo Sistema Can\u00e7\u00e3o Nova de Comunica\u00e7\u00e3o, visitam a Terra Santa; e a inaugura\u00e7\u00e3o do Franciscan Multimedia Center, em 12 de janeiro de 2008, no qual os Frades Menores da Terra Santa, OFM, em parceria com a Comunidade Can\u00e7\u00e3o Nova, empenham-se para favorecer o trabalho das TVs Cat\u00f3licas interessadas em divulgar as riquezas dessa terra.<\/p>\n<p>Atualmente, a miss\u00e3o conta com dezesseis pessoas, sendo nove mission\u00e1rios que moram em Jerusal\u00e9m e os outros sete em Nazar\u00e9.<\/p>\n<p>A miss\u00e3o de Jerusal\u00e9m conta com os mission\u00e1rios: Padre Arlon Cristian, Cristiano Assun\u00e7\u00e3o, Danusa Rego, Darlene Cristina, Eliani Barreto, Daniele Luiza e o casal Prot\u00e1sio Medeiros e Let\u00edcia Sauthier que fazem parte do n\u00facelo, no segundo Elo, Lurdinha Nunes.<\/p>\n<p>A Casa De Nazar\u00e9 teve in\u00edcio no dia 25 de mar\u00e7o de 2013, na Festa da Anuncia\u00e7\u00e3o.<\/p>\n<p>A miss\u00e3o de Nazar\u00e9 trabalha com as transmiss\u00f5es e programas gerados na Terra Santa.&nbsp;&nbsp;<\/p>\n<p>Os primeiros mission\u00e1rios da casa de Nazar\u00e9 foram: Pe.Sostenes, Daniele Luiza, Jos\u00e9 Dimas e Ana Paula Rosa.<\/p>\n<p>Atualmente a miss\u00e3o conta com: Gleyson Paulo, Edmilson Dias, Elenice de Godoi, Regiane Biazzin, Mirian Bernardes que fazem parte do n\u00facleo e Gracielle Reis, segundo Elo.&nbsp;<\/p>\n<!-- AddThis Advanced Settings generic via filter on the_content --><!-- AddThis Share Buttons generic via filter on the_content -->","protected":false},"excerpt":{"rendered":"<p>A miss\u00e3o da Terra Santa teve in\u00edcio no dia 19 de mar\u00e7o de 2005, na cidade de Bel\u00e9m (Palestina), com o objetivo de difundir as riquezas atuais e j\u00e1 vividas, culturais e religiosas dos lugares santos atrav\u00e9s dos meios de&#8230;<!-- AddThis Advanced Settings generic via filter on get_the_excerpt --><!-- AddThis Share Buttons generic via filter on get_the_excerpt --><\/p>\n","protected":false},"author":711,"featured_media":0,"parent":0,"menu_order":0,"comment_status":"open","ping_status":"open","template":"","meta":{"_mi_skip_tracking":false,"_monsterinsights_sitenote_active":false,"_monsterinsights_sitenote_note":"","_monsterinsights_sitenote_category":0,"footnotes":""},"_links":{"self":[{"href":"https:\/\/blog.cancaonova.com\/terrasanta\/wp-json\/wp\/v2\/pages\/4281"}],"collection":[{"href":"https:\/\/blog.cancaonova.com\/terrasanta\/wp-json\/wp\/v2\/pages"}],"about":[{"href":"https:\/\/blog.cancaonova.com\/terrasanta\/wp-json\/wp\/v2\/types\/page"}],"author":[{"embeddable":true,"href":"https:\/\/blog.cancaonova.com\/terrasanta\/wp-json\/wp\/v2\/users\/711"}],"replies":[{"embeddable":true,"href":"https:\/\/blog.cancaonova.com\/terrasanta\/wp-json\/wp\/v2\/comments?post=4281"}],"version-history":[{"count":10,"href":"https:\/\/blog.cancaonova.com\/terrasanta\/wp-json\/wp\/v2\/pages\/4281\/revisions"}],"predecessor-version":[{"id":6965,"href":"https:\/\/blog.cancaonova.com\/terrasanta\/wp-json\/wp\/v2\/pages\/4281\/revisions\/6965"}],"wp:attachment":[{"href":"https:\/\/blog.cancaonova.com\/terrasanta\/wp-json\/wp\/v2\/media?parent=4281"}],"curies":[{"name":"wp","href":"https:\/\/api.w.org\/{rel}","templated":true}]}}