{"id":81,"date":"2007-05-14T21:02:21","date_gmt":"2007-05-14T18:02:21","guid":{"rendered":"http:\/\/blog.cancaonova.com\/terrasanta\/contato-fale-conosco\/"},"modified":"2018-09-13T09:33:06","modified_gmt":"2018-09-13T12:33:06","slug":"contato-fale-conosco","status":"publish","type":"page","link":"https:\/\/blog.cancaonova.com\/terrasanta\/contato-fale-conosco\/","title":{"rendered":"Contato"},"content":{"rendered":"<p>O escrit\u00f3rio da Can\u00e7\u00e3o Nova em Jerusal\u00e9m funciona no pr\u00e9dio do Terra Santa College localizado na Rua Karen Hayesod #2 91008- Jerusal\u00e9m:<br \/>\nFone: (972) 02 5639661&nbsp;<br \/>\nFax: (972) 02 5669553<\/p>\n<p>&nbsp;<\/p>\n<p>Email: <a title=\"email\" href=\"mailto:terrasanta@cancaonova.com\" target=\"_blank\" rel=\"noopener\">terrasanta@cancaonova.com<\/a><\/p>\n<p>&nbsp;<\/p>\n<p>Contato para peregrina\u00e7\u00f5es:<br \/>\nInforma\u00e7\u00f5es pelo telefone: (12) 3186 2055 ou pelo email <a title=\"Email\" href=\"mailto:peregrinacoes@cancaonova.com\" target=\"_blank\" rel=\"noopener\">peregrinacoes@cancaonova.com<\/a><\/p>\n<!-- AddThis Advanced Settings generic via filter on the_content --><!-- AddThis Share Buttons generic via filter on the_content -->","protected":false},"excerpt":{"rendered":"<p>O escrit\u00f3rio da Can\u00e7\u00e3o Nova em Jerusal\u00e9m funciona no pr\u00e9dio do Terra Santa College localizado na Rua Karen Hayesod #2 91008- Jerusal\u00e9m: Fone: (972) 02 5639661&nbsp; Fax: (972) 02 5669553 &nbsp; Email: terrasanta@cancaonova.com &nbsp; Contato para peregrina\u00e7\u00f5es: Informa\u00e7\u00f5es pelo telefone:&#8230;<!-- AddThis Advanced Settings generic via filter on get_the_excerpt --><!-- AddThis Share Buttons generic via filter on get_the_excerpt --><\/p>\n","protected":false},"author":711,"featured_media":0,"parent":0,"menu_order":0,"comment_status":"open","ping_status":"open","template":"","meta":{"_mi_skip_tracking":false,"_monsterinsights_sitenote_active":false,"_monsterinsights_sitenote_note":"","_monsterinsights_sitenote_category":0,"footnotes":""},"_links":{"self":[{"href":"https:\/\/blog.cancaonova.com\/terrasanta\/wp-json\/wp\/v2\/pages\/81"}],"collection":[{"href":"https:\/\/blog.cancaonova.com\/terrasanta\/wp-json\/wp\/v2\/pages"}],"about":[{"href":"https:\/\/blog.cancaonova.com\/terrasanta\/wp-json\/wp\/v2\/types\/page"}],"author":[{"embeddable":true,"href":"https:\/\/blog.cancaonova.com\/terrasanta\/wp-json\/wp\/v2\/users\/711"}],"replies":[{"embeddable":true,"href":"https:\/\/blog.cancaonova.com\/terrasanta\/wp-json\/wp\/v2\/comments?post=81"}],"version-history":[{"count":5,"href":"https:\/\/blog.cancaonova.com\/terrasanta\/wp-json\/wp\/v2\/pages\/81\/revisions"}],"predecessor-version":[{"id":6967,"href":"https:\/\/blog.cancaonova.com\/terrasanta\/wp-json\/wp\/v2\/pages\/81\/revisions\/6967"}],"wp:attachment":[{"href":"https:\/\/blog.cancaonova.com\/terrasanta\/wp-json\/wp\/v2\/media?parent=81"}],"curies":[{"name":"wp","href":"https:\/\/api.w.org\/{rel}","templated":true}]}}