{"id":19,"date":"2012-05-02T18:03:12","date_gmt":"2012-05-02T21:03:12","guid":{"rendered":"http:\/\/blog.cancaonova.com\/tododemaria\/"},"modified":"2023-05-18T17:46:55","modified_gmt":"2023-05-18T20:46:55","slug":"consagracao","status":"publish","type":"page","link":"https:\/\/blog.cancaonova.com\/tododemaria\/consagracao\/","title":{"rendered":"O que \u00e9 a Consagra\u00e7\u00e3o"},"content":{"rendered":"<p style=\"text-align: left\"><strong>A consagra\u00e7\u00e3o a Jesus Cristo pelas m\u00e3os da Virgem Maria.<br \/>\n<\/strong><\/p>\n<p style=\"text-align: left\"><a href=\"http:\/\/blog.cancaonova.com\/tododemaria\/files\/2012\/05\/Jesus2.jpg\"><img loading=\"lazy\" decoding=\"async\" class=\"alignleft size-full wp-image-197\" src=\"http:\/\/blog.cancaonova.com\/tododemaria\/files\/2012\/05\/Jesus2.jpg\" alt=\"A consagra\u00e7\u00e3o a Jesus pos Maria\" width=\"288\" height=\"449\" srcset=\"https:\/\/blog.cancaonova.com\/tododemaria\/files\/2012\/05\/Jesus2.jpg 480w, https:\/\/blog.cancaonova.com\/tododemaria\/files\/2012\/05\/Jesus2-192x300.jpg 192w\" sizes=\"(max-width: 288px) 100vw, 288px\" \/><\/a>A consagra\u00e7\u00e3o ou escravid\u00e3o de amor a Jesus por Maria \u00e9 uma devo\u00e7\u00e3o muito antiga, que remonta os primeiros s\u00e9culos da Igreja. Com o passar do tempo, a consagra\u00e7\u00e3o passou a ganhar novos elementos, como a cria\u00e7\u00e3o de f\u00f3rmulas e ora\u00e7\u00f5es a Sant\u00edssima Virgem. Grandes santos, como Santo Agostinho, S\u00e3o Domingos, Santo Afonso Maria de Lig\u00f3rio, escreveram sobre Nossa Senhora e sua import\u00e2ncia para a Igreja e para a vida dos crist\u00e3os. Esta evolu\u00e7\u00e3o da devo\u00e7\u00e3o a Maria ganhou, com <a href=\"http:\/\/blog.cancaonova.com\/tododemaria\/biografia-de-sao-luis-maria\/\">S\u00e3o Lu\u00eds Maria Grignion de Montfort<\/a>, um m\u00e9todo de consagra\u00e7\u00e3o.<\/p>\n<p style=\"text-align: left\">Este m\u00e9todo de consagra\u00e7\u00e3o \u00e9 a escravid\u00e3o total a Maria, que \u00e9 a entrega de tudo o que temos e somos nas m\u00e3os da Sant\u00edssima Virgem, para que possamos pertencer de modo mais perfeito a Jesus. Esta consagra\u00e7\u00e3o, ou escravid\u00e3o de amor a Nossa Senhora, tem como finalidade a uni\u00e3o com Cristo e o crescimento na gra\u00e7a de Deus. A maior intimidade com Jesus, por Maria, nos ajuda a compreender os des\u00edgnios de Deus e cumprir a Sua vontade em nossa vida.<\/p>\n<p style=\"text-align: left\">A princ\u00edpio, a consagra\u00e7\u00e3o total a Maria, de que nos fala o <a href=\"http:\/\/blog.cancaonova.com\/tododemaria\/tratado\/\">Tratado<\/a>, pode parecer contr\u00e1ria ao catolicismo, pois este tem Cristo como centro. Por\u00e9m, S\u00e3o Lu\u00eds deixa claro no Livro que a consagra\u00e7\u00e3o a Virgem n\u00e3o se op\u00f5e \u00e0 f\u00e9 em Jesus e na Igreja, mas, ao contr\u00e1rio, nos leva viver com fidelidade os mandamentos da lei de Deus. Quem faz a consagra\u00e7\u00e3o, segundo o Tratado, se compromete a ser fiel \u00e0s promessas do batismo, ou seja, renunciar ao mal e ao pecado, e viver a vida nova em Cristo. Esta entrega total de tudo nas m\u00e3os de Maria, ser\u00e1 uma ajuda para viver essa vida nova, pois Ela tudo entregar\u00e1 nas m\u00e3os do Filho, que nos fortalecer\u00e1 na gra\u00e7a.<\/p>\n<p style=\"text-align: left\">A consagra\u00e7\u00e3o total a Virgem Maria tem como caracter\u00edstica fundamental a entrega de tudo nas m\u00e3os de Nossa M\u00e3e. Pode parecer exagero entregar tudo nas m\u00e3os de Maria, mas, ao fazer isso, estamos confiando tudo a Jesus. Quando dizemos que ao fazer a consagra\u00e7\u00e3o entregamos tudo a Nossa Senhora, \u00e9 porque entregamos a Ela tudo mesmo. Entregamos a Maria todo o nosso ser, nossa intelig\u00eancia, nossos afetos, nosso corpo, nossa alma. Confiamos a Ela nossos sonhos, projetos, bens materiais e tamb\u00e9m, principalmente, os espirituais. Esses bens espirituais s\u00e3o as indulg\u00eancias, as satisfa\u00e7\u00f5es e os m\u00e9ritos das nossas ora\u00e7\u00f5es, da participa\u00e7\u00e3o da Santa Missa e de outros atos lit\u00fargicos.<\/p>\n<p style=\"text-align: left\">Ao entregar todo o nosso capital de gra\u00e7as a Maria n\u00e3o perdemos, mas, ao contr\u00e1rio, ganhamos, pois Ela vai us\u00e1-los da melhor maneira poss\u00edvel, para a inten\u00e7\u00e3o mais urgente ou para a pessoa que mais precisar. Podemos perguntar: depois de entregar tudo a Maria, o que acontecer\u00e1 quando precisarmos? A resposta \u00e9 simples: Nossa Senhora n\u00e3o nos desamparar\u00e1, mas ao contr\u00e1rio, Ela usar\u00e1 a ora\u00e7\u00e3o dos seus filhos e tamb\u00e9m seus pr\u00f3prios m\u00e9ritos, que s\u00e3o muito maiores que os nossos, em nosso favor. Podemos pedir o cuidado de Maria por n\u00f3s ou outra pessoa ou situa\u00e7\u00e3o, mas, \u00e9 Maria quem disp\u00f5e das nossas ora\u00e7\u00f5es como ela quer. Vivendo essa verdadeira pobreza espiritual, de n\u00e3o ter nem mesmo inten\u00e7\u00f5es das nossas ora\u00e7\u00f5es, nos santificamos e nos aproximamos, cada vez mais, de Cristo de da Igreja.<\/p>\n<p>A <a href=\"http:\/\/blog.cancaonova.com\/tododemaria\/consagracao\/\">consagra\u00e7\u00e3o total a Sant\u00edssima Virgem<\/a>, pelo m\u00e9todo de S\u00e3o Lu\u00eds Maria, \u00e9 um <a href=\"http:\/\/blog.cancaonova.com\/tododemaria\/o-caminho-curto-que-leva-a-jesus\/\">caminho r\u00e1pido<\/a> e <a href=\"http:\/\/blog.cancaonova.com\/tododemaria\/o-caminho-seguro-que-conduz-a-cristo\/\">seguro<\/a> de santifica\u00e7\u00e3o e, por isso, um caminho r\u00e1pido e seguro que nos leva a Jesus Cristo e \u00e0 salva\u00e7\u00e3o que Ele alcan\u00e7ou para n\u00f3s. A consagra\u00e7\u00e3o n\u00e3o dispensa o nosso esfor\u00e7o para vencer as dificuldades e para corresponder \u00e0 vontade de Deus, por\u00e9m, \u00e9 um caminho mais f\u00e1cil de santifica\u00e7\u00e3o e de alcan\u00e7ar a salva\u00e7\u00e3o. Unidos a Virgem Maria, que est\u00e1 sempre conosco para nos ajudar, estaremos mais unidos a Jesus. Ainda que soframos alguma queda, Ela nos ajuda a levantar e a continuar no caminho que conduz a Cristo e, com Ele, a Salva\u00e7\u00e3o.<\/p>\n","protected":false},"excerpt":{"rendered":"<p>A consagra\u00e7\u00e3o a Jesus Cristo pelas m\u00e3os da Virgem Maria. A consagra\u00e7\u00e3o ou escravid\u00e3o de amor a Jesus por Maria \u00e9 uma devo\u00e7\u00e3o muito antiga, que remonta os primeiros s\u00e9culos da Igreja. Com o passar do tempo, a consagra\u00e7\u00e3o passou&#8230;<\/p>\n","protected":false},"author":4539,"featured_media":0,"parent":0,"menu_order":3,"comment_status":"open","ping_status":"closed","template":"","meta":{"_mi_skip_tracking":false,"_monsterinsights_sitenote_active":false,"_monsterinsights_sitenote_note":"","_monsterinsights_sitenote_category":0,"footnotes":""},"_links":{"self":[{"href":"https:\/\/blog.cancaonova.com\/tododemaria\/wp-json\/wp\/v2\/pages\/19"}],"collection":[{"href":"https:\/\/blog.cancaonova.com\/tododemaria\/wp-json\/wp\/v2\/pages"}],"about":[{"href":"https:\/\/blog.cancaonova.com\/tododemaria\/wp-json\/wp\/v2\/types\/page"}],"author":[{"embeddable":true,"href":"https:\/\/blog.cancaonova.com\/tododemaria\/wp-json\/wp\/v2\/users\/4539"}],"replies":[{"embeddable":true,"href":"https:\/\/blog.cancaonova.com\/tododemaria\/wp-json\/wp\/v2\/comments?post=19"}],"version-history":[{"count":11,"href":"https:\/\/blog.cancaonova.com\/tododemaria\/wp-json\/wp\/v2\/pages\/19\/revisions"}],"predecessor-version":[{"id":9196,"href":"https:\/\/blog.cancaonova.com\/tododemaria\/wp-json\/wp\/v2\/pages\/19\/revisions\/9196"}],"wp:attachment":[{"href":"https:\/\/blog.cancaonova.com\/tododemaria\/wp-json\/wp\/v2\/media?parent=19"}],"curies":[{"name":"wp","href":"https:\/\/api.w.org\/{rel}","templated":true}]}}