{"id":2,"date":"2012-05-02T19:23:43","date_gmt":"2012-05-02T22:23:43","guid":{"rendered":"http:\/\/blog.cancaonova.com\/tododemaria\/?page_id=2"},"modified":"2023-05-18T17:46:24","modified_gmt":"2023-05-18T20:46:24","slug":"blog","status":"publish","type":"page","link":"https:\/\/blog.cancaonova.com\/tododemaria\/blog\/","title":{"rendered":"Blog"},"content":{"rendered":"<p style=\"text-align: left\"><strong>O Blog Todo de Maria, a consagra\u00e7\u00e3o e a devo\u00e7\u00e3o a Virgem Maria.<\/strong><\/p>\n<p style=\"text-align: left\"><a href=\"http:\/\/blog.cancaonova.com\/tododemaria\/files\/2012\/05\/nossa-senhora-de-fatima2.jpg\"><img loading=\"lazy\" decoding=\"async\" class=\"alignleft size-medium wp-image-47\" src=\"http:\/\/blog.cancaonova.com\/tododemaria\/files\/2012\/05\/nossa-senhora-de-fatima2-218x300.jpg\" alt=\"Consagra\u00e7\u00e3o a Virgem Maria\" width=\"218\" height=\"300\" srcset=\"https:\/\/blog.cancaonova.com\/tododemaria\/files\/2012\/05\/nossa-senhora-de-fatima2-218x300.jpg 218w, https:\/\/blog.cancaonova.com\/tododemaria\/files\/2012\/05\/nossa-senhora-de-fatima2.jpg 559w\" sizes=\"(max-width: 218px) 100vw, 218px\" \/><\/a>O Blog Todo de Maria tem o objetivo de divulgar o \u201cTratado da Verdadeira Devo\u00e7\u00e3o \u00e0 Sant\u00edssima Virgem\u201d (que abreviamos por TVD), escrito por S\u00e3o Lu\u00eds Maria Grignion de Montfort, e tornar mais conhecida e devo\u00e7\u00e3o e a consagra\u00e7\u00e3o, ou escravid\u00e3o de amor, a Nossa Senhora. A verdadeira devo\u00e7\u00e3o mariana tem Cristo como centro e, ao mesmo tempo, como fim \u00faltimo (TVD 61). Queremos propagar o conhecimento e o amor a Virgem Maria, para que Cristo seja mais conhecido e amado.<\/p>\n<p style=\"text-align: left\">A consagra\u00e7\u00e3o a Nossa Senhora, da qual tratamos neste Blog, \u00e9 uma consagra\u00e7\u00e3o a Jesus por Maria. Por isso, n\u00e3o tenha medo de aprofundar seu conhecimento sobre a Sua M\u00e3e, pois quanto mais a conhecemos e amamos, mais conheceremos e amamos a Cristo, e mais fi\u00e9is a Ele seremos. Pois, a consagra\u00e7\u00e3o total a Virgem Maria \u00e9 uma renova\u00e7\u00e3o das promessas do batismo, que nos ajuda a viver com fidelidade a nossa f\u00e9 em Cristo.<\/p>\n<p style=\"text-align: left\">O Blog vai lhe dar a conhecer melhor o Tratado, a Virgem Maria, a consagra\u00e7\u00e3o e a sua import\u00e2ncia na vida do crist\u00e3o. Este conhecimento de Nossa Senhora o levar\u00e1 a am\u00e1-la e a se consagrar a Ela, segundo o m\u00e9todo de S\u00e3o Lu\u00eds. Por sua vez, a consagra\u00e7\u00e3o far\u00e1 com que sejamos cada vez mais fi\u00e9is a Cristo e a Igreja. Apresentaremos o m\u00e9todo de consagra\u00e7\u00e3o do Tratado, daremos, na medida do poss\u00edvel, a ajuda necess\u00e1ria para a prepara\u00e7\u00e3o antes de fazer a consagra\u00e7\u00e3o e daremos instru\u00e7\u00f5es de como consagrar-se.<\/p>\n<p style=\"text-align: left\">Para aqueles que j\u00e1 s\u00e3o consagrados, ou escravos de amor da Virgem Maria, o Blog ter\u00e1 conte\u00fado para o aprofundamento no conhecimento e no amor a Maria e, consequentemente, no conhecimento e no amor a Jesus Cristo. Nossa Senhora ainda \u00e9 uma desconhecida para muitos, e isto, segundo Montfort, \u00e9 a raz\u00e3o de Cristo n\u00e3o ser conhecido. O Santo diz que somente Deus \u00e9 capaz de compreender em plenitude a Virgem Maria (TVD 5), mas, aos poucos, podemos penetrar no mist\u00e9rio de Maria e, dessa forma, no mist\u00e9rio do pr\u00f3prio Cristo.<\/p>\n<p style=\"text-align: left\">Al\u00e9m dos temas do Tratado e da consagra\u00e7\u00e3o, trataremos da devo\u00e7\u00e3o a Virgem Maria como um todo. Pois, o tema de Maria, M\u00e3e de Deus, foi e continua sendo muito caro e importante para toda a Igreja. Desde os prim\u00f3rdios da hist\u00f3ria da Igreja a presen\u00e7a de Nossa Senhora tem particular import\u00e2ncia na vida de todos os crist\u00e3os. A devo\u00e7\u00e3o \u00e0 Sant\u00edssima Virgem estar\u00e1 sempre presente na Igreja, pois ela \u00e9 nossa M\u00e3e e, da mesma forma que a m\u00e3e n\u00e3o esquece seu filho (Is 49, 15), o filho jamais esquece sua m\u00e3e.<\/p>\n<p style=\"text-align: left\">Este Blog tem o objetivo de fazer a Virgem Maria, cada vez mais, conhecida e amada, para que, a partir desse conhecimento, Cristo seja mais conhecido e amado. Esta \u00e9 a nossa meta: levar os crist\u00e3os a conhecer a Virgem Maria e consagrar-se a Ela. Pois, a consagra\u00e7\u00e3o a Nossa Senhora tem como fim \u00faltimo Jesus Cristo. A consagra\u00e7\u00e3o ser\u00e1 um aux\u00edlio da Virgem Maria, M\u00e3e de Deus e Nossa, para que os crist\u00e3os possam viver com fidelidade a sua f\u00e9 na Trindade, Pai, Filho e Esp\u00edrito Santo e suas promessas do batismo.<\/p>\n","protected":false},"excerpt":{"rendered":"<p>O Blog Todo de Maria, a consagra\u00e7\u00e3o e a devo\u00e7\u00e3o a Virgem Maria. O Blog Todo de Maria tem o objetivo de divulgar o \u201cTratado da Verdadeira Devo\u00e7\u00e3o \u00e0 Sant\u00edssima Virgem\u201d (que abreviamos por TVD), escrito por S\u00e3o Lu\u00eds Maria&#8230;<\/p>\n","protected":false},"author":4539,"featured_media":0,"parent":0,"menu_order":1,"comment_status":"open","ping_status":"closed","template":"","meta":{"_mi_skip_tracking":false,"_monsterinsights_sitenote_active":false,"_monsterinsights_sitenote_note":"","_monsterinsights_sitenote_category":0,"footnotes":""},"_links":{"self":[{"href":"https:\/\/blog.cancaonova.com\/tododemaria\/wp-json\/wp\/v2\/pages\/2"}],"collection":[{"href":"https:\/\/blog.cancaonova.com\/tododemaria\/wp-json\/wp\/v2\/pages"}],"about":[{"href":"https:\/\/blog.cancaonova.com\/tododemaria\/wp-json\/wp\/v2\/types\/page"}],"author":[{"embeddable":true,"href":"https:\/\/blog.cancaonova.com\/tododemaria\/wp-json\/wp\/v2\/users\/4539"}],"replies":[{"embeddable":true,"href":"https:\/\/blog.cancaonova.com\/tododemaria\/wp-json\/wp\/v2\/comments?post=2"}],"version-history":[{"count":11,"href":"https:\/\/blog.cancaonova.com\/tododemaria\/wp-json\/wp\/v2\/pages\/2\/revisions"}],"predecessor-version":[{"id":5409,"href":"https:\/\/blog.cancaonova.com\/tododemaria\/wp-json\/wp\/v2\/pages\/2\/revisions\/5409"}],"wp:attachment":[{"href":"https:\/\/blog.cancaonova.com\/tododemaria\/wp-json\/wp\/v2\/media?parent=2"}],"curies":[{"name":"wp","href":"https:\/\/api.w.org\/{rel}","templated":true}]}}