{"id":29,"date":"2012-05-03T14:56:38","date_gmt":"2012-05-03T17:56:38","guid":{"rendered":"http:\/\/blog.cancaonova.com\/tododemaria\/"},"modified":"2023-05-18T17:35:57","modified_gmt":"2023-05-18T20:35:57","slug":"por-que-se-consagrar","status":"publish","type":"page","link":"https:\/\/blog.cancaonova.com\/tododemaria\/por-que-se-consagrar\/","title":{"rendered":"Por que se consagrar?"},"content":{"rendered":"<p style=\"text-align: left\"><strong>A consagra\u00e7\u00e3o a \u00a0Sant\u00edssima Virgem como caminho de santidade.<\/strong><\/p>\n<p style=\"text-align: left\"><a href=\"http:\/\/blog.cancaonova.com\/tododemaria\/files\/2012\/05\/MariaJesus3.jpg\"><img loading=\"lazy\" decoding=\"async\" class=\"alignleft size-medium wp-image-643\" src=\"http:\/\/blog.cancaonova.com\/tododemaria\/files\/2012\/05\/MariaJesus3-200x300.jpg\" alt=\"A consagra\u00e7\u00e3o segundo o Tratado da Verdadeira Devo\u00e7\u00e3o\" width=\"200\" height=\"300\" srcset=\"https:\/\/blog.cancaonova.com\/tododemaria\/files\/2012\/05\/MariaJesus3-200x300.jpg 200w, https:\/\/blog.cancaonova.com\/tododemaria\/files\/2012\/05\/MariaJesus3.jpg 300w\" sizes=\"(max-width: 200px) 100vw, 200px\" \/><\/a><a href=\"http:\/\/blog.cancaonova.com\/tododemaria\/biografia-de-sao-luis-maria\/\">S\u00e3o Lu\u00eds Maria Grignion de Montfort<\/a> afirma que Jesus ainda \u00e9 para n\u00f3s um desconhecido porque ainda n\u00e3o conhecemos Maria (TVD 13). Em vista disso, o \u201c<a href=\"http:\/\/blog.cancaonova.com\/tododemaria\/tratado\/\">Tratado da Verdadeira Devo\u00e7\u00e3o \u00e0 Sant\u00edssima Virgem<\/a>\u201d e a consagra\u00e7\u00e3o a Maria s\u00e3o formas de conhecer Nossa Senhora, e em consequ\u00eancia, conhecer Jesus. Ao aprofundar o conhecimento da Virgem Maria atrav\u00e9s da leitura do Tratado e da <a href=\"http:\/\/blog.cancaonova.com\/tododemaria\/consagracao\/\">consagra\u00e7\u00e3o a Maria<\/a>, conheceremos mais Cristo e mais facilmente seremos fi\u00e9is a Ele.<\/p>\n<p style=\"text-align: left\">No Tratado, S\u00e3o Lu\u00eds diz que Maria \u00e9 um nada diante de Deus, e que Ele n\u00e3o tem, nem teve necessidade dela na realiza\u00e7\u00e3o de Sua vontade (TVD 13). Por\u00e9m, Ela \u201cencontrou gra\u00e7a diante do Senhor\u201d (Lc 1, 30), que quis come\u00e7ar suas maiores obras por meio da Virgem Maria. Jesus veio ao mundo, na Sua Encarna\u00e7\u00e3o, por meio de Nossa Senhora e, na Sua segunda vinda, tamb\u00e9m vir\u00e1 pelas m\u00e3os dela (TVD 14).<\/p>\n<p style=\"text-align: left\">O Pai gerou, pelo Esp\u00edrito Santo, Jesus Cristo no ventre de Maria. Da mesma forma, o Pai gera em Nossa Senhora, pelo Esp\u00edrito, os membros da Igreja. Por meio de Maria, Deus quer que aumente sempre o n\u00famero de seus filhos at\u00e9 a consuma\u00e7\u00e3o dos s\u00e9culos (TVD 29). Como na gera\u00e7\u00e3o natural, todo filho tem um pai e uma m\u00e3e, na gera\u00e7\u00e3o sobrenatural, Deus \u00e9 Pai de todos os filhos e Maria \u00e9 M\u00e3e. Todos os verdadeiros filhos t\u00eam Deus por Pai e Maria por M\u00e3e (TVD 30).<\/p>\n<p style=\"text-align: left\">Quando Maria est\u00e1 presente em uma alma, o Esp\u00edrito Santo est\u00e1 nela plenamente e se comunica com ela. Um dos motivos do Esp\u00edrito n\u00e3o realizar maravilhas nas almas \u00e9 que n\u00e3o encontra nelas uma uni\u00e3o \u00edntima com sua fiel Esposa, a Virgem Maria (TVD 36). A consagra\u00e7\u00e3o a Virgem Maria \u00e9 esta abertura, para que o Esp\u00edrito Santo forme Cristo em n\u00f3s. Com a consagra\u00e7\u00e3o, come\u00e7a em n\u00f3s o Reino de Maria, e por ela se inicia o Reino de Cristo.<\/p>\n<p style=\"text-align: left\">O fiel batizado na Igreja Cat\u00f3lica encontra na consagra\u00e7\u00e3o a Sant\u00edssima Virgem Maria um caminho r\u00e1pido e seguro de santifica\u00e7\u00e3o, de crescimento na gra\u00e7a. Por isso, recomenda-se a todos os fi\u00e9is, que queiram viver com fidelidade as promessas do batismo, ou seja, buscar a santidade, a fazer a consagra\u00e7\u00e3o. Esta consagra\u00e7\u00e3o \u00e9 para todos que tem a vontade de corresponder a sua voca\u00e7\u00e3o \u00e0 santidade. Todo o batizado que deseja viver com fidelidade as promessas do batismo e esteja em situa\u00e7\u00e3o regular, pode e deve se consagrar, pois a consagra\u00e7\u00e3o o ajudar\u00e1 a ser fiel na busca pela santidade.<\/p>\n<p>P\u00e1gina traduzida em franc\u00eas:\u00a0<a href=\"https:\/\/www.consecrationamarie.fr\/porquoi-se-consacrer\">Porquoi se consacrer?<\/a><\/p>\n","protected":false},"excerpt":{"rendered":"<p>A consagra\u00e7\u00e3o a \u00a0Sant\u00edssima Virgem como caminho de santidade. S\u00e3o Lu\u00eds Maria Grignion de Montfort afirma que Jesus ainda \u00e9 para n\u00f3s um desconhecido porque ainda n\u00e3o conhecemos Maria (TVD 13). Em vista disso, o \u201cTratado da Verdadeira Devo\u00e7\u00e3o \u00e0&#8230;<\/p>\n","protected":false},"author":4539,"featured_media":0,"parent":0,"menu_order":5,"comment_status":"open","ping_status":"closed","template":"","meta":{"_mi_skip_tracking":false,"_monsterinsights_sitenote_active":false,"_monsterinsights_sitenote_note":"","_monsterinsights_sitenote_category":0,"footnotes":""},"_links":{"self":[{"href":"https:\/\/blog.cancaonova.com\/tododemaria\/wp-json\/wp\/v2\/pages\/29"}],"collection":[{"href":"https:\/\/blog.cancaonova.com\/tododemaria\/wp-json\/wp\/v2\/pages"}],"about":[{"href":"https:\/\/blog.cancaonova.com\/tododemaria\/wp-json\/wp\/v2\/types\/page"}],"author":[{"embeddable":true,"href":"https:\/\/blog.cancaonova.com\/tododemaria\/wp-json\/wp\/v2\/users\/4539"}],"replies":[{"embeddable":true,"href":"https:\/\/blog.cancaonova.com\/tododemaria\/wp-json\/wp\/v2\/comments?post=29"}],"version-history":[{"count":9,"href":"https:\/\/blog.cancaonova.com\/tododemaria\/wp-json\/wp\/v2\/pages\/29\/revisions"}],"predecessor-version":[{"id":9144,"href":"https:\/\/blog.cancaonova.com\/tododemaria\/wp-json\/wp\/v2\/pages\/29\/revisions\/9144"}],"wp:attachment":[{"href":"https:\/\/blog.cancaonova.com\/tododemaria\/wp-json\/wp\/v2\/media?parent=29"}],"curies":[{"name":"wp","href":"https:\/\/api.w.org\/{rel}","templated":true}]}}