{"id":33,"date":"2012-05-03T15:01:43","date_gmt":"2012-05-03T18:01:43","guid":{"rendered":"http:\/\/blog.cancaonova.com\/tododemaria\/"},"modified":"2023-05-18T17:29:39","modified_gmt":"2023-05-18T20:29:39","slug":"biografia-de-sao-luis-maria","status":"publish","type":"page","link":"https:\/\/blog.cancaonova.com\/tododemaria\/biografia-de-sao-luis-maria\/","title":{"rendered":"Quem \u00e9 S\u00e3o Lu\u00eds Maria?"},"content":{"rendered":"<p><span style=\"color: #000080\"><span style=\"color: #000000\"><span style=\"font-family: 'Times New Roman', serif\"><a href=\"http:\/\/blog.cancaonova.com\/tododemaria\/files\/2012\/05\/Sao-Luis-Maria-Grignion-de-Montfort1.jpg\"><img loading=\"lazy\" decoding=\"async\" class=\"alignleft size-medium wp-image-52\" src=\"http:\/\/blog.cancaonova.com\/tododemaria\/files\/2012\/05\/Sao-Luis-Maria-Grignion-de-Montfort1-203x300.jpg\" alt=\"S\u00e3o Lu\u00eds Maria Grignion de Montfort\" width=\"203\" height=\"300\" srcset=\"https:\/\/blog.cancaonova.com\/tododemaria\/files\/2012\/05\/Sao-Luis-Maria-Grignion-de-Montfort1-203x300.jpg 203w, https:\/\/blog.cancaonova.com\/tododemaria\/files\/2012\/05\/Sao-Luis-Maria-Grignion-de-Montfort1.jpg 694w\" sizes=\"(max-width: 203px) 100vw, 203px\" \/><\/a><\/span><\/span><\/span><\/p>\n<p style=\"text-align: left\"><strong>Conhe\u00e7a a vida de\u00a0S\u00e3o Lu\u00eds Maria Grignion de Montfort, grande sacerdote, mission\u00e1rio zeloso, que ficou conhecido como &#8220;Ap\u00f3stolo da Virgem Maria&#8221;.<\/strong><\/p>\n<p style=\"text-align: left\">S\u00e3o Lu\u00eds Maria Grignion de Montfort nasceu em 31 de Janeiro de 1673, em Montfort, na Bretanha francesa. Seu pai era Jo\u00e3o Batista Grignion de Bachelleraie e sua m\u00e3e, Joanna Visuelle de Chesnais. Ele era o filho mais velho de uma fam\u00edlia numerosa. Teve, ao todo 17 irm\u00e3os, dos quais um padre, um irm\u00e3o dominicano, uma irm\u00e3 beneditina e uma irm\u00e3 sacramentina. O Santo foi batizado logo depois do seu nascimento, recebendo o nome de Lu\u00eds. Ao receber o Crisma, acrescentou o nome de Maria. Algum tempo depois, abandonou o nome da fam\u00edlia e passou a se chamar Lu\u00eds Maria Montfort.<\/p>\n<p style=\"text-align: left\">Com 11 anos entrou no col\u00e9gio jesu\u00edta de Rennes e nele recebeu s\u00f3lida forma\u00e7\u00e3o humana e espiritual. No mesmo col\u00e9gio, concluiu o curso de filosofia em 1692 e, sentindo-se chamado ao sacerd\u00f3cio, vai no ano seguinte para Paris, afim de entrar no Semin\u00e1rio de S\u00e3o Sulp\u00edcio e estudar teologia na Universidade de Sorbonne. Recebeu excelente forma\u00e7\u00e3o teol\u00f3gica, que foi a base do seu trabalho mission\u00e1rio. Foi ordenado sacerdote em 5 de Junho de 1700. Decidiu ser padre para dedicar-se \u00e0 evangeliza\u00e7\u00e3o dos povos estrangeiros, socorrer os pobres e proclamar o Reino de Jesus Cristo por Maria.<\/p>\n<p style=\"text-align: left\"><strong>Assista v\u00eddeo sobre a vida de <a title=\"S\u00e3o Lu\u00eds Maria Grignion de Montfort\" href=\"https:\/\/www.youtube.com\/watch?v=fzayMyCwKBY\" target=\"_blank\" rel=\"noopener\">S\u00e3o Lu\u00eds Maria Grignion de Montfort<\/a>:<\/strong><\/p>\n<p style=\"text-align: left\"><iframe loading=\"lazy\" width=\"640\" height=\"360\" src=\"https:\/\/www.youtube-nocookie.com\/embed\/fzayMyCwKBY?rel=0&amp;showinfo=0\" frameborder=\"0\" allowfullscreen><\/iframe><\/p>\n<p style=\"text-align: left\"><strong>Ou\u00e7a aula do <a title=\"Padre Paulo Ricardo\" href=\"https:\/\/padrepauloricardo.org\/\" target=\"_blank\" rel=\"noopener\">Padre Paulo Ricardo<\/a> sobre &#8220;<a title=\"A vida de S\u00e3o Lu\u00eds Maria Grignion de Montfort\" href=\"https:\/\/padrepauloricardo.org\/blog\/a-vida-de-sao-luis-maria-grignion-de-montfort\" target=\"_blank\" rel=\"noopener\">A vida de\u00a0S\u00e3o Lu\u00eds Maria Grignion de Montfort<\/a>&#8220;:\u00a0<\/strong><\/p>\n<p style=\"text-align: left\"><iframe loading=\"lazy\" width=\"100%\" height=\"166\" scrolling=\"no\" frameborder=\"no\" src=\"https:\/\/w.soundcloud.com\/player\/?url=https%3A\/\/api.soundcloud.com\/tracks\/146964039&color=ff5500\"><\/iframe><\/p>\n<p style=\"text-align: left\">Em Julho de 1706, S\u00e3o Lu\u00eds Maria vai a p\u00e9 a Roma para ser recebido pelo Papa Clemente XI e confirmar sua voca\u00e7\u00e3o mission\u00e1ria. No dia 6 de Julho desse ano, o Papa confere a ele o t\u00edtulo de Mission\u00e1rio Apost\u00f3lico e lhe pede que seja mission\u00e1rio na Fran\u00e7a para renovar o esp\u00edrito do cristianismo nos crist\u00e3os. Montfort tornou-se um grande mission\u00e1rio, que destacou-se pela sua devo\u00e7\u00e3o a Virgem Maria. Fundou a Congrega\u00e7\u00e3o dos Mission\u00e1rios Monfortinos, das Filhas da Sabedoria e dos Irm\u00e3os de S\u00e3o Gabriel. Tamb\u00e9m escreveu v\u00e1rios livros, dos quais destaca-se o \u201c<a href=\"http:\/\/blog.cancaonova.com\/tododemaria\/tratado\/\">Tratado da Verdadeira Devo\u00e7\u00e3o \u00e0 Sant\u00edssima Virgem<\/a>\u201d. Nesse Livro, S\u00e3o Lu\u00eds apresenta seu m\u00e9todo de <a href=\"http:\/\/blog.cancaonova.com\/tododemaria\/consagracao\/\">consagra\u00e7\u00e3o a Jesus Cristo pelas m\u00e3os da Virgem Maria<\/a>, que foi a <a href=\"http:\/\/blog.cancaonova.com\/tododemaria\/joao-paulo-ii-e-a-sua-devocao-a-virgem-maria\/\">consagra\u00e7\u00e3o do Beato Jo\u00e3o Paulo II <\/a>e tantos outros santos e santas.<\/p>\n<p style=\"text-align: left\">S\u00e3o Lu\u00eds Maria morreu em 28 de Abril de 1716, aos 43 anos, depois de ter realizado mais de 100 miss\u00f5es populares. Foi canonizado pelo Papa Pio XII, em Roma, a 20 de Julho de 1947. Foi um mission\u00e1rio itinerante, zeloso na evangeliza\u00e7\u00e3o dos pobres. Levava sempre a B\u00edblia, o crucifixo e o ros\u00e1rio, que resumem sua experi\u00eancia espiritual e a sua mensagem: conhecer e amar a Virgem Maria para conhecer e amar o Cristo.<\/p>\n<p style=\"text-align: left\">Fonte: <a href=\"http:\/\/www.monfortinos.com\/\">Pe. Am\u00edlcar Jos\u00e9 Alves Tavares, SMM<\/a>.<\/p>\n<p style=\"text-align: left\"><strong>Links relacionados:<\/strong><\/p>\n<p style=\"text-align: left\">TODO DE MARIA.\u00a0<a href=\"http:\/\/blog.cancaonova.com\/tododemaria\/a-vida-de-sao-luis-maria\/\" target=\"_blank\" rel=\"noopener\">A vida de S\u00e3o Lu\u00eds Maria<\/a>.<\/p>\n<p style=\"text-align: left\">TODO DE MARIA.\u00a0<a href=\"http:\/\/blog.cancaonova.com\/tododemaria\/o-inicio-da-missao-de-sao-luis-maria\/\" target=\"_blank\" rel=\"noopener\">O in\u00edcio da miss\u00e3o de S\u00e3o Lu\u00eds Maria<\/a>.<\/p>\n<p style=\"text-align: left\">TODO DE MARIA.\u00a0<a href=\"http:\/\/blog.cancaonova.com\/tododemaria\/sao-luis-maria-missionario-ate-a-morte\/\" target=\"_blank\" rel=\"noopener\">S\u00e3o Lu\u00eds Maria, mission\u00e1rio at\u00e9 a morte<\/a>.<\/p>\n","protected":false},"excerpt":{"rendered":"<p>Conhe\u00e7a a vida de\u00a0S\u00e3o Lu\u00eds Maria Grignion de Montfort, grande sacerdote, mission\u00e1rio zeloso, que ficou conhecido como &#8220;Ap\u00f3stolo da Virgem Maria&#8221;. S\u00e3o Lu\u00eds Maria Grignion de Montfort nasceu em 31 de Janeiro de 1673, em Montfort, na Bretanha francesa. Seu&#8230;<\/p>\n","protected":false},"author":4539,"featured_media":0,"parent":0,"menu_order":6,"comment_status":"open","ping_status":"closed","template":"","meta":{"_mi_skip_tracking":false,"_monsterinsights_sitenote_active":false,"_monsterinsights_sitenote_note":"","_monsterinsights_sitenote_category":0,"footnotes":""},"_links":{"self":[{"href":"https:\/\/blog.cancaonova.com\/tododemaria\/wp-json\/wp\/v2\/pages\/33"}],"collection":[{"href":"https:\/\/blog.cancaonova.com\/tododemaria\/wp-json\/wp\/v2\/pages"}],"about":[{"href":"https:\/\/blog.cancaonova.com\/tododemaria\/wp-json\/wp\/v2\/types\/page"}],"author":[{"embeddable":true,"href":"https:\/\/blog.cancaonova.com\/tododemaria\/wp-json\/wp\/v2\/users\/4539"}],"replies":[{"embeddable":true,"href":"https:\/\/blog.cancaonova.com\/tododemaria\/wp-json\/wp\/v2\/comments?post=33"}],"version-history":[{"count":23,"href":"https:\/\/blog.cancaonova.com\/tododemaria\/wp-json\/wp\/v2\/pages\/33\/revisions"}],"predecessor-version":[{"id":9199,"href":"https:\/\/blog.cancaonova.com\/tododemaria\/wp-json\/wp\/v2\/pages\/33\/revisions\/9199"}],"wp:attachment":[{"href":"https:\/\/blog.cancaonova.com\/tododemaria\/wp-json\/wp\/v2\/media?parent=33"}],"curies":[{"name":"wp","href":"https:\/\/api.w.org\/{rel}","templated":true}]}}