{"id":367,"date":"2012-06-30T11:04:02","date_gmt":"2012-06-30T14:04:02","guid":{"rendered":"http:\/\/blog.cancaonova.com\/tododemaria\/"},"modified":"2024-06-27T17:04:34","modified_gmt":"2024-06-27T20:04:34","slug":"autor","status":"publish","type":"page","link":"https:\/\/blog.cancaonova.com\/tododemaria\/autor\/","title":{"rendered":"Autor"},"content":{"rendered":"<p style=\"text-align: left\">Meu nome \u00e9 Natalino Ueda, sou sacerdote incardinado na Arquidiocese de Cuiab\u00e1-MT. Fui ordenado no dia 12 de Dezembro de 2020, por Dom Milton Ant\u00f4nio dos Santos, ent\u00e3o Arcebispo de Cuiab\u00e1. Em minha ordena\u00e7\u00e3o sacerdotal, celebrada na festa de Nossa Senhora de Guadalupe, confiei meu sacerd\u00f3cio nas m\u00e3os sant\u00edssimas da Virgem Maria, com o lema:<em>\u201c<\/em><em>Tuus\u00a0<\/em>\u00a0<em>totus\u00a0<\/em>\u00a0<em>ego<\/em>\u00a0\u00a0<em>sum,<\/em>\u00a0\u00a0<em>et<\/em>\u00a0\u00a0<em>omnia<\/em>\u00a0\u00a0<em>mea<\/em>\u00a0\u00a0<em>tua<\/em>\u00a0\u00a0<em>sunt<\/em><em>\u201d<\/em>, que quer dizer: \u201cEu sou todo teu, e tudo o que \u00e9 meu te pertence\u201d.<\/p>\n<p style=\"text-align: left\">Fui mission\u00e1rio da <a href=\"http:\/\/comunidade.cancaonova.com\/\">Comunidade Can\u00e7\u00e3o Nova<\/a>\u00a0 de2005 a 2015. Escrever este Blog faz parte de um tempo novo que estou vivendo em minha voca\u00e7\u00e3o. Em 2011, dez anos depois de ler o \u201c<a href=\"http:\/\/blog.cancaonova.com\/tododemaria\/tratado\/\">Tratado da Verdadeira Devo\u00e7\u00e3o \u00e0 Sant\u00edssima Virgem<\/a>\u201d, de <a href=\"http:\/\/blog.cancaonova.com\/tododemaria\/biografia-de-sao-luis-maria\/\">S\u00e3o Lu\u00eds Maria Grignion de Montfort<\/a>, voltei a ter contato com o Livro. Isso aconteceu depois que eu ouvi as prega\u00e7\u00f5es do Padre Paulo Ricardo no <a href=\"http:\/\/consagrate.com\/2012\/06\/videos-do-i-encontro-consagra-te-em-mt\/\">I Consagra-te de Cuiab\u00e1<\/a>.<\/p>\n<p style=\"text-align: left\">Estas prega\u00e7\u00f5es me fizeram compreender a grandeza da consagra\u00e7\u00e3o total a Virgem Maria, que santificou tantos homens e mulheres desde os prim\u00f3rdios da Igreja. O <a href=\"http:\/\/blog.cancaonova.com\/tododemaria\/o-metodo-de-consagracao-a-maria\/\">m\u00e9todo de S\u00e3o Lu\u00eds<\/a> \u00e9 do s\u00e9culo XVIII, mas a consagra\u00e7\u00e3o a Maria \u00e9 uma pr\u00e1tica existente desde os prim\u00f3rdios da Igreja. Depois de fazer minha prepara\u00e7\u00e3o, retomando a leitura do Tratado e estudando-o durante tr\u00eas meses, fiz a <a href=\"http:\/\/blog.cancaonova.com\/tododemaria\/consagracao\/\">consagra\u00e7\u00e3o total a Virgem Maria<\/a> dia 8 de Dezembro de 2012, na solenidade da Imaculada Concei\u00e7\u00e3o de Maria.<\/p>\n<p style=\"text-align: left\">A inspira\u00e7\u00e3o de escrever o blog Todo de Maria surgiu em minha ora\u00e7\u00e3o pessoal, na capela da Casa de Nazar\u00e9, que \u00e9 uma das casas comunit\u00e1rias da Comunidade Can\u00e7\u00e3o Nova. Neste tempo, estava envolvido em outras atividades, mas, no final do ano, fui transferido para o trabalhar no Portal Can\u00e7\u00e3o Nova, no qual j\u00e1 havia trabalhado como fot\u00f3grafo. Conversei com o Jorge, ent\u00e3o superintendente do setor e ele pediu para eu ajudar na parte de conte\u00fado. Falei da inspira\u00e7\u00e3o que tive de escrever um blog sobre a Virgem Maria e ele prontamente acolheu.<\/p>\n<p style=\"text-align: left\">A partir dessa conversa, que se deu no in\u00edcio do ano de 2012, comecei a escrever, mas ainda n\u00e3o tinha o nome do blog. Passei ent\u00e3o a pensar e fiz uma enorme lista de prov\u00e1veis nomes. Dentre eles, pensei em \u201c<em>Totus Tuus<\/em>\u201d, que foi o lema do pontificado do Papa Jo\u00e3o Paulo II, que tornou amplamente conhecida a consagra\u00e7\u00e3o total a Virgem Maria. Pensei em muitos outros nomes at\u00e9 que, em uma conversa com o Paulo Moraes, respons\u00e1vel pelos blogs da Can\u00e7\u00e3o Nova, dentre outros nomes, ele disse: \u201cTodo de Maria\u201d. Eu j\u00e1 havia pensado neste nome, inclusive o tinha escrito na lista, mas quando ele falou nele, tive a certeza de que era esse o nome que Nossa Senhora queria para o Blog.<\/p>\n<p style=\"text-align: left\">Em 2 de Maio de 2012, publicamos o primeiro post do blog Todo de Maria, intitulado \u201c<a href=\"http:\/\/blog.cancaonova.com\/tododemaria\/todo-de-maria-todo-de-jesus\/\">Todo de Maria, todo de Jesus<\/a>\u201d. Este artigo diz muito da minha vida, da minha voca\u00e7\u00e3o, que \u00e9 levar voc\u00ea a ser todo de Maria, para que ela te fa\u00e7a todo de Jesus e te ajude a alcan\u00e7ar a salva\u00e7\u00e3o. Atrav\u00e9s deste Blog, quero que voc\u00ea fa\u00e7a a mesma experi\u00eancia que eu fiz, de encontrar em Maria um caminho f\u00e1cil, curto, perfeito e seguro para chegar a Jesus Cristo (cf. TVD 152).<\/p>\n<p style=\"text-align: left\">Padre Natalino Ueda, escravo in\u00fatil de Jesus em Maria.<\/p>\n<p style=\"text-align: left\">Contatos: <a href=\"https:\/\/web.facebook.com\/padrenatalinoueda\/\">Facebook<\/a>, <a href=\"https:\/\/twitter.com\/pe_natalinoueda\">Twitter.<\/a><\/p>\n","protected":false},"excerpt":{"rendered":"<p>Meu nome \u00e9 Natalino Ueda, sou sacerdote incardinado na Arquidiocese de Cuiab\u00e1-MT. Fui ordenado no dia 12 de Dezembro de 2020, por Dom Milton Ant\u00f4nio dos Santos, ent\u00e3o Arcebispo de Cuiab\u00e1. Em minha ordena\u00e7\u00e3o sacerdotal, celebrada na festa de Nossa&#8230;<\/p>\n","protected":false},"author":4539,"featured_media":0,"parent":0,"menu_order":0,"comment_status":"open","ping_status":"closed","template":"","meta":{"_mi_skip_tracking":false,"_monsterinsights_sitenote_active":false,"_monsterinsights_sitenote_note":"","_monsterinsights_sitenote_category":0,"footnotes":""},"_links":{"self":[{"href":"https:\/\/blog.cancaonova.com\/tododemaria\/wp-json\/wp\/v2\/pages\/367"}],"collection":[{"href":"https:\/\/blog.cancaonova.com\/tododemaria\/wp-json\/wp\/v2\/pages"}],"about":[{"href":"https:\/\/blog.cancaonova.com\/tododemaria\/wp-json\/wp\/v2\/types\/page"}],"author":[{"embeddable":true,"href":"https:\/\/blog.cancaonova.com\/tododemaria\/wp-json\/wp\/v2\/users\/4539"}],"replies":[{"embeddable":true,"href":"https:\/\/blog.cancaonova.com\/tododemaria\/wp-json\/wp\/v2\/comments?post=367"}],"version-history":[{"count":22,"href":"https:\/\/blog.cancaonova.com\/tododemaria\/wp-json\/wp\/v2\/pages\/367\/revisions"}],"predecessor-version":[{"id":9238,"href":"https:\/\/blog.cancaonova.com\/tododemaria\/wp-json\/wp\/v2\/pages\/367\/revisions\/9238"}],"wp:attachment":[{"href":"https:\/\/blog.cancaonova.com\/tododemaria\/wp-json\/wp\/v2\/media?parent=367"}],"curies":[{"name":"wp","href":"https:\/\/api.w.org\/{rel}","templated":true}]}}