{"id":60,"date":"2019-10-13T15:31:47","date_gmt":"2019-10-13T18:31:47","guid":{"rendered":"http:\/\/blog.cancaonova.com\/usa\/?page_id=60"},"modified":"2019-10-13T17:05:14","modified_gmt":"2019-10-13T20:05:14","slug":"sobre","status":"publish","type":"page","link":"https:\/\/blog.cancaonova.com\/usa\/sobre\/","title":{"rendered":"Sobre"},"content":{"rendered":"<h2>Miss\u00e3o da Can\u00e7\u00e3o Nova nos Estados Unidos.<\/h2>\n<p>A casa de miss\u00e3o da Can\u00e7\u00e3o Nova nos Estados Unidos foi inaugurada oficialmente em 2004, no estado do Texas. Os primeiros trabalhos realizados foram um grupo de ora\u00e7\u00e3o e a produ\u00e7\u00e3o de um jornal mensal com forma\u00e7\u00f5es e not\u00edcias da comunidade cat\u00f3lica fundada pelo monsenhor Jonas Abib.<\/p>\n<p>Em maio de 2006, o Arcebispo de Atlanta, Dom Wilton Gregory, convidou a Can\u00e7\u00e3o Nova para morar e levar a Boa Nova para a capital da Ge\u00f3rgia. Em julho de 2007, os membros foram para o local. A miss\u00e3o nas terras norte-americanas compreende a evangeliza\u00e7\u00e3o e o acompanhamento da comunidade brasileira da Arquidiocese de Atlanta, auxiliando o padre Roger Ara\u00fajo em duas igrejas; assim como a realiza\u00e7\u00e3o de encontros para os brasileiros que residem em outros estados do pa\u00eds e a responsabilidade pelas vendas da livraria e loja virtual.<\/p>\n<p>H\u00e1 Miss\u00e3o esta na atualmente na cidade de Boston.<\/p>\n<p>&nbsp;<\/p>\n","protected":false},"excerpt":{"rendered":"<p>Miss\u00e3o da Can\u00e7\u00e3o Nova nos Estados Unidos. A casa de miss\u00e3o da Can\u00e7\u00e3o Nova nos Estados Unidos foi inaugurada oficialmente em 2004, no estado do Texas. Os primeiros trabalhos realizados foram um grupo de ora\u00e7\u00e3o e a produ\u00e7\u00e3o de um&#8230;<\/p>\n","protected":false},"author":4730,"featured_media":0,"parent":0,"menu_order":0,"comment_status":"closed","ping_status":"closed","template":"","meta":{"_mi_skip_tracking":false,"_monsterinsights_sitenote_active":false,"_monsterinsights_sitenote_note":"","_monsterinsights_sitenote_category":0,"footnotes":""},"_links":{"self":[{"href":"https:\/\/blog.cancaonova.com\/usa\/wp-json\/wp\/v2\/pages\/60"}],"collection":[{"href":"https:\/\/blog.cancaonova.com\/usa\/wp-json\/wp\/v2\/pages"}],"about":[{"href":"https:\/\/blog.cancaonova.com\/usa\/wp-json\/wp\/v2\/types\/page"}],"author":[{"embeddable":true,"href":"https:\/\/blog.cancaonova.com\/usa\/wp-json\/wp\/v2\/users\/4730"}],"replies":[{"embeddable":true,"href":"https:\/\/blog.cancaonova.com\/usa\/wp-json\/wp\/v2\/comments?post=60"}],"version-history":[{"count":4,"href":"https:\/\/blog.cancaonova.com\/usa\/wp-json\/wp\/v2\/pages\/60\/revisions"}],"predecessor-version":[{"id":79,"href":"https:\/\/blog.cancaonova.com\/usa\/wp-json\/wp\/v2\/pages\/60\/revisions\/79"}],"wp:attachment":[{"href":"https:\/\/blog.cancaonova.com\/usa\/wp-json\/wp\/v2\/media?parent=60"}],"curies":[{"name":"wp","href":"https:\/\/api.w.org\/{rel}","templated":true}]}}