{"id":2,"date":"2016-12-06T09:16:59","date_gmt":"2016-12-06T11:16:59","guid":{"rendered":"http:\/\/blog.cancaonova.com\/versolalto\/?page_id=2"},"modified":"2016-12-13T15:47:36","modified_gmt":"2016-12-13T17:47:36","slug":"novo-nunca-muda","status":"publish","type":"page","link":"https:\/\/blog.cancaonova.com\/versolalto\/novo-nunca-muda\/","title":{"rendered":"In\u00edcio"},"content":{"rendered":"<p><strong>&#8220;<em>Todo escriba instru\u00eddo nas coisas do Reino dos C\u00e9us\u00a0\u00e9 comparado a um pai de fam\u00edlia que tira do seu tesouro coisas novas e velhas<\/em>.&#8221; Mt 13, 52<\/strong><\/p>\n<p>Os textos desse site s\u00e3o vis\u00f5es novas de velhos assuntos. <em>Novas<\/em>\u00a0somente porque as escrevo <em>agora<\/em> e num meio t\u00e3o <em>atual<\/em> e <em>recente<\/em> que se desenvolve a pouco mais de 20 anos. <em>Velhos<\/em> porque s\u00e3o assuntos, temas, refer\u00eancias e estudos realizados nos \u00faltimos 20 s\u00e9culos no mundo todo.<\/p>\n<p><img loading=\"lazy\" decoding=\"async\" class=\" wp-image-8 alignleft\" src=\"http:\/\/blog.cancaonova.com\/versolalto\/files\/2016\/12\/iconeBlog-300x300.jpg\" alt=\"Blog Verso l'alto\" width=\"226\" height=\"226\" srcset=\"https:\/\/blog.cancaonova.com\/versolalto\/files\/2016\/12\/iconeBlog-300x300.jpg 300w, https:\/\/blog.cancaonova.com\/versolalto\/files\/2016\/12\/iconeBlog-150x150.jpg 150w, https:\/\/blog.cancaonova.com\/versolalto\/files\/2016\/12\/iconeBlog.jpg 512w\" sizes=\"(max-width: 226px) 100vw, 226px\" \/><\/p>\n<p>Mas tamb\u00e9m s\u00e3o chamados<em> novos<\/em> porque, com eles, &#8220;<em>nosso interior renova-se de\u00a0dia\u00a0para dia<\/em>&#8221; (IICor 4, 16). E podem ser chamados <em>velhos<\/em> porque a Sabedoria que eles cont\u00e9m a muito &#8220;<em>se derrama de gera\u00e7\u00e3o em gera\u00e7\u00e3o nas almas santas e forma os amigos e os int\u00e9rpretes de Deus<\/em>&#8221; (Sb 7, 27).<\/p>\n<p>Assim, todos os textos que aqui tratam de coisas <em>novas<\/em> e <em>velhas<\/em>\u00a0tem um mesmo foco e olhar &#8220;verso l&#8217;alto&#8221; (rumo ao alto). Se \u00e0s vezes partem do hoje para o eterno (<a href=\"http:\/\/blog.cancaonova.com\/versolalto\/atualidades\/\">atualidades<\/a>), ou,\u00a0partem do eterno para o hoje (<a href=\"http:\/\/blog.cancaonova.com\/versolalto\/eternidades\/\">eternidades<\/a>), \u00e9 porque acredito que Jesus, verdadeiro Deus e verdadeiro Homem, \u00e9 o caminho da unidade que direciona a vida presente para o s\u00e9culo futuro sem erros e contradi\u00e7\u00f5es.<\/p>\n","protected":false},"excerpt":{"rendered":"<p>&#8220;Todo escriba instru\u00eddo nas coisas do Reino dos C\u00e9us\u00a0\u00e9 comparado a um pai de fam\u00edlia que tira do seu tesouro coisas novas e velhas.&#8221; Mt 13, 52 Os textos desse site s\u00e3o vis\u00f5es novas de velhos assuntos. Novas\u00a0somente porque as&#8230;<\/p>\n","protected":false},"author":4539,"featured_media":0,"parent":0,"menu_order":0,"comment_status":"closed","ping_status":"open","template":"","meta":{"footnotes":""},"_links":{"self":[{"href":"https:\/\/blog.cancaonova.com\/versolalto\/wp-json\/wp\/v2\/pages\/2"}],"collection":[{"href":"https:\/\/blog.cancaonova.com\/versolalto\/wp-json\/wp\/v2\/pages"}],"about":[{"href":"https:\/\/blog.cancaonova.com\/versolalto\/wp-json\/wp\/v2\/types\/page"}],"author":[{"embeddable":true,"href":"https:\/\/blog.cancaonova.com\/versolalto\/wp-json\/wp\/v2\/users\/4539"}],"replies":[{"embeddable":true,"href":"https:\/\/blog.cancaonova.com\/versolalto\/wp-json\/wp\/v2\/comments?post=2"}],"version-history":[{"count":6,"href":"https:\/\/blog.cancaonova.com\/versolalto\/wp-json\/wp\/v2\/pages\/2\/revisions"}],"predecessor-version":[{"id":26,"href":"https:\/\/blog.cancaonova.com\/versolalto\/wp-json\/wp\/v2\/pages\/2\/revisions\/26"}],"wp:attachment":[{"href":"https:\/\/blog.cancaonova.com\/versolalto\/wp-json\/wp\/v2\/media?parent=2"}],"curies":[{"name":"wp","href":"https:\/\/api.w.org\/{rel}","templated":true}]}}