{"id":21,"date":"2016-12-12T21:31:55","date_gmt":"2016-12-12T23:31:55","guid":{"rendered":"http:\/\/blog.cancaonova.com\/versolalto\/?page_id=21"},"modified":"2019-01-22T20:21:12","modified_gmt":"2019-01-22T22:21:12","slug":"atualidades","status":"publish","type":"page","link":"https:\/\/blog.cancaonova.com\/versolalto\/atualidades\/","title":{"rendered":"Atualidades"},"content":{"rendered":"<p><strong><img loading=\"lazy\" decoding=\"async\" class=\"size-medium wp-image-32 alignright\" src=\"http:\/\/blog.cancaonova.com\/versolalto\/files\/2016\/12\/PierGiorgio1-122x300.jpg\" alt=\"PierGiorgio1\" width=\"122\" height=\"300\" srcset=\"https:\/\/blog.cancaonova.com\/versolalto\/files\/2016\/12\/PierGiorgio1-122x300.jpg 122w, https:\/\/blog.cancaonova.com\/versolalto\/files\/2016\/12\/PierGiorgio1.jpg 162w\" sizes=\"(max-width: 122px) 100vw, 122px\" \/>&#8220;O c\u00e9u \u00e9 para quem sonha grande, pensa grande, ama grande e tem a coragem de viver pequeno.&#8221; Pe L\u00e9o scj<\/strong><\/p>\n<p>Aqui est\u00e3o agrupados alguns textos sobre coisas do cotidiano que servem como base para buscar a eternidade. \u00c9 a escalada que come\u00e7a bem debaixo e se aventura a subir pelas encostas rochosas (e nada amigas) do dia a dia.<\/p>\n<p>Filmes&#8230;<\/p>\n<p>Reflex\u00f5es&#8230;<\/p>\n<p><a href=\"https:\/\/blog.cancaonova.com\/versolalto\/2019\/01\/20\/dicas-de-leitura\/\">Dicas de Leitura!<\/a><\/p>\n<p>&nbsp;<\/p>\n<!-- AddThis Advanced Settings generic via filter on the_content --><!-- AddThis Share Buttons generic via filter on the_content -->","protected":false},"excerpt":{"rendered":"<p>&#8220;O c\u00e9u \u00e9 para quem sonha grande, pensa grande, ama grande e tem a coragem de viver pequeno.&#8221; Pe L\u00e9o scj Aqui est\u00e3o agrupados alguns textos sobre coisas do cotidiano que servem como base para buscar a eternidade. \u00c9 a&#8230;<!-- AddThis Advanced Settings generic via filter on get_the_excerpt --><!-- AddThis Share Buttons generic via filter on get_the_excerpt --><\/p>\n","protected":false},"author":4698,"featured_media":0,"parent":0,"menu_order":0,"comment_status":"closed","ping_status":"closed","template":"","meta":{"footnotes":""},"_links":{"self":[{"href":"https:\/\/blog.cancaonova.com\/versolalto\/wp-json\/wp\/v2\/pages\/21"}],"collection":[{"href":"https:\/\/blog.cancaonova.com\/versolalto\/wp-json\/wp\/v2\/pages"}],"about":[{"href":"https:\/\/blog.cancaonova.com\/versolalto\/wp-json\/wp\/v2\/types\/page"}],"author":[{"embeddable":true,"href":"https:\/\/blog.cancaonova.com\/versolalto\/wp-json\/wp\/v2\/users\/4698"}],"replies":[{"embeddable":true,"href":"https:\/\/blog.cancaonova.com\/versolalto\/wp-json\/wp\/v2\/comments?post=21"}],"version-history":[{"count":6,"href":"https:\/\/blog.cancaonova.com\/versolalto\/wp-json\/wp\/v2\/pages\/21\/revisions"}],"predecessor-version":[{"id":124,"href":"https:\/\/blog.cancaonova.com\/versolalto\/wp-json\/wp\/v2\/pages\/21\/revisions\/124"}],"wp:attachment":[{"href":"https:\/\/blog.cancaonova.com\/versolalto\/wp-json\/wp\/v2\/media?parent=21"}],"curies":[{"name":"wp","href":"https:\/\/api.w.org\/{rel}","templated":true}]}}