{"id":24,"date":"2016-12-12T21:42:44","date_gmt":"2016-12-12T23:42:44","guid":{"rendered":"http:\/\/blog.cancaonova.com\/versolalto\/?page_id=24"},"modified":"2019-01-22T20:26:27","modified_gmt":"2019-01-22T22:26:27","slug":"eternidades","status":"publish","type":"page","link":"https:\/\/blog.cancaonova.com\/versolalto\/eternidades\/","title":{"rendered":"Eternidades"},"content":{"rendered":"<p><strong><img loading=\"lazy\" decoding=\"async\" class=\"size-medium wp-image-28 alignleft\" src=\"http:\/\/blog.cancaonova.com\/versolalto\/files\/2016\/12\/pier-climbing2-225x300.jpg\" alt=\"PierGiorgio2\" width=\"225\" height=\"300\" srcset=\"https:\/\/blog.cancaonova.com\/versolalto\/files\/2016\/12\/pier-climbing2-225x300.jpg 225w, https:\/\/blog.cancaonova.com\/versolalto\/files\/2016\/12\/pier-climbing2-150x200.jpg 150w, https:\/\/blog.cancaonova.com\/versolalto\/files\/2016\/12\/pier-climbing2.jpg 345w\" sizes=\"(max-width: 225px) 100vw, 225px\" \/>&#8220;Quisera eu encontrar tamb\u00e9m um elevador que me elevasse at\u00e9 Jesus, porque sou demasiado pequena para subir a dura escada da perfei\u00e7\u00e3o.&#8221; Santa Teresa do Menino Jesus e da Sagrada Face<br \/>\n<\/strong><\/p>\n<p>Nos \u00faltimos 2 mil\u00eanios homens e mulheres extraordin\u00e1rios nos deixaram verdadeiros roteiros&nbsp;at\u00e9 o c\u00e9u e a vida de santidade. Se n\u00e3o tornam a escalada sem esfor\u00e7o, pelo menos&nbsp;direcionam e apoiam nossa subida de maneira segura. Seria uma extrema ignor\u00e2ncia (ou arrog\u00e2ncia) n\u00e3o utilizar t\u00e3o valiosos ensinamentos.<\/p>\n<p>Aqui deixo os textos organizados didaticamente por categorias e ordem de leitura.<\/p>\n<p>1. <a href=\"https:\/\/blog.cancaonova.com\/versolalto\/2018\/07\/30\/o-caminho-espiritual-segundo-as-moradas-do-castelo-interior\/\">O Caminho Espiritual seguindo as Moradas do Castelo Interior de Santa Teresa D&#8217;\u00c1vila<\/a><\/p>\n<p>2. <a href=\"https:\/\/blog.cancaonova.com\/versolalto\/2019\/01\/19\/as-virtudes-que-nos-levam-a-deus\/\">A viv\u00eancia das Virtudes Teologais para a santifica\u00e7\u00e3o pessoal<\/a><\/p>\n<p>&nbsp;<\/p>\n","protected":false},"excerpt":{"rendered":"<p>&#8220;Quisera eu encontrar tamb\u00e9m um elevador que me elevasse at\u00e9 Jesus, porque sou demasiado pequena para subir a dura escada da perfei\u00e7\u00e3o.&#8221; Santa Teresa do Menino Jesus e da Sagrada Face Nos \u00faltimos 2 mil\u00eanios homens e mulheres extraordin\u00e1rios nos&#8230;<\/p>\n","protected":false},"author":4698,"featured_media":0,"parent":0,"menu_order":0,"comment_status":"closed","ping_status":"closed","template":"","meta":{"footnotes":""},"_links":{"self":[{"href":"https:\/\/blog.cancaonova.com\/versolalto\/wp-json\/wp\/v2\/pages\/24"}],"collection":[{"href":"https:\/\/blog.cancaonova.com\/versolalto\/wp-json\/wp\/v2\/pages"}],"about":[{"href":"https:\/\/blog.cancaonova.com\/versolalto\/wp-json\/wp\/v2\/types\/page"}],"author":[{"embeddable":true,"href":"https:\/\/blog.cancaonova.com\/versolalto\/wp-json\/wp\/v2\/users\/4698"}],"replies":[{"embeddable":true,"href":"https:\/\/blog.cancaonova.com\/versolalto\/wp-json\/wp\/v2\/comments?post=24"}],"version-history":[{"count":4,"href":"https:\/\/blog.cancaonova.com\/versolalto\/wp-json\/wp\/v2\/pages\/24\/revisions"}],"predecessor-version":[{"id":125,"href":"https:\/\/blog.cancaonova.com\/versolalto\/wp-json\/wp\/v2\/pages\/24\/revisions\/125"}],"wp:attachment":[{"href":"https:\/\/blog.cancaonova.com\/versolalto\/wp-json\/wp\/v2\/media?parent=24"}],"curies":[{"name":"wp","href":"https:\/\/api.w.org\/{rel}","templated":true}]}}