{"id":10062,"date":"2023-06-21T12:00:43","date_gmt":"2023-06-21T15:00:43","guid":{"rendered":"https:\/\/blog.cancaonova.com\/vocacional\/?page_id=10062"},"modified":"2026-04-15T20:49:52","modified_gmt":"2026-04-15T23:49:52","slug":"nucleo","status":"publish","type":"page","link":"https:\/\/blog.cancaonova.com\/vocacional\/nucleo\/","title":{"rendered":"Modo de compromisso: N\u00facleo"},"content":{"rendered":"<h2><strong>O N\u00facleo da Comunidade Can\u00e7\u00e3o Nova<\/strong><em><br \/>\n<\/em><\/h2>\n<p>N\u00facleo na Can\u00e7\u00e3o Nova \u00e9 um modo de compromisso que descreve uma <strong>vida de dedica\u00e7\u00e3o integral.<\/strong><\/p>\n<div class=\"page\" title=\"Page 59\">\n<div class=\"section\">\n<div class=\"layoutArea\">\n<div class=\"column\">Os membros do Nu\u0301cleo que s\u00e3o solteiros(as), celibat\u00e1rios(as), seminaristas ou padres, moram em resid\u00eancias comunit\u00e1rias, seja nas depende\u0302ncias da pro\u0301pria Comunidade ou em moradias pr\u00f3ximas umas das outras a fim de favorecer o convi\u0301vio fraterno.<\/div>\n<div class=\"column\">S\u00e3o resid\u00eancias femininas ou masculinas.<\/div>\n<\/div>\n<\/div>\n<\/div>\n<p><a href=\"https:\/\/blog.cancaonova.com\/vocacional\/files\/2026\/04\/Fotos-para-o-Blog-13.jpg\"><img loading=\"lazy\" decoding=\"async\" class=\"aligncenter wp-image-12662 size-full\" src=\"https:\/\/blog.cancaonova.com\/vocacional\/files\/2026\/04\/Fotos-para-o-Blog-13.jpg\" alt=\"\" width=\"1920\" height=\"1080\" srcset=\"https:\/\/blog.cancaonova.com\/vocacional\/files\/2026\/04\/Fotos-para-o-Blog-13.jpg 1920w, https:\/\/blog.cancaonova.com\/vocacional\/files\/2026\/04\/Fotos-para-o-Blog-13-300x169.jpg 300w, https:\/\/blog.cancaonova.com\/vocacional\/files\/2026\/04\/Fotos-para-o-Blog-13-768x432.jpg 768w, https:\/\/blog.cancaonova.com\/vocacional\/files\/2026\/04\/Fotos-para-o-Blog-13-384x216.jpg 384w, https:\/\/blog.cancaonova.com\/vocacional\/files\/2026\/04\/Fotos-para-o-Blog-13-512x288.jpg 512w, https:\/\/blog.cancaonova.com\/vocacional\/files\/2026\/04\/Fotos-para-o-Blog-13-1024x576.jpg 1024w, https:\/\/blog.cancaonova.com\/vocacional\/files\/2026\/04\/Fotos-para-o-Blog-13-1536x864.jpg 1536w\" sizes=\"(max-width: 1920px) 100vw, 1920px\" \/><\/a><\/p>\n<h2><strong>Uma dedica\u00e7\u00e3o de vida integral<\/strong><\/h2>\n<div>A Divina Provid\u00eancia que se manifesta de forma muito concreta pela generosidade de muitas pessoas que realizam doa\u00e7\u00f5es espont\u00e2neas, participam em nossos eventos, adquirem produtos de evangeliza\u00e7\u00e3o etc.<\/div>\n<div><\/div>\n<div>Em conformidade com o Magist\u00e9rio da Igreja, a Comunidade \u00e9 respons\u00e1vel pela subsist\u00eancia digna: alimenta\u00e7\u00e3o, sa\u00fade, vestu\u00e1rio e descanso anual de seus membros.<\/div>\n<div><\/div>\n<div>A <strong>disponibilidade para remanejamento<\/strong> dos membros do N\u00facleo, em qualquer estado de vida, vem do compromisso mission\u00e1rio com a Comunidade; em obedi\u00eancia, colocam-se prontos para o apostolado onde for necess\u00e1rio.<\/div>\n<div><\/div>\n<div>Os membros do N\u00facleo garantem a continuidade do Carisma Can\u00e7\u00e3o Nova, pois viver em comunidade \u00e9 seu primeiro chamado e fonte do Carisma. Essa continuidade exige zelo para manter a fidelidade \u00e0 inspira\u00e7\u00e3o original.<\/div>\n<div><\/div>\n<div style=\"text-align: center\">\n<p><iframe loading=\"lazy\" title=\"O QUE \u00c3\u0089 O N\u00c3\u009aCLEO NA COMUNIDADE CAN\u00c3\u0087\u00c3\u0083O NOVA?\" width=\"600\" height=\"338\" src=\"https:\/\/www.youtube.com\/embed\/F5QfQjBl40o?feature=oembed&amp;rel=0\" frameborder=\"0\" allow=\"accelerometer; autoplay; clipboard-write; encrypted-media; gyroscope; picture-in-picture; web-share\" referrerpolicy=\"strict-origin-when-cross-origin\" allowfullscreen><\/iframe><\/p>\n<\/div>\n<h2><strong>Nosso primeiro chamado \u00e9 viver em comunidade<\/strong><\/h2>\n<div class=\"page\" title=\"Page 6\">\n<div class=\"layoutArea\">\n<div class=\"column\">\n<p>Padre Jonas Abib fez o apelo aos jovens para viverem em Comunidade:<\/p>\n<p><strong>\u201cQuem est\u00e1 disposto a deixar sua casa, estudo e at\u00e9 mesmo o namoro para dar um ano de sua vida para Jesus, para vir viver em comunidade e fazer o que eu fa\u00e7o com voc\u00eas?\u201d<\/strong><\/p>\n<p>A pergunta surgiu de uma inspira\u00e7\u00e3o de Deus e foi feita ap\u00f3s um tempo de Catecumenato com os jovens. O grupo j\u00e1 vinha se reunindo, e neste dia seria o encerramento de um dos encontros.<\/p>\n<p>Padre Jonas \u00e9 quem conta:<\/p>\n<div id=\"attachment_11762\" style=\"width: 310px\" class=\"wp-caption alignleft\"><a href=\"https:\/\/blog.cancaonova.com\/vocacional\/files\/2024\/07\/Padre-Jonas-chamado.jpg\"><img loading=\"lazy\" decoding=\"async\" aria-describedby=\"caption-attachment-11762\" class=\"wp-image-11762 size-medium\" src=\"https:\/\/blog.cancaonova.com\/vocacional\/files\/2024\/07\/Padre-Jonas-chamado-300x300.jpg\" alt=\"Padre Jonas Abib, na Sala do Chamado, olhando a palavra do desafio\" width=\"300\" height=\"300\" srcset=\"https:\/\/blog.cancaonova.com\/vocacional\/files\/2024\/07\/Padre-Jonas-chamado-300x300.jpg 300w, https:\/\/blog.cancaonova.com\/vocacional\/files\/2024\/07\/Padre-Jonas-chamado-150x150.jpg 150w, https:\/\/blog.cancaonova.com\/vocacional\/files\/2024\/07\/Padre-Jonas-chamado.jpg 650w\" sizes=\"(max-width: 300px) 100vw, 300px\" \/><\/a><p id=\"caption-attachment-11762\" class=\"wp-caption-text\">Padre Jonas Abib na Sala do Chamado na Can\u00e7\u00e3o Nova em Queluz\/SP<\/p><\/div>\n<p>\u201cFiz a primeira palestra, j\u00e1 prevista. Como era o fim de semana de Cristo Rei, falei sobre a majestade, a soberania, o senhorio de Jesus. A palestra, sem que eu imaginasse, preparou o ambiente para que eu fizesse a proposta aos jovens. Para meu espanto, uma turma enorme se levantou. Refiz a pergunta e o mesmo n\u00famero aceitou. Ent\u00e3o eu disse a eles que tinham at\u00e9 janeiro para me dar uma resposta por escrito, com a permiss\u00e3o de seus pais.\u201d<\/p>\n<p>Pouco mais de dois meses depois, no dia 2 de fevereiro de 1978, se inaugurava a Comunidade Can\u00e7\u00e3o Nova, com 12 pessoas.<\/p>\n<p>&nbsp;<\/p>\n<p>&nbsp;<\/p>\n<p>&nbsp;<\/p>\n<p>Quer conhecer um pouco mais do carisma?<\/p>\n<p><span style=\"font-weight: 400\">\u27a1\ufe0f Fa\u00e7a sua inscri\u00e7\u00e3o no <\/span><b>Vocacional Can\u00e7\u00e3o Nova<\/b><b><br \/>\n<\/b><a href=\"https:\/\/linktr.ee\/vocacionalcancaonova\"><span style=\"font-weight: 400\">https:\/\/linktr.ee\/vocacionalcancaonova<\/span><\/a><\/p>\n<\/div>\n<\/div>\n<\/div>\n","protected":false},"excerpt":{"rendered":"<p>O N\u00facleo da Comunidade Can\u00e7\u00e3o Nova N\u00facleo na Can\u00e7\u00e3o Nova \u00e9 um modo de compromisso que descreve uma vida de dedica\u00e7\u00e3o integral. Os membros do Nu\u0301cleo que s\u00e3o solteiros(as), celibat\u00e1rios(as), seminaristas ou padres, moram em resid\u00eancias comunit\u00e1rias, seja nas depende\u0302ncias&#8230;<\/p>\n","protected":false},"author":4612,"featured_media":12662,"parent":0,"menu_order":0,"comment_status":"closed","ping_status":"closed","template":"","meta":{"_mi_skip_tracking":false,"_monsterinsights_sitenote_active":false,"_monsterinsights_sitenote_note":"","_monsterinsights_sitenote_category":0,"_joinchat":[],"footnotes":""},"_links":{"self":[{"href":"https:\/\/blog.cancaonova.com\/vocacional\/wp-json\/wp\/v2\/pages\/10062"}],"collection":[{"href":"https:\/\/blog.cancaonova.com\/vocacional\/wp-json\/wp\/v2\/pages"}],"about":[{"href":"https:\/\/blog.cancaonova.com\/vocacional\/wp-json\/wp\/v2\/types\/page"}],"author":[{"embeddable":true,"href":"https:\/\/blog.cancaonova.com\/vocacional\/wp-json\/wp\/v2\/users\/4612"}],"replies":[{"embeddable":true,"href":"https:\/\/blog.cancaonova.com\/vocacional\/wp-json\/wp\/v2\/comments?post=10062"}],"version-history":[{"count":60,"href":"https:\/\/blog.cancaonova.com\/vocacional\/wp-json\/wp\/v2\/pages\/10062\/revisions"}],"predecessor-version":[{"id":12665,"href":"https:\/\/blog.cancaonova.com\/vocacional\/wp-json\/wp\/v2\/pages\/10062\/revisions\/12665"}],"wp:featuredmedia":[{"embeddable":true,"href":"https:\/\/blog.cancaonova.com\/vocacional\/wp-json\/wp\/v2\/media\/12662"}],"wp:attachment":[{"href":"https:\/\/blog.cancaonova.com\/vocacional\/wp-json\/wp\/v2\/media?parent=10062"}],"curies":[{"name":"wp","href":"https:\/\/api.w.org\/{rel}","templated":true}]}}