{"id":10064,"date":"2023-06-26T13:20:09","date_gmt":"2023-06-26T16:20:09","guid":{"rendered":"https:\/\/blog.cancaonova.com\/vocacional\/?page_id=10064"},"modified":"2026-03-23T16:46:49","modified_gmt":"2026-03-23T19:46:49","slug":"segundo-elo","status":"publish","type":"page","link":"https:\/\/blog.cancaonova.com\/vocacional\/segundo-elo\/","title":{"rendered":"Modo de Compromisso: Segundo Elo"},"content":{"rendered":"<h2>Segundo Elo da Comunidade Can\u00e7\u00e3o Nova<\/h2>\n<p>Os membros do Segundo Elo trazem em si o carisma e a miss\u00e3o Can\u00e7\u00e3o Nova, mas que, n\u00e3o podendo, por v\u00e1rios motivos, viver em regime de dedica\u00e7\u00e3o integral, continuam a exercer sua profiss\u00e3o na sociedade e a morar em sua pr\u00f3pria resid\u00eancia.<\/p>\n<p>Esses mission\u00e1rios s\u00e3o chamados a viver a identidade e miss\u00e3o da Can\u00e7\u00e3o Nova no dia a dia, entre fam\u00edlia, trabalho e vida social.<\/p>\n<p><a href=\"https:\/\/blog.cancaonova.com\/vocacional\/files\/2026\/03\/Fotos-para-o-Blog-7-2.jpg\"><img loading=\"lazy\" decoding=\"async\" class=\"aligncenter size-full wp-image-12539\" src=\"https:\/\/blog.cancaonova.com\/vocacional\/files\/2026\/03\/Fotos-para-o-Blog-7-2.jpg\" alt=\"Fam\u00edlia Sabar\u00e1: Silvana, Adilson e Sarah (Esquerda para direita)\" width=\"1920\" height=\"1080\" srcset=\"https:\/\/blog.cancaonova.com\/vocacional\/files\/2026\/03\/Fotos-para-o-Blog-7-2.jpg 1920w, https:\/\/blog.cancaonova.com\/vocacional\/files\/2026\/03\/Fotos-para-o-Blog-7-2-300x169.jpg 300w, https:\/\/blog.cancaonova.com\/vocacional\/files\/2026\/03\/Fotos-para-o-Blog-7-2-768x432.jpg 768w, https:\/\/blog.cancaonova.com\/vocacional\/files\/2026\/03\/Fotos-para-o-Blog-7-2-384x216.jpg 384w, https:\/\/blog.cancaonova.com\/vocacional\/files\/2026\/03\/Fotos-para-o-Blog-7-2-512x288.jpg 512w, https:\/\/blog.cancaonova.com\/vocacional\/files\/2026\/03\/Fotos-para-o-Blog-7-2-1024x576.jpg 1024w, https:\/\/blog.cancaonova.com\/vocacional\/files\/2026\/03\/Fotos-para-o-Blog-7-2-1536x864.jpg 1536w\" sizes=\"(max-width: 1920px) 100vw, 1920px\" \/><\/a><\/p>\n<h2><strong>Caracter\u00edsticas do Segundo Elo<\/strong><\/h2>\n<p>Os mission\u00e1rios do Segundo Elo vivem o Carisma Can\u00e7\u00e3o Nova no cotidiano, estendendo a miss\u00e3o de evangelizar e santificar o mundo.<\/p>\n<p>A atua\u00e7\u00e3o dos mission\u00e1rios desse modo de compromisso se d\u00e1 na Frente de Miss\u00e3o pr\u00f3xima, na Igreja local, fam\u00edlia, trabalho e sociedade, residem em suas casas e se sustentam com seus pr\u00f3prios recursos.<\/p>\n<div class=\"page\" title=\"Page 59\">\n<div class=\"section\">\n<div class=\"layoutArea\">\n<div class=\"page\" title=\"Page 63\">\n<div class=\"section\">\n<p><iframe loading=\"lazy\" title=\"O QUE \u00c3\u0089 SEGUNDO ELO? | COMUNIDADE CAN\u00c3\u0087\u00c3\u0083O NOVA\" width=\"600\" height=\"338\" src=\"https:\/\/www.youtube.com\/embed\/-vOYK4FQT8c?feature=oembed&amp;rel=0\" frameborder=\"0\" allow=\"accelerometer; autoplay; clipboard-write; encrypted-media; gyroscope; picture-in-picture; web-share\" referrerpolicy=\"strict-origin-when-cross-origin\" allowfullscreen><\/iframe><\/p>\n<div class=\"layoutArea\">\n<div class=\"column\">\n<p>Estes membros vivem seu compromisso santificando o ambiente onde est\u00e3o inseridos e sendo os bra\u00e7os da Can\u00e7\u00e3o Nova onde os membros do N\u00facleo n\u00e3o conseguem chegar.<\/p>\n<p>Os membros do Segundo Elo, a seu modo, t\u00eam a responsabilidade de, juntamente com o N\u00facleo, perpetuar o Carisma.<\/p>\n<\/div>\n<h2>Luz no mundo<\/h2>\n<div class=\"column\">\n<p>Os mission\u00e1rios do segundo elo contribuem para a perpetua\u00e7\u00e3o do Carisma, auxiliando o N\u00facleo no relacionamento com a Igreja, com o povo de Deus e na incultura\u00e7\u00e3o da f\u00e9.<\/p>\n<div id=\"attachment_11830\" style=\"width: 310px\" class=\"wp-caption alignleft\"><a href=\"https:\/\/blog.cancaonova.com\/vocacional\/files\/2024\/08\/Gildeane-Maciel-CN.jpg\"><img loading=\"lazy\" decoding=\"async\" aria-describedby=\"caption-attachment-11830\" class=\"wp-image-11830 size-medium\" src=\"https:\/\/blog.cancaonova.com\/vocacional\/files\/2024\/08\/Gildeane-Maciel-CN-300x300.jpg\" alt=\"\" width=\"300\" height=\"300\" data-wp-editing=\"1\" srcset=\"https:\/\/blog.cancaonova.com\/vocacional\/files\/2024\/08\/Gildeane-Maciel-CN-300x300.jpg 300w, https:\/\/blog.cancaonova.com\/vocacional\/files\/2024\/08\/Gildeane-Maciel-CN-150x150.jpg 150w, https:\/\/blog.cancaonova.com\/vocacional\/files\/2024\/08\/Gildeane-Maciel-CN-768x768.jpg 768w, https:\/\/blog.cancaonova.com\/vocacional\/files\/2024\/08\/Gildeane-Maciel-CN.jpg 1080w\" sizes=\"(max-width: 300px) 100vw, 300px\" \/><\/a><p id=\"caption-attachment-11830\" class=\"wp-caption-text\">Gildeane Maciel (Segundo Elo &#8211; Frente de Miss\u00e3o de Aracaju\/SE)<\/p><\/div>\n<\/div>\n<\/div>\n<\/div>\n<\/div>\n<\/div>\n<\/div>\n<\/div>\n<div>A mission\u00e1ria Gildeane Maciel, conta como identificou seu chamado vocacional:<\/div>\n<div>\u201cNo in\u00edcio, comecei meu caminho para o n\u00facleo, mas percebi que a vontade de Deus era o segundo Elo. Percebi que Deus me mostrava que eu precisava evangelizar em minha casa, no trabalho, em minha par\u00f3quia. Ser comunidade fora da comunidade. Ser luz neste mundo. Hoje, estou feliz realizando minha voca\u00e7\u00e3o\u201d<\/div>\n<div><\/div>\n<div>Voc\u00ea pode ser luz nesse mundo e discenir se a Can\u00e7\u00e3o Nova \u00e9 o seu lugar.<\/div>\n<div><\/div>\n<div>Se ficou alguma d\u00favida entre em contato atrav\u00e9s:<\/div>\n<div><a href=\"https:\/\/wa.me\/12992261427\">WhatsApp<\/a><\/div>\n<div><a href=\"http:\/&#47;&#x76;&#x6f;ca&#99;&#x69;&#x6f;n&#97;&#x6c;&#x40;co&#109;&#x75;&#x6e;i&#100;&#x61;&#x64;ec&#97;&#x6e;&#x63;ao&#x6e;&#x6f;va&#46;&#x63;&#x6f;m\">Email<\/a><\/div>\n<p>N\u00e3o perca tempo e fa\u00e7a o <a href=\"https:\/\/mailchi.mp\/bac3d468ce0d\/voce-foi-atraido-pela-cancao\" target=\"_blank\" rel=\"noopener\">Cadastro Vocacional <\/a><\/p>\n","protected":false},"excerpt":{"rendered":"<p>Segundo Elo da Comunidade Can\u00e7\u00e3o Nova Os membros do Segundo Elo trazem em si o carisma e a miss\u00e3o Can\u00e7\u00e3o Nova, mas que, n\u00e3o podendo, por v\u00e1rios motivos, viver em regime de dedica\u00e7\u00e3o integral, continuam a exercer sua profiss\u00e3o na&#8230;<\/p>\n","protected":false},"author":4612,"featured_media":0,"parent":0,"menu_order":0,"comment_status":"closed","ping_status":"closed","template":"","meta":{"_mi_skip_tracking":false,"_monsterinsights_sitenote_active":false,"_monsterinsights_sitenote_note":"","_monsterinsights_sitenote_category":0,"_joinchat":[],"footnotes":""},"_links":{"self":[{"href":"https:\/\/blog.cancaonova.com\/vocacional\/wp-json\/wp\/v2\/pages\/10064"}],"collection":[{"href":"https:\/\/blog.cancaonova.com\/vocacional\/wp-json\/wp\/v2\/pages"}],"about":[{"href":"https:\/\/blog.cancaonova.com\/vocacional\/wp-json\/wp\/v2\/types\/page"}],"author":[{"embeddable":true,"href":"https:\/\/blog.cancaonova.com\/vocacional\/wp-json\/wp\/v2\/users\/4612"}],"replies":[{"embeddable":true,"href":"https:\/\/blog.cancaonova.com\/vocacional\/wp-json\/wp\/v2\/comments?post=10064"}],"version-history":[{"count":38,"href":"https:\/\/blog.cancaonova.com\/vocacional\/wp-json\/wp\/v2\/pages\/10064\/revisions"}],"predecessor-version":[{"id":12540,"href":"https:\/\/blog.cancaonova.com\/vocacional\/wp-json\/wp\/v2\/pages\/10064\/revisions\/12540"}],"wp:attachment":[{"href":"https:\/\/blog.cancaonova.com\/vocacional\/wp-json\/wp\/v2\/media?parent=10064"}],"curies":[{"name":"wp","href":"https:\/\/api.w.org\/{rel}","templated":true}]}}