{"id":10958,"date":"2023-03-28T11:15:15","date_gmt":"2023-03-28T14:15:15","guid":{"rendered":"https:\/\/blog.cancaonova.com\/vocacional\/?page_id=10958"},"modified":"2026-04-15T19:52:35","modified_gmt":"2026-04-15T22:52:35","slug":"construindo","status":"publish","type":"page","link":"https:\/\/blog.cancaonova.com\/vocacional\/construindo\/","title":{"rendered":"Construindo: fa\u00e7a parte desse projeto"},"content":{"rendered":"<h2><strong>O \u201cConstruindo\u201d \u00e9 um projeto de evangeliza\u00e7\u00e3o<\/strong><\/h2>\n<p>O Projeto &#8220;Construindo&#8221; nasceu com a inspira\u00e7\u00e3o de acompanhar e preparar as pessoas que desejam futuramente iniciar ou n\u00e3o um Caminho de Discernimento Vocacional com a Comunidade Can\u00e7\u00e3o Nova.<\/p>\n<p>Pr\u00e9 adolescentes, adolescentes e jovens at\u00e9 os 18, como adultos at\u00e9 os 60, podem fazer parte do Projeto e conhecer mais concretamente o Carisma Can\u00e7\u00e3o Nova.<\/p>\n<p>\u00c9<span class=\"OYPEnA font-feature-liga-off font-feature-clig-off font-feature-calt-off text-decoration-none text-strikethrough-none\">\u00a0uma iniciativa da Comunidade Can\u00e7\u00e3o Nova que visa acompanhar os candidatos que entram em contato conosco ap\u00f3s o <strong>\u201cRed\u00e3o\u201d<\/strong> (que \u00e9 o nosso primeiro encontro e acontece sempre no in\u00edcio do ano).<\/span><\/p>\n<p>Red\u00e3o \u00e9 o encontro onde s\u00e3o &#8220;lan\u00e7adas as redes&#8221;.<\/p>\n<p><iframe loading=\"lazy\" title=\"TUDO COME\u00c3\u0087A COM UM PASSO: CONHE\u00c3\u0087A O PROJETO CONSTRUINDO\" width=\"600\" height=\"338\" src=\"https:\/\/www.youtube.com\/embed\/ulDg076IhF0?feature=oembed&amp;rel=0\" frameborder=\"0\" allow=\"accelerometer; autoplay; clipboard-write; encrypted-media; gyroscope; picture-in-picture; web-share\" referrerpolicy=\"strict-origin-when-cross-origin\" allowfullscreen><\/iframe><\/p>\n<h2 data-start=\"76\" data-end=\"118\">\ud83d\ude80<strong> Como participar do Projeto Construindo?<\/strong><\/h2>\n<p data-start=\"120\" data-end=\"366\">Se voc\u00ea sente esse chamado no cora\u00e7\u00e3o, o pr\u00f3ximo passo \u00e9 simples: <strong data-start=\"186\" data-end=\"218\">fa\u00e7a seu <a href=\"https:\/\/linktr.ee\/vocacionalcancaonova\">cadastro vocacional<\/a>.<\/strong><\/p>\n<p data-start=\"120\" data-end=\"366\">Depois disso, voc\u00ea ser\u00e1 direcionado pro <strong data-start=\"260\" data-end=\"283\">Projeto Construindo.<\/strong><\/p>\n<p data-start=\"120\" data-end=\"366\">No Projeto Construindo come\u00e7a sua prepara\u00e7\u00e3o com atendimento, acompanhamento e relacionamento com a Can\u00e7\u00e3o Nova.<\/p>\n<p data-start=\"368\" data-end=\"443\">\u2728 \u00c9 um tempo de descoberta, mergulho no carisma e crescimento espiritual!<\/p>\n<p><a href=\"https:\/\/blog.cancaonova.com\/vocacional\/files\/2026\/04\/Maiara-fazendo-a-inscricao-em-frente-a-uma-capelinha.jpg\"><img loading=\"lazy\" decoding=\"async\" class=\"aligncenter size-full wp-image-12651\" src=\"https:\/\/blog.cancaonova.com\/vocacional\/files\/2026\/04\/Maiara-fazendo-a-inscricao-em-frente-a-uma-capelinha.jpg\" alt=\"Maiara fazendo a inscri\u00e7\u00e3o em frente a uma capelinha\" width=\"1920\" height=\"1080\" srcset=\"https:\/\/blog.cancaonova.com\/vocacional\/files\/2026\/04\/Maiara-fazendo-a-inscricao-em-frente-a-uma-capelinha.jpg 1920w, https:\/\/blog.cancaonova.com\/vocacional\/files\/2026\/04\/Maiara-fazendo-a-inscricao-em-frente-a-uma-capelinha-300x169.jpg 300w, https:\/\/blog.cancaonova.com\/vocacional\/files\/2026\/04\/Maiara-fazendo-a-inscricao-em-frente-a-uma-capelinha-768x432.jpg 768w, https:\/\/blog.cancaonova.com\/vocacional\/files\/2026\/04\/Maiara-fazendo-a-inscricao-em-frente-a-uma-capelinha-384x216.jpg 384w, https:\/\/blog.cancaonova.com\/vocacional\/files\/2026\/04\/Maiara-fazendo-a-inscricao-em-frente-a-uma-capelinha-512x288.jpg 512w, https:\/\/blog.cancaonova.com\/vocacional\/files\/2026\/04\/Maiara-fazendo-a-inscricao-em-frente-a-uma-capelinha-1024x576.jpg 1024w, https:\/\/blog.cancaonova.com\/vocacional\/files\/2026\/04\/Maiara-fazendo-a-inscricao-em-frente-a-uma-capelinha-1536x864.jpg 1536w\" sizes=\"(max-width: 1920px) 100vw, 1920px\" \/><\/a><\/p>\n<h2><strong>Porque Construindo?<\/strong><\/h2>\n<p>O nome do Projeto foi uma inspira\u00e7\u00e3o que nasceu nos anos 70. Mons. Jonas gostava muito de ler o livro do padre franc\u00eas Michel Quoist, <strong><a href=\"https:\/\/loja.cancaonova.com\/livro-construir-o-homem-e-o-mundo\">Construir o Homem para construir o Mundo<\/a>.<\/strong><\/p>\n<p>O livro foi uma fonte de forma\u00e7\u00e3o espiritual e humana em v\u00e1rios aspectos, tanto que depois de v\u00e1rios anos percebemos na hist\u00f3ria da Comunidade Can\u00e7\u00e3o Nova a intui\u00e7\u00e3o que esta seria a Miss\u00e3o Can\u00e7\u00e3o Nova: <strong>formar homens novos para o Mundo Novo<\/strong>.<\/p>\n<p>No livro, o autor mostra que <em>&#8220;para &#8220;construir&#8221; o homem e o mundo moderno, n\u00e3o \u00e9 preciso apenas restituir ao homem sua alma, nem dar-lhe um suplemento de alma, mas tamb\u00e9m e, principalmente, faz\u00ea-lo redesobrir o Cristo.<\/em> Se n\u00e3o, amanh\u00e3 n\u00e3o haver\u00e1 mais homem.<\/p>\n<p><em>&#8220;N\u00e3o esperamos, tamb\u00e9m, estarmos &#8220;formados&#8221; para agir: o homem s\u00f3 se constr\u00f3i agindo, e apenas a pr\u00e1tica do amor ao pr\u00f3ximo pode enraiz\u00e1-lo na Caridade de Cristo.<\/em> Humana e sobrenaturalmente o homem n\u00e3o pode realizar-se, sen\u00e3o trabalhando por realizar o mundo.&#8221;<\/p>\n<p>Deu para entender? N\u00e3o perca tempo!<\/p>\n<p>Seja bem vindo!<\/p>\n<p><a href=\"https:\/\/blog.cancaonova.com\/vocacional\/files\/2025\/10\/logocancaonovavocacional.png\"><img loading=\"lazy\" decoding=\"async\" class=\"alignleft wp-image-12143 \" src=\"https:\/\/blog.cancaonova.com\/vocacional\/files\/2025\/10\/logocancaonovavocacional-150x150.png\" alt=\"Logo Can\u00e7\u00e3o Nova Vocacional\" width=\"111\" height=\"111\" srcset=\"https:\/\/blog.cancaonova.com\/vocacional\/files\/2025\/10\/logocancaonovavocacional-150x150.png 150w, https:\/\/blog.cancaonova.com\/vocacional\/files\/2025\/10\/logocancaonovavocacional-300x300.png 300w, https:\/\/blog.cancaonova.com\/vocacional\/files\/2025\/10\/logocancaonovavocacional.png 320w\" sizes=\"(max-width: 111px) 100vw, 111px\" \/><\/a><\/p>\n<p>&nbsp;<\/p>\n<p>Equipe Vocacional Can\u00e7\u00e3o Nova<br \/>\nDeus aben\u00e7oe voc\u00ea!<\/p>\n","protected":false},"excerpt":{"rendered":"<p>O \u201cConstruindo\u201d \u00e9 um projeto de evangeliza\u00e7\u00e3o O Projeto &#8220;Construindo&#8221; nasceu com a inspira\u00e7\u00e3o de acompanhar e preparar as pessoas que desejam futuramente iniciar ou n\u00e3o um Caminho de Discernimento Vocacional com a Comunidade Can\u00e7\u00e3o Nova. Pr\u00e9 adolescentes, adolescentes e&#8230;<\/p>\n","protected":false},"author":4539,"featured_media":12644,"parent":0,"menu_order":0,"comment_status":"closed","ping_status":"closed","template":"","meta":{"_mi_skip_tracking":false,"_monsterinsights_sitenote_active":false,"_monsterinsights_sitenote_note":"","_monsterinsights_sitenote_category":0,"_joinchat":[],"footnotes":""},"_links":{"self":[{"href":"https:\/\/blog.cancaonova.com\/vocacional\/wp-json\/wp\/v2\/pages\/10958"}],"collection":[{"href":"https:\/\/blog.cancaonova.com\/vocacional\/wp-json\/wp\/v2\/pages"}],"about":[{"href":"https:\/\/blog.cancaonova.com\/vocacional\/wp-json\/wp\/v2\/types\/page"}],"author":[{"embeddable":true,"href":"https:\/\/blog.cancaonova.com\/vocacional\/wp-json\/wp\/v2\/users\/4539"}],"replies":[{"embeddable":true,"href":"https:\/\/blog.cancaonova.com\/vocacional\/wp-json\/wp\/v2\/comments?post=10958"}],"version-history":[{"count":28,"href":"https:\/\/blog.cancaonova.com\/vocacional\/wp-json\/wp\/v2\/pages\/10958\/revisions"}],"predecessor-version":[{"id":12652,"href":"https:\/\/blog.cancaonova.com\/vocacional\/wp-json\/wp\/v2\/pages\/10958\/revisions\/12652"}],"wp:featuredmedia":[{"embeddable":true,"href":"https:\/\/blog.cancaonova.com\/vocacional\/wp-json\/wp\/v2\/media\/12644"}],"wp:attachment":[{"href":"https:\/\/blog.cancaonova.com\/vocacional\/wp-json\/wp\/v2\/media?parent=10958"}],"curies":[{"name":"wp","href":"https:\/\/api.w.org\/{rel}","templated":true}]}}