{"id":10982,"date":"2023-04-04T16:29:31","date_gmt":"2023-04-04T19:29:31","guid":{"rendered":"https:\/\/blog.cancaonova.com\/vocacional\/?page_id=10982"},"modified":"2025-09-07T14:59:24","modified_gmt":"2025-09-07T17:59:24","slug":"podcast","status":"publish","type":"page","link":"https:\/\/blog.cancaonova.com\/vocacional\/podcast\/","title":{"rendered":"Ou\u00e7a o nosso Podcast"},"content":{"rendered":"<h3>Can\u00e7\u00e3o Nova, um Carisma<\/h3>\n<p>O Podcast\u00a0<strong>\u2018Fonte do Carisma\u2019<\/strong> nasceu da aspira\u00e7\u00e3o de levar voc\u00ea \u00e0 fonte do <a href=\"https:\/\/blog.cancaonova.com\/vocacional\/sobre-nos-comunidade-cancao-nova\/\">Carisma Can\u00e7\u00e3o Nova<\/a>. A fonte de todo carisma \u00e9 o Esp\u00edrito Santo, pois Ele \u00e9 o Autor de todos os Dons. \u00c9 o Esp\u00edrito que nos d\u00e1 os Seus dons. Por isso, um Carisma aut\u00eantico \u00e9 irrepet\u00edvel! H\u00e1 muitos Carismas de evangeliza\u00e7\u00e3o na Igreja, muitos parecidos, mas cada Carisma \u00e9 \u00fanico em todos os elementos que o comp\u00f5em.<\/p>\n<h2>A m\u00fasica \u00e9 um Dom<\/h2>\n<p><span style=\"font-weight: 400\">A m\u00fasica tamb\u00e9m \u00e9 um Dom. Padre Jonas orientou a comunidade sobre o poder que a m\u00fasica tem em nossas vidas. Ela \u00e9 um Dom, mas que precisa ser bem administrado, como ele nos explica: <em>&#8220;se as imagens penetram pelos nossos olhos e atingem at\u00e9 o nosso inconsciente e a\u00ed ficam gravadas,\u00a0<\/em><em>igualmente os sons captados pelos ouvidos atingem o nosso inconsciente e, o mais\u00a0<\/em><em>importante, l\u00e1 permanecem vivos e atuantes. O que captamos pelos ouvidos nos atinge mais\u00a0<\/em><em>do que o que vemos.\u00a0<\/em>(Nossos Documentos, n. 1598)<\/span><\/p>\n<p>Voc\u00ea pode conferir a s\u00e9rie VAI FALAR POR MIM no Spotify ou Youtube<\/p>\n<p><iframe loading=\"lazy\" title=\"S\u00c3\u0089RIE VAI FALAR POR MIM EP. #007 |  CAMILA LOPES\" width=\"600\" height=\"338\" src=\"https:\/\/www.youtube.com\/embed\/ECakLvt1gBY?list=PLGLjf7lmCfpta9bJHa_HejrGU-ZTGLlGB&amp;rel=0\" frameborder=\"0\" allow=\"accelerometer; autoplay; clipboard-write; encrypted-media; gyroscope; picture-in-picture; web-share\" referrerpolicy=\"strict-origin-when-cross-origin\" allowfullscreen><\/iframe><\/p>\n<h3>A can\u00e7\u00e3o do Homem Novo<\/h3>\n<p><span style=\"font-weight: 400\">A Can\u00e7\u00e3o Nova \u00e9 como uma m\u00fasica que brota do cora\u00e7\u00e3o de Deus. \u00c9 tamb\u00e9m a can\u00e7\u00e3o do homem novo, da nova criatura.<em>\u00a0\u201cCantai ao Senhor um c\u00e2ntico\u00a0<\/em><em>novo\u201d (Sl 96, 1)<\/em>, exorta o salmista. Santo Agostinho comenta assim as palavras do Salmo: \u201cO homem novo sabe qual \u00e9 o canto novo\u201d.\u00a0O homem novo reconhece e sabe distinguir entre tantos sons, ru\u00eddos e barulho do mundo, qual \u00e9 o canto novo.<\/span><\/p>\n<p><span style=\"font-weight: 400\">\u00c9 uma can\u00e7\u00e3o que faz novas todas as coisas. Padre Jonas diz em Nossos Documentos que<em>\u00a0&#8220;a nova sociedade, a humanidade nova nasce a partir de pessoas novas, renovadas pela presen\u00e7a\u00a0<\/em><em>e pelo poder de Deus que sobre elas repousa; que do velho tira o novo homem.&#8221;<\/em><\/span><\/p>\n<h3><\/h3>\n<h3>Clique na imagem para ouvir o Podcast Fonte do Carisma<\/h3>\n<div id=\"attachment_11058\" style=\"width: 259px\" class=\"wp-caption alignnone\"><a href=\"https:\/\/open.spotify.com\/show\/3lZ9N17DbSvnaB5SEsnaVj?si=d3e6bbabe756473b\"><img loading=\"lazy\" decoding=\"async\" aria-describedby=\"caption-attachment-11058\" class=\"wp-image-11058\" title=\"Marca do Podcast Fonte do Carisma\" src=\"https:\/\/blog.cancaonova.com\/vocacional\/files\/2023\/04\/Podcast-Logo.jpg\" alt=\"Marca do Podcast Fonte do Carisma\" width=\"249\" height=\"249\" srcset=\"https:\/\/blog.cancaonova.com\/vocacional\/files\/2023\/04\/Podcast-Logo.jpg 3000w, https:\/\/blog.cancaonova.com\/vocacional\/files\/2023\/04\/Podcast-Logo-150x150.jpg 150w, https:\/\/blog.cancaonova.com\/vocacional\/files\/2023\/04\/Podcast-Logo-300x300.jpg 300w, https:\/\/blog.cancaonova.com\/vocacional\/files\/2023\/04\/Podcast-Logo-768x768.jpg 768w, https:\/\/blog.cancaonova.com\/vocacional\/files\/2023\/04\/Podcast-Logo-144x144.jpg 144w\" sizes=\"(max-width: 249px) 100vw, 249px\" \/><\/a><p id=\"caption-attachment-11058\" class=\"wp-caption-text\">Fonte do Carisma &#8211; Podcast do Vocacional Can\u00e7\u00e3o Nova<\/p><\/div>\n","protected":false},"excerpt":{"rendered":"<p>Can\u00e7\u00e3o Nova, um Carisma O Podcast\u00a0\u2018Fonte do Carisma\u2019 nasceu da aspira\u00e7\u00e3o de levar voc\u00ea \u00e0 fonte do Carisma Can\u00e7\u00e3o Nova. A fonte de todo carisma \u00e9 o Esp\u00edrito Santo, pois Ele \u00e9 o Autor de todos os Dons. \u00c9 o&#8230;<\/p>\n","protected":false},"author":4761,"featured_media":11047,"parent":0,"menu_order":0,"comment_status":"closed","ping_status":"closed","template":"","meta":{"_mi_skip_tracking":false,"_monsterinsights_sitenote_active":false,"_monsterinsights_sitenote_note":"","_monsterinsights_sitenote_category":0,"_joinchat":[],"footnotes":""},"_links":{"self":[{"href":"https:\/\/blog.cancaonova.com\/vocacional\/wp-json\/wp\/v2\/pages\/10982"}],"collection":[{"href":"https:\/\/blog.cancaonova.com\/vocacional\/wp-json\/wp\/v2\/pages"}],"about":[{"href":"https:\/\/blog.cancaonova.com\/vocacional\/wp-json\/wp\/v2\/types\/page"}],"author":[{"embeddable":true,"href":"https:\/\/blog.cancaonova.com\/vocacional\/wp-json\/wp\/v2\/users\/4761"}],"replies":[{"embeddable":true,"href":"https:\/\/blog.cancaonova.com\/vocacional\/wp-json\/wp\/v2\/comments?post=10982"}],"version-history":[{"count":22,"href":"https:\/\/blog.cancaonova.com\/vocacional\/wp-json\/wp\/v2\/pages\/10982\/revisions"}],"predecessor-version":[{"id":12033,"href":"https:\/\/blog.cancaonova.com\/vocacional\/wp-json\/wp\/v2\/pages\/10982\/revisions\/12033"}],"wp:featuredmedia":[{"embeddable":true,"href":"https:\/\/blog.cancaonova.com\/vocacional\/wp-json\/wp\/v2\/media\/11047"}],"wp:attachment":[{"href":"https:\/\/blog.cancaonova.com\/vocacional\/wp-json\/wp\/v2\/media?parent=10982"}],"curies":[{"name":"wp","href":"https:\/\/api.w.org\/{rel}","templated":true}]}}