{"id":11660,"date":"2024-02-26T12:42:50","date_gmt":"2024-02-26T15:42:50","guid":{"rendered":"https:\/\/blog.cancaonova.com\/vocacional\/?page_id=11660"},"modified":"2026-04-15T20:07:20","modified_gmt":"2026-04-15T23:07:20","slug":"inscricao-vocacional","status":"publish","type":"page","link":"https:\/\/blog.cancaonova.com\/vocacional\/inscricao-vocacional\/","title":{"rendered":"Inscri\u00e7\u00e3o Vocacional"},"content":{"rendered":"<h2 style=\"text-align: left\"><strong>Inscri\u00e7\u00e3o Vocacional: quais s\u00e3o as etapas para me inscrever?<\/strong><\/h2>\n<p data-start=\"287\" data-end=\"407\"><strong data-start=\"287\" data-end=\"304\"><a href=\"https:\/\/blog.cancaonova.com\/vocacional\/files\/2026\/04\/O-que-e-Caminho-Vocacional.jpg\"><img loading=\"lazy\" decoding=\"async\" class=\"alignleft wp-image-12647 size-full\" src=\"https:\/\/blog.cancaonova.com\/vocacional\/files\/2026\/04\/O-que-e-Caminho-Vocacional.jpg\" alt=\"Infgrafico de como iniciar o Camino Vocacional Can\u00e7\u00e3o Nova\" width=\"800\" height=\"2000\" srcset=\"https:\/\/blog.cancaonova.com\/vocacional\/files\/2026\/04\/O-que-e-Caminho-Vocacional.jpg 800w, https:\/\/blog.cancaonova.com\/vocacional\/files\/2026\/04\/O-que-e-Caminho-Vocacional-120x300.jpg 120w, https:\/\/blog.cancaonova.com\/vocacional\/files\/2026\/04\/O-que-e-Caminho-Vocacional-768x1920.jpg 768w, https:\/\/blog.cancaonova.com\/vocacional\/files\/2026\/04\/O-que-e-Caminho-Vocacional-614x1536.jpg 614w\" sizes=\"(max-width: 800px) 100vw, 800px\" \/><\/a><\/strong><\/p>\n<p data-start=\"287\" data-end=\"407\"><strong data-start=\"287\" data-end=\"304\">1) Reze e escute<\/strong>: Antes de se inscrever, reserve um tempo para conversar com Deus. \u00c9 importante sentir no cora\u00e7\u00e3o esse chamado.<\/p>\n<p><strong>2) A<\/strong>cesse a P\u00e1gina de Cadastro<\/p>\n<p><span style=\"font-weight: 400\">\u27a1\ufe0f Fa\u00e7a sua inscri\u00e7\u00e3o no <\/span><b>Vocacional Can\u00e7\u00e3o Nova<\/b><b><br \/>\n<\/b><a href=\"https:\/\/linktr.ee\/vocacionalcancaonova\"><span style=\"font-weight: 400\">https:\/\/linktr.ee\/vocacionalcancaonova<\/span><\/a><\/p>\n<p><span style=\"font-size: 16px\"><strong>3) Acesse o seu email:<\/strong> ap\u00f3s o Cadastro Simples, voc\u00ea receber\u00e1 um email de confirma\u00e7\u00e3o de inscri\u00e7\u00e3o na lista do Vocacional Can\u00e7\u00e3o Nova. Para que possamos enviar os pr\u00f3ximos e-mails com formul\u00e1rios de informa\u00e7\u00f5es, precisa clicar em <\/span><strong style=\"font-size: 16px\">Sim, inscreva-me nesta lista.\u00a0<\/strong><span style=\"font-size: 16px\">Seu cadastro inicial s\u00f3 estar\u00e1 completo ap\u00f3s esta confirma\u00e7\u00e3o;<\/span><\/p>\n<p><strong>4) Acompanhe as informa\u00e7\u00f5es que chegam ao seu email<\/strong> e aguarde que o seu contato seja adicionado ao grupo de WhatsApp do Projeto Construindo.<\/p>\n<h2><strong>ATEN\u00c7\u00c3O!<\/strong><\/h2>\n<p>Depois que voc\u00ea se inscreve, seus dados v\u00e3o pra frente de miss\u00e3o mais perto da sua casa. Algu\u00e9m da equipe vocacional local vai entrar em contato com voc\u00ea \u2014 pode ser por v\u00eddeo ou presencial. Essa conversa \u00e9 o primeiro passo pra entrar no Projeto Construindo e come\u00e7ar sua caminhada vocacional com a Comunidade Can\u00e7\u00e3o Nova.<\/p>\n<p><iframe loading=\"lazy\" title=\"CADASTRO VOCACIONAL DA COMUNIDADE CAN\u00c3\u0087\u00c3\u0083O NOVA\" width=\"600\" height=\"338\" src=\"https:\/\/www.youtube.com\/embed\/7qK4zm35-ps?feature=oembed&amp;rel=0\" frameborder=\"0\" allow=\"accelerometer; autoplay; clipboard-write; encrypted-media; gyroscope; picture-in-picture; web-share\" referrerpolicy=\"strict-origin-when-cross-origin\" allowfullscreen><\/iframe><\/p>\n<h2 data-start=\"105\" data-end=\"169\">Entenda o que acontece antes de come\u00e7ar o Caminho Vocacional<\/h2>\n<p><strong data-start=\"174\" data-end=\"194\">1) Conhe\u00e7a de perto<\/strong>: \u00c9 muito importante viver a experi\u00eancia da Can\u00e7\u00e3o Nova \u2014 visitando a sede em Cachoeira Paulista ou uma Frente de Miss\u00e3o perto de voc\u00ea. Assim, voc\u00ea entende o carisma, a miss\u00e3o e a vida em comunidade.<\/p>\n<p data-start=\"408\" data-end=\"629\"><strong data-start=\"408\" data-end=\"432\">2) Contato com a equipe<\/strong>: Depois de se inscrever, o respons\u00e1vel vocacional da sua regi\u00e3o vai te procurar por WhatsApp ou e-mail pra marcar uma conversa. Se demorar um pouco, n\u00e3o desanime! Eles j\u00e1 est\u00e3o rezando por voc\u00ea. \u2728<\/p>\n<p data-start=\"634\" data-end=\"886\"><strong data-start=\"634\" data-end=\"657\">3) Projeto Construindo<\/strong>: Enquanto espera, voc\u00ea j\u00e1 pode come\u00e7ar o Projeto Construindo \u2014 uma fase de ora\u00e7\u00e3o e aprofundamento no carisma, para que voc\u00ea se aproxime.<br data-start=\"794\" data-end=\"797\" \/>\ud83d\udd17 Saiba mais: <a class=\"\" href=\"https:\/\/blog.cancaonova.com\/vocacional\/construindo\/\" target=\"_new\" rel=\"noopener\" data-start=\"812\" data-end=\"886\">Projeto Construindo<\/a><\/p>\n<h2 data-start=\"891\" data-end=\"1126\"><strong data-start=\"891\" data-end=\"919\">Quando come\u00e7a o Caminho?<\/strong><\/h2>\n<p data-start=\"891\" data-end=\"1126\">Geralmente em fevereiro ou mar\u00e7o, no encontro chamado <a href=\"https:\/\/blog.cancaonova.com\/vocacional\/redao-cancao-nova\/\"><strong data-start=\"976\" data-end=\"985\">Red\u00e3o<\/strong><\/a>. Mas se voc\u00ea perdeu, n\u00e3o tem idade ainda, ou n\u00e3o foi atendido, calma! Voc\u00ea segue no processo dentro do <strong>Projeto Construindo<\/strong> e ser\u00e1 convidado quando chegar o momento certo.<\/p>\n<p><a href=\"https:\/\/blog.cancaonova.com\/vocacional\/files\/2025\/10\/logocancaonovavocacional.png\"><img loading=\"lazy\" decoding=\"async\" class=\"alignleft wp-image-12143 \" title=\"Equipe Vocacional: acompanhamento para inscri\u00e7\u00e3o vocacional\" src=\"https:\/\/blog.cancaonova.com\/vocacional\/files\/2025\/10\/logocancaonovavocacional-150x150.png\" alt=\"Logo Can\u00e7\u00e3o Nova para inscri\u00e7\u00e3o Vocacional\" width=\"112\" height=\"112\" srcset=\"https:\/\/blog.cancaonova.com\/vocacional\/files\/2025\/10\/logocancaonovavocacional-150x150.png 150w, https:\/\/blog.cancaonova.com\/vocacional\/files\/2025\/10\/logocancaonovavocacional-300x300.png 300w, https:\/\/blog.cancaonova.com\/vocacional\/files\/2025\/10\/logocancaonovavocacional.png 320w\" sizes=\"(max-width: 112px) 100vw, 112px\" \/><\/a><\/p>\n<p>Equipe Vocacional<br \/>\nDeus aben\u00e7oe a sua caminhada!<\/p>\n","protected":false},"excerpt":{"rendered":"<p>Inscri\u00e7\u00e3o Vocacional: quais s\u00e3o as etapas para me inscrever? 1) Reze e escute: Antes de se inscrever, reserve um tempo para conversar com Deus. \u00c9 importante sentir no cora\u00e7\u00e3o esse chamado. 2) Acesse a P\u00e1gina de Cadastro \u27a1\ufe0f Fa\u00e7a sua&#8230;<\/p>\n","protected":false},"author":4761,"featured_media":0,"parent":0,"menu_order":0,"comment_status":"closed","ping_status":"closed","template":"","meta":{"_mi_skip_tracking":false,"_monsterinsights_sitenote_active":false,"_monsterinsights_sitenote_note":"","_monsterinsights_sitenote_category":0,"_joinchat":[],"footnotes":""},"_links":{"self":[{"href":"https:\/\/blog.cancaonova.com\/vocacional\/wp-json\/wp\/v2\/pages\/11660"}],"collection":[{"href":"https:\/\/blog.cancaonova.com\/vocacional\/wp-json\/wp\/v2\/pages"}],"about":[{"href":"https:\/\/blog.cancaonova.com\/vocacional\/wp-json\/wp\/v2\/types\/page"}],"author":[{"embeddable":true,"href":"https:\/\/blog.cancaonova.com\/vocacional\/wp-json\/wp\/v2\/users\/4761"}],"replies":[{"embeddable":true,"href":"https:\/\/blog.cancaonova.com\/vocacional\/wp-json\/wp\/v2\/comments?post=11660"}],"version-history":[{"count":19,"href":"https:\/\/blog.cancaonova.com\/vocacional\/wp-json\/wp\/v2\/pages\/11660\/revisions"}],"predecessor-version":[{"id":12654,"href":"https:\/\/blog.cancaonova.com\/vocacional\/wp-json\/wp\/v2\/pages\/11660\/revisions\/12654"}],"wp:attachment":[{"href":"https:\/\/blog.cancaonova.com\/vocacional\/wp-json\/wp\/v2\/media?parent=11660"}],"curies":[{"name":"wp","href":"https:\/\/api.w.org\/{rel}","templated":true}]}}