{"id":2771,"date":"2008-04-29T13:26:42","date_gmt":"2008-04-29T10:26:42","guid":{"rendered":"http:\/\/blog.cancaonova.com\/vocacional\/o-que-e-equipe-vocacional\/"},"modified":"2025-09-07T15:15:00","modified_gmt":"2025-09-07T18:15:00","slug":"sobre-nos-cancao-nova","status":"publish","type":"page","link":"https:\/\/blog.cancaonova.com\/vocacional\/sobre-nos-cancao-nova\/","title":{"rendered":"Conhe\u00e7a a Comunidade Can\u00e7\u00e3o Nova"},"content":{"rendered":"<h2><strong>Somos a Comunidade Can\u00e7\u00e3o Nova<\/strong><\/h2>\n<p><span style=\"font-weight: 400\">Somos a Comunidade Can\u00e7\u00e3o Nova,<\/span> uma forma renovada e priorizante de favorecer o encontro pessoal com Jesus na efica\u0301cia do Espi\u0301rito Santo.<\/p>\n<p>O Carisma Canc\u0327a\u0303o Nova tem por finalidade a formac\u0327a\u0303o de Homens Novos para o Mundo Novo, atrave\u0301s da evangelizac\u0327a\u0303o, de modo a preparar e apressar a vinda gloriosa do Senhor.<\/p>\n<p>A Can\u00e7\u00e3o Nova \u00e9 uma comunidade de amor e adora\u00e7\u00e3o, que comunica a Boa Nova de Jesus Cristo no poder do Esp\u00edrito Santo.<\/p>\n<p>A Comunidade participa da grac\u0327a de uma nova efusa\u0303o do Espi\u0301rito Santo e \u00e9 enviada a realizar sua missa\u0303o em comunha\u0303o com toda a Igreja.<\/p>\n<p>A Can\u00e7\u00e3o Nova \u00e9 uma comunidade mariana. Desde o in\u00edcio chamava-se &#8220;Can\u00e7\u00e3o Nova, a casa de Maria&#8221;.<\/p>\n<div class=\"page\" title=\"Page 1\">\n<div class=\"layoutArea\">\n<div class=\"column\">\n<h3>Primeiro chamado: viver em comunidade<\/h3>\n<p>A Comunidade Canc\u0327a\u0303o Nova foi fundada em 02 de fevereiro de 1978 pelo Padre Jonas Abib provocado em concretizar os ensinamentos da exortac\u0327a\u0303o aposto\u0301lica <em>Evangelii Nuntiandi.<\/em><\/p>\n<div class=\"page\" title=\"Page 1\">\n<div class=\"layoutArea\">\n<div class=\"column\">\n<p>O pedido do Santo Padre, o Papa Paulo VI, a\u0300 Igreja de se empenhar no anu\u0301ncio do Evangelho de Jesus Cristo ao mundo contempora\u0302neo levou o Pe. Jonas a promover na diocese de Lorena (Sa\u0303o Paulo\/Brasil) diversas atividades formativas para jovens e adultos.<\/p>\n<p>Em 1977, na Festa de Cristo Rei, padre Jonas lanc\u0327ou o convite:<\/p>\n<blockquote><p>\u201cQuem esta\u0301 disposto a deixar sua casa para vir e viver em comunidade, para realizar comigo este tipo de trabalho, que estou fazendo com voce\u0302s?\u201d<\/p><\/blockquote>\n<p>O chamado feito\u00a0foi uma resposta ao apelo surge o primeiro nu\u0301cleo de vida comunita\u0301ria.<\/p>\n<p>O nu\u0301cleo iniciante de 12 pessoas (padre Jonas, rapazes, moc\u0327as e tre\u0302s religiosas) aponta o que a Divina Provide\u0302ncia quer da Comunidade Canc\u0327a\u0303o Nova: um grupo bem diversificado entre homens e mulheres, de diferentes estados de vida, vivendo em comunidade com uma finalidade aposto\u0301lica &#8211; a evangelizac\u0327a\u0303o.<\/p>\n<\/div>\n<\/div>\n<\/div>\n<p>O primeiro chamado foi \u201cviver em comunidade\u201d. A vida comunita\u0301ria faz parte da esse\u0302ncia da vocac\u0327a\u0303o da Comunidade Canc\u0327a\u0303o Nova.<\/p>\n<p>Desde os ini\u0301cios sa\u0303o reconhecidos como co-fundadores da Comunidade Canc\u0327a\u0303o Nova Luzia de Assis Ribeiro Santiago e Wellington Silva Jardim.<\/p>\n<div id=\"attachment_11805\" style=\"width: 1930px\" class=\"wp-caption alignnone\"><a href=\"https:\/\/blog.cancaonova.com\/vocacional\/files\/2024\/07\/Foto-Compromisso-2024_Daniel-Xavier.jpg\"><img loading=\"lazy\" decoding=\"async\" aria-describedby=\"caption-attachment-11805\" class=\"wp-image-11805 size-full\" src=\"https:\/\/blog.cancaonova.com\/vocacional\/files\/2024\/07\/Foto-Compromisso-2024_Daniel-Xavier.jpg\" alt=\"Membros da Comunidade Can\u00e7\u00e3o Nova renovando compromisso \" width=\"1920\" height=\"1080\" srcset=\"https:\/\/blog.cancaonova.com\/vocacional\/files\/2024\/07\/Foto-Compromisso-2024_Daniel-Xavier.jpg 1920w, https:\/\/blog.cancaonova.com\/vocacional\/files\/2024\/07\/Foto-Compromisso-2024_Daniel-Xavier-300x169.jpg 300w, https:\/\/blog.cancaonova.com\/vocacional\/files\/2024\/07\/Foto-Compromisso-2024_Daniel-Xavier-768x432.jpg 768w, https:\/\/blog.cancaonova.com\/vocacional\/files\/2024\/07\/Foto-Compromisso-2024_Daniel-Xavier-384x216.jpg 384w, https:\/\/blog.cancaonova.com\/vocacional\/files\/2024\/07\/Foto-Compromisso-2024_Daniel-Xavier-512x288.jpg 512w, https:\/\/blog.cancaonova.com\/vocacional\/files\/2024\/07\/Foto-Compromisso-2024_Daniel-Xavier-1024x576.jpg 1024w, https:\/\/blog.cancaonova.com\/vocacional\/files\/2024\/07\/Foto-Compromisso-2024_Daniel-Xavier-1536x864.jpg 1536w\" sizes=\"(max-width: 1920px) 100vw, 1920px\" \/><\/a><p id=\"caption-attachment-11805\" class=\"wp-caption-text\">Missa de Compromisso celebrada no Santu\u00e1rio do Pai das Miseric\u00f3rdias &#8211; Cachoeira Paulista\/SP.<\/p><\/div>\n<h3>Nossa miss\u00e3o \u00e9 evangelizar<\/h3>\n<p>Dos encontros e retiros de espiritualidade aos meios de comunicac\u0327a\u0303o social (Ra\u0301dio, TV, Internet etc) nas va\u0301rias Frentes de Missa\u0303o da Canc\u0327a\u0303o Nova no Brasil e em outros pai\u0301ses, constatou-se a ligac\u0327a\u0303o do nu\u0301mero 44 com o nu\u0301mero 45 do documento Evangelii Nuntiandi.<\/p>\n<p>Compreendeu-se, no uso dos meios de comunicac\u0327a\u0303o para a evangelizac\u0327a\u0303o, o instrumento de Deus para realizar sua missa\u0303o de evangelizar.<\/p>\n<p>A miss\u00e3o da Can\u00e7\u00e3o Nova \u00e9 comunicar Jesus Cristo e a vida nova que Ele nos trouxe.<\/p>\n<p><iframe loading=\"lazy\" title=\"VOCA\u00c3\u0087\u00c3\u0083O CAN\u00c3\u0087\u00c3\u0083O NOVA | E SE VOC\u00c3\u008a FOR CAN\u00c3\u0087\u00c3\u0083O NOVA?\" width=\"600\" height=\"338\" src=\"https:\/\/www.youtube.com\/embed\/mlFil7Oh01E?feature=oembed&amp;rel=0\" frameborder=\"0\" allow=\"accelerometer; autoplay; clipboard-write; encrypted-media; gyroscope; picture-in-picture; web-share\" referrerpolicy=\"strict-origin-when-cross-origin\" allowfullscreen><\/iframe><\/p>\n<h3>Voc\u00ea foi atra\u00eddo pela Can\u00e7\u00e3o Nova?<\/h3>\n<\/div>\n<\/div>\n<\/div>\n<p>Sente-se chamado? Pe\u00e7a a luz do Esp\u00edrito Santo e pergunte: fui atra\u00eddo pela Can\u00e7\u00e3o Nova?<\/p>\n<p>Ou\u00e7a o <a href=\"https:\/\/open.spotify.com\/show\/3lZ9N17DbSvnaB5SEsnaVj\">Podcast Fonte do Carisma<\/a> e deixe Deus falar ao seu cora\u00e7\u00e3o.<\/p>\n<p>&nbsp;<\/p>\n<h2 data-start=\"3386\" data-end=\"3440\"><strong data-start=\"3389\" data-end=\"3440\">Quer saber mais sobre o Vocacional Can\u00e7\u00e3o Nova?<\/strong><\/h2>\n<p data-start=\"3442\" data-end=\"3522\">Estamos aqui para te acolher e caminhar com voc\u00ea nesse discernimento vocacional:<\/p>\n<p data-start=\"3524\" data-end=\"3710\">\ud83d\udcf1<a href=\"https:\/\/wa.me\/12992261427\">WhatsApp<\/a> <a class=\"cursor-pointer\" rel=\"noopener\" data-start=\"3541\" data-end=\"3576\">Clique aqui para falar conosco<\/a><br data-start=\"3576\" data-end=\"3579\" \/>\ud83d\udce7 <strong data-start=\"3582\" data-end=\"3593\">E-mail:<\/strong> <a class=\"cursor-pointer\" href=\"&#109;&#x61;i&#x6c;t&#x6f;:&#x76;o&#99;&#x61;&#99;&#x69;o&#x6e;a&#x6c;&#64;&#99;&#x6f;&#109;&#x75;n&#x69;d&#x61;d&#x65;c&#97;&#x6e;&#99;&#x61;o&#x6e;o&#x76;a&#46;&#x63;&#111;&#x6d;\" rel=\"noopener\" data-start=\"3594\" data-end=\"3629\">&#x76;o&#x63;&#97;c&#x69;o&#x6e;&#97;l&#x40;c&#x6f;&#109;u&#x6e;i&#x64;&#x61;d&#x65;&#99;a&#x6e;c&#x61;&#111;n&#x6f;v&#x61;&#46;c&#x6f;m<\/a><br data-start=\"3629\" data-end=\"3632\" \/>\ud83d\udd17 <strong data-start=\"3635\" data-end=\"3655\">C<a href=\"https:\/\/mailchi.mp\/comunidadecancaonova.com\/cadastro-vocacional\">adastre-se aqui<\/a><\/strong> para receber informa\u00e7\u00f5es<\/p>\n<p>N\u00e3o tenha medo de se aproximar para, juntos, fazermos esta linda descoberta!<\/p>\n<p>Deus aben\u00e7oe!<\/p>\n<p>&nbsp;<\/p>\n","protected":false},"excerpt":{"rendered":"<p>Somos a Comunidade Can\u00e7\u00e3o Nova Somos a Comunidade Can\u00e7\u00e3o Nova, uma forma renovada e priorizante de favorecer o encontro pessoal com Jesus na efica\u0301cia do Espi\u0301rito Santo. O Carisma Canc\u0327a\u0303o Nova tem por finalidade a formac\u0327a\u0303o de Homens Novos para&#8230;<\/p>\n","protected":false},"author":4612,"featured_media":0,"parent":0,"menu_order":1,"comment_status":"closed","ping_status":"closed","template":"","meta":{"_mi_skip_tracking":false,"_monsterinsights_sitenote_active":false,"_monsterinsights_sitenote_note":"","_monsterinsights_sitenote_category":0,"_joinchat":[],"footnotes":""},"_links":{"self":[{"href":"https:\/\/blog.cancaonova.com\/vocacional\/wp-json\/wp\/v2\/pages\/2771"}],"collection":[{"href":"https:\/\/blog.cancaonova.com\/vocacional\/wp-json\/wp\/v2\/pages"}],"about":[{"href":"https:\/\/blog.cancaonova.com\/vocacional\/wp-json\/wp\/v2\/types\/page"}],"author":[{"embeddable":true,"href":"https:\/\/blog.cancaonova.com\/vocacional\/wp-json\/wp\/v2\/users\/4612"}],"replies":[{"embeddable":true,"href":"https:\/\/blog.cancaonova.com\/vocacional\/wp-json\/wp\/v2\/comments?post=2771"}],"version-history":[{"count":68,"href":"https:\/\/blog.cancaonova.com\/vocacional\/wp-json\/wp\/v2\/pages\/2771\/revisions"}],"predecessor-version":[{"id":12042,"href":"https:\/\/blog.cancaonova.com\/vocacional\/wp-json\/wp\/v2\/pages\/2771\/revisions\/12042"}],"wp:attachment":[{"href":"https:\/\/blog.cancaonova.com\/vocacional\/wp-json\/wp\/v2\/media?parent=2771"}],"curies":[{"name":"wp","href":"https:\/\/api.w.org\/{rel}","templated":true}]}}