{"id":8096,"date":"2023-06-26T13:00:58","date_gmt":"2023-06-26T16:00:58","guid":{"rendered":"http:\/\/blog.cancaonova.com\/vocacional\/"},"modified":"2026-04-15T20:31:38","modified_gmt":"2026-04-15T23:31:38","slug":"caminho-vocacional","status":"publish","type":"page","link":"https:\/\/blog.cancaonova.com\/vocacional\/caminho-vocacional\/","title":{"rendered":"Caminho Vocacional"},"content":{"rendered":"<h2 style=\"text-align: left\"><strong>Caminho Vocacional: O que \u00e9 e como acontece na Can\u00e7\u00e3o Nova?<\/strong><\/h2>\n<p style=\"text-align: left\"><span style=\"font-weight: 400\"><strong>O Caminho Vocacional<\/strong> \u00e9 um tempo de discernimento e encontro com a vontade de Deus, onde os candidatos s\u00e3o convidados a discernir junto de Deus e da equipe vocacional se s\u00e3o chamados ou n\u00e3o a uma vida de entrega total dentro do Carisma Can\u00e7\u00e3o Nova. <\/span><\/p>\n<p style=\"text-align: left\"><span style=\"font-weight: 400\">O caminho vocacional come\u00e7a com o red\u00e3o, <\/span><span style=\"font-weight: 400\">encontro onde aqueles que se sentem vocacionados ao carisma Can\u00e7\u00e3o Nova participam e vivem uma experi\u00eancia onde podem conhecer melhor a Can\u00e7\u00e3o Nova e discernir sua voca\u00e7\u00e3o.\u00a0\u00a0<\/span><\/p>\n<p><iframe loading=\"lazy\" title=\"VOC\u00c3\u008a PERGUNTA, O VOC CN RESPONDE PT. 3 | FRAN BRAZ\" width=\"600\" height=\"338\" src=\"https:\/\/www.youtube.com\/embed\/HFa0M0DLEEU?feature=oembed&amp;rel=0\" frameborder=\"0\" allow=\"accelerometer; autoplay; clipboard-write; encrypted-media; gyroscope; picture-in-picture; web-share\" referrerpolicy=\"strict-origin-when-cross-origin\" allowfullscreen><\/iframe><\/p>\n<h2 style=\"text-align: left\"><strong>Posso ser seminarista ou padre na comunidade?<\/strong><\/h2>\n<p style=\"text-align: left\"><span style=\"font-weight: 400\">Somos uma fam\u00edlia eclesial muito diversificada e nessa fam\u00edlia temos aqueles que s\u00e3o chamados ao sacerd\u00f3cio. <\/span><\/p>\n<p style=\"text-align: left\"><span style=\"font-weight: 400\">Ap\u00f3s dois anos de averigua\u00e7\u00e3o vocacional (pr\u00e9-discipulado e discipulado), se os rapazes forem aptos, podem pedir para ingressarem no semin\u00e1rio da Comunidade Can\u00e7\u00e3o Nova.\u00a0<\/span><\/p>\n<p><a href=\"https:\/\/blog.cancaonova.com\/vocacional\/files\/2026\/04\/Fotos-para-o-Blog-12.jpg\"><img loading=\"lazy\" decoding=\"async\" class=\"aligncenter size-full wp-image-12657\" src=\"https:\/\/blog.cancaonova.com\/vocacional\/files\/2026\/04\/Fotos-para-o-Blog-12.jpg\" alt=\"\" width=\"1920\" height=\"1080\" srcset=\"https:\/\/blog.cancaonova.com\/vocacional\/files\/2026\/04\/Fotos-para-o-Blog-12.jpg 1920w, https:\/\/blog.cancaonova.com\/vocacional\/files\/2026\/04\/Fotos-para-o-Blog-12-300x169.jpg 300w, https:\/\/blog.cancaonova.com\/vocacional\/files\/2026\/04\/Fotos-para-o-Blog-12-768x432.jpg 768w, https:\/\/blog.cancaonova.com\/vocacional\/files\/2026\/04\/Fotos-para-o-Blog-12-384x216.jpg 384w, https:\/\/blog.cancaonova.com\/vocacional\/files\/2026\/04\/Fotos-para-o-Blog-12-512x288.jpg 512w, https:\/\/blog.cancaonova.com\/vocacional\/files\/2026\/04\/Fotos-para-o-Blog-12-1024x576.jpg 1024w, https:\/\/blog.cancaonova.com\/vocacional\/files\/2026\/04\/Fotos-para-o-Blog-12-1536x864.jpg 1536w\" sizes=\"(max-width: 1920px) 100vw, 1920px\" \/><\/a><\/p>\n<h2 style=\"text-align: left\"><strong>Qual o primeiro passo devo dar nesse momento?<\/strong><\/h2>\n<p><span style=\"font-weight: 400\">O primeiro passo \u00e9 acessar o link de <a href=\"https:\/\/linktr.ee\/vocacionalcancaonova\">Cadastro do Vocacional Can\u00e7\u00e3o Nova<\/a><\/span><\/p>\n<h2><strong>Informa\u00e7\u00e3o Importante:<\/strong><\/h2>\n<p><span style=\"font-weight: 400\"><a href=\"https:\/\/blog.cancaonova.com\/vocacional\/files\/2024\/07\/MEGAFONE.png\"><img loading=\"lazy\" decoding=\"async\" class=\"alignleft wp-image-11769 \" title=\"Divulgando o caminho vocacional com um megafone\" src=\"https:\/\/blog.cancaonova.com\/vocacional\/files\/2024\/07\/MEGAFONE-175x300.png\" alt=\"Divulgando o caminho vocacional com um megafone\" width=\"187\" height=\"321\" srcset=\"https:\/\/blog.cancaonova.com\/vocacional\/files\/2024\/07\/MEGAFONE-175x300.png 175w, https:\/\/blog.cancaonova.com\/vocacional\/files\/2024\/07\/MEGAFONE.png 305w\" sizes=\"(max-width: 187px) 100vw, 187px\" \/><\/a>Quem se sente chamado \u00e0 Comunidade Can\u00e7\u00e3o Nova, \u00e9 importante ter tido a experi\u00eancia do encontro pessoal com Jesus e estar envolvida nas atividades de sua par\u00f3quia como: catequese, pastorais ou movimentos. <\/span><\/p>\n<p><span style=\"font-weight: 400\">\u00c9 importante que tenha vivido a experi\u00eancia de batismo no Esp\u00edrito Santo, vivenciando os dons carism\u00e1ticos. <\/span><\/p>\n<p><span style=\"font-weight: 400\">\u00c9 necess\u00e1rio estar cursando ou ter conclu\u00eddo o Ensino M\u00e9dio. <\/span><\/p>\n<p><span style=\"font-weight: 400\">O candidato precisa viver a castidade e buscar maturidade e equil\u00edbrio afetivo e sexual. <\/span><\/p>\n<p><span style=\"font-weight: 400\">A vida de ora\u00e7\u00e3o, o cultivo de relacionamento com Deus, \u00e9 essencial. <\/span><\/p>\n<p><span style=\"font-weight: 400\">Para iniciar o Caminho Vocacional para o N\u00facleo a pessoa n\u00e3o pode estar comprometida em um relacionamento de namoro ou noivado.<\/span><\/p>\n<p>&nbsp;<\/p>\n<div class=\"page\" title=\"Page 176\">\n<div class=\"layoutArea\">\n<div class=\"column\">\n<div class=\"page\" title=\"Page 12\">\n<div class=\"layoutArea\">\n<div class=\"column\">\n<div class=\"page\" title=\"Page 14\">\n<div class=\"layoutArea\">\n<div class=\"column\">\n<div class=\"page\" title=\"Page 24\">\n<div class=\"layoutArea\">\n<div class=\"column\">\n<div class=\"page\" title=\"Page 118\">\n<div class=\"layoutArea\">\n<div class=\"column\">\n<div class=\"page\" title=\"Page 121\">\n<div class=\"layoutArea\">\n<div class=\"column\">\n<div class=\"page\" title=\"Page 27\">\n<div class=\"layoutArea\">\n<div class=\"column\">\n<div class=\"page\" title=\"Page 27\">\n<div class=\"layoutArea\">\n<div class=\"column\">\n<div class=\"page\" title=\"Page 16\">\n<div class=\"layoutArea\">\n<div class=\"column\">\n<p>Se ficou ainda alguma d\u00favida entre em contato:\u00a0 <a href=\"voc&#97;&#x63;&#x69;&#x6f;&#x6e;al&#64;&#99;&#x6f;&#x6d;&#x75;&#x6e;ida&#100;&#101;&#x63;&#x61;&#x6e;&#x63;aon&#111;&#x76;&#x61;&#x2e;&#x63;om\"><strong>voc&#97;&#x63;&#x69;&#x6f;nal&#64;&#x63;&#x6f;&#x6d;&#x75;nid&#97;&#x64;&#x65;&#x63;&#x61;nca&#111;&#x6e;&#x6f;&#x76;a.c&#111;&#109;<\/strong><\/a><\/p>\n<p><span style=\"font-weight: 400\">\u27a1\ufe0f Fa\u00e7a sua inscri\u00e7\u00e3o no <\/span><b>Vocacional Can\u00e7\u00e3o Nova<\/b><b><br \/>\n<\/b><a href=\"https:\/\/linktr.ee\/vocacionalcancaonova\"><span style=\"font-weight: 400\">https:\/\/linktr.ee\/vocacionalcancaonova<\/span><\/a><\/p>\n<p><a href=\"https:\/\/blog.cancaonova.com\/vocacional\/files\/2025\/10\/logocancaonovavocacional.png\"><img loading=\"lazy\" decoding=\"async\" class=\"alignleft wp-image-12143 size-thumbnail\" src=\"https:\/\/blog.cancaonova.com\/vocacional\/files\/2025\/10\/logocancaonovavocacional-150x150.png\" alt=\"Logo Can\u00e7\u00e3o Nova Vocacional\" width=\"150\" height=\"150\" srcset=\"https:\/\/blog.cancaonova.com\/vocacional\/files\/2025\/10\/logocancaonovavocacional-150x150.png 150w, https:\/\/blog.cancaonova.com\/vocacional\/files\/2025\/10\/logocancaonovavocacional-300x300.png 300w, https:\/\/blog.cancaonova.com\/vocacional\/files\/2025\/10\/logocancaonovavocacional.png 320w\" sizes=\"(max-width: 150px) 100vw, 150px\" \/><\/a><\/p>\n<p>&nbsp;<\/p>\n<p>Seja bem vindo (a)!<br \/>\nDeus aben\u00e7oe voc\u00ea!<\/p>\n<\/div>\n<\/div>\n<\/div>\n<\/div>\n<\/div>\n<\/div>\n<\/div>\n<\/div>\n<\/div>\n<\/div>\n<\/div>\n<\/div>\n<\/div>\n<\/div>\n<\/div>\n<\/div>\n<\/div>\n<\/div>\n<\/div>\n<\/div>\n<\/div>\n<\/div>\n<\/div>\n<\/div>\n<\/div>\n<\/div>\n<\/div>\n","protected":false},"excerpt":{"rendered":"<p>Caminho Vocacional: O que \u00e9 e como acontece na Can\u00e7\u00e3o Nova? O Caminho Vocacional \u00e9 um tempo de discernimento e encontro com a vontade de Deus, onde os candidatos s\u00e3o convidados a discernir junto de Deus e da equipe vocacional&#8230;<\/p>\n","protected":false},"author":4612,"featured_media":12483,"parent":0,"menu_order":3,"comment_status":"closed","ping_status":"closed","template":"","meta":{"_mi_skip_tracking":false,"_monsterinsights_sitenote_active":false,"_monsterinsights_sitenote_note":"","_monsterinsights_sitenote_category":0,"_joinchat":[],"footnotes":""},"_links":{"self":[{"href":"https:\/\/blog.cancaonova.com\/vocacional\/wp-json\/wp\/v2\/pages\/8096"}],"collection":[{"href":"https:\/\/blog.cancaonova.com\/vocacional\/wp-json\/wp\/v2\/pages"}],"about":[{"href":"https:\/\/blog.cancaonova.com\/vocacional\/wp-json\/wp\/v2\/types\/page"}],"author":[{"embeddable":true,"href":"https:\/\/blog.cancaonova.com\/vocacional\/wp-json\/wp\/v2\/users\/4612"}],"replies":[{"embeddable":true,"href":"https:\/\/blog.cancaonova.com\/vocacional\/wp-json\/wp\/v2\/comments?post=8096"}],"version-history":[{"count":75,"href":"https:\/\/blog.cancaonova.com\/vocacional\/wp-json\/wp\/v2\/pages\/8096\/revisions"}],"predecessor-version":[{"id":12659,"href":"https:\/\/blog.cancaonova.com\/vocacional\/wp-json\/wp\/v2\/pages\/8096\/revisions\/12659"}],"wp:featuredmedia":[{"embeddable":true,"href":"https:\/\/blog.cancaonova.com\/vocacional\/wp-json\/wp\/v2\/media\/12483"}],"wp:attachment":[{"href":"https:\/\/blog.cancaonova.com\/vocacional\/wp-json\/wp\/v2\/media?parent=8096"}],"curies":[{"name":"wp","href":"https:\/\/api.w.org\/{rel}","templated":true}]}}