{"id":8532,"date":"2016-05-20T09:29:33","date_gmt":"2016-05-20T12:29:33","guid":{"rendered":"http:\/\/blog.cancaonova.com\/vocacional\/?page_id=8532"},"modified":"2025-09-07T15:01:07","modified_gmt":"2025-09-07T18:01:07","slug":"nosso-endereco","status":"publish","type":"page","link":"https:\/\/blog.cancaonova.com\/vocacional\/nosso-endereco\/","title":{"rendered":"Confira nosso endere\u00e7o"},"content":{"rendered":"<h1>Confira o endere\u00e7o da Frente de Miss\u00e3o da Comunidade Can\u00e7\u00e3o Nova mais pr\u00f3xima da sua casa.<\/h1>\n<h2><strong>No\u00a0Brasil:<\/strong><\/h2>\n<h3><strong>Comunidade Can\u00e7\u00e3o Nova \u2013 Aracaju, SE<\/strong><\/h3>\n<p>Endere\u00e7o: Rua Paulo Henrique Machado P\u00edmentel, 95 (pr\u00f3ximo ao terminal DIA)\u2013 In\u00e1cio Barbosa, Aracaju \u2013 SE, CEP: 49040-740<br \/>\n<strong>\ud83c\udde7\ud83c\uddf7<\/strong>\u260e\ufe0f\u00a0+55 (79) 2104-4444\u00a0\u2013 \ud83d\udcf2 <a href=\"https:\/\/www.instagram.com\/cancaonovaaracaju\/\">@cancaonovaaracaju<\/a><\/p>\n<h3><strong>Comunidade Can\u00e7\u00e3o Nova \u2013 Bel\u00e9m, PA<\/strong><\/h3>\n<p>Rua Senador Manoel Barata (entre Quintino Bocai\u00fava e Doca. Em frente ao Sesc.)<br \/>\n<strong>\ud83c\udde7\ud83c\uddf7<\/strong>\u260e\ufe0f+55 (91) 98590-4581 | \ud83d\udcf2 <a href=\"https:\/\/www.instagram.com\/cancaonovabelem.pa\/\">@cancaonovabelem<\/a><\/p>\n<h3><strong>Comunidade Can\u00e7\u00e3o Nova \u2013 Belo Horizonte, MG<\/strong><\/h3>\n<p>Rua Boaventura, 1836, loja 7- Jaragu\u00e1- Belo Horizonte\/MG\u00a0CEP: 31270-310<br \/>\n<strong>\ud83c\udde7\ud83c\uddf7<\/strong>\u260e\ufe0f+55 (31) 3306-6690 | \ud83d\udcf2 <a href=\"https:\/\/www.instagram.com\/cancaonovaaracaju\/\">@cancaonovabh<\/a><\/p>\n<h3><strong>Comunidade Can\u00e7\u00e3o Nova \u2013 Bras\u00edlia, DF<\/strong><\/h3>\n<p><span style=\"font-weight: 400\">SAAN Quadra 03 Lotes 70\/80- Bras\u00edlia &#8211; DF &#8211;\u00a0Cep: 70.632.300\u00a0<\/span><br \/>\n<strong>\ud83c\udde7\ud83c\uddf7<\/strong>\u260e\ufe0f +55 <span class=\"_ap3a _aaco _aacu _aacx _aad7 _aade\" dir=\"auto\">(61) 3322-8291<\/span> \u2013 \ud83d\udcf2 <a href=\"https:\/\/www.instagram.com\/cancaonovabrasilia\/\">@cancaonovabrasilia<\/a> |\ud83c\udf10 <a href=\"http:\/\/brasilia.cancaonova.com\/\" target=\"_blank\" rel=\"noopener\">http:\/\/brasilia.cancaonova.com<\/a><\/p>\n<h3><strong>Comunidade Can\u00e7\u00e3o Nova \u2013 Cachoeira Paulista, SP (Sede)<\/strong><\/h3>\n<p>Av. Jo\u00e3o Paulo II, S\/N \u2013 Alto da Bela Vista, Cachoeira Paulista, SP, CEP: 12630-000<br \/>\n<strong>\ud83c\udde7\ud83c\uddf7<\/strong>\u260e\ufe0f\u00a0+55 (12) 3186-2000\u00a0\u2013 \ud83c\udf10 <a href=\"https:\/\/comunidade.cancaonova.com\">https:\/\/comunidade.cancaonova.com<\/a><\/p>\n<h3><strong>Comunidade Can\u00e7\u00e3o Nova \u2013 Campos dos Goytacazes, RJ<\/strong><\/h3>\n<p>Rua Marechal Floriano, 202, sala 3 &#8211; Centro, Campos dos Goytacazes, RJ, CEP: 28010-162<br \/>\n<strong>\ud83c\udde7\ud83c\uddf7<\/strong>\u260e\ufe0f +55 (22) 30131112 \/ WhatsApp (<span class=\"_ap3a _aaco _aacu _aacx _aad7 _aade\" dir=\"auto\">22)99880.2804 <\/span><strong>\ud83c\udde7\ud83c\uddf7<\/strong>\ud83d\udcf2<a href=\"https:\/\/www.instagram.com\/cancaonovacamposrj\/\">@cancaonovacamposrj<\/a> \/\u00a0 <a href=\"http:\/\/campos.cancaonova.com\/\" target=\"_blank\" rel=\"noopener\">http:\/\/campos.cancaonova.com\u00a0<\/a><\/p>\n<h3><strong>Comunidade Can\u00e7\u00e3o Nova \u2013 Cuiab\u00e1, MT<\/strong><\/h3>\n<p>Rua C, 600 \u2013 Cohab Dom Orlando Chaves, V\u00e1rzea Grande \u2013 MT,\u00a0 CEP: 78118-210<br \/>\n<strong>\ud83c\udde7\ud83c\uddf7<\/strong>\u260e\ufe0f\u00a0+55 (65) 3046-9201\u00a0\u2013 \ud83d\udcf2<a href=\"https:\/\/www.instagram.com\/cancaonovacuiaba\/\">@cancaonovacuiaba<\/a><\/p>\n<h3><span style=\"color: #000000\"><strong>Comunidade Can\u00e7\u00e3o Nova \u2013 Curitiba, PR<\/strong><\/span><\/h3>\n<p><span style=\"color: #000000\">Av. Mal. Floriano Peixoto, 4809 \u2013 Hauer, Curitiba \u2013 PR, CEP: 81610-000\u00a0<\/span><br \/>\n<span style=\"color: #ff0000\"><strong>\ud83c\udde7\ud83c\uddf7<\/strong>\u260e\ufe0f\u00a0<\/span>+55 (41) 3091-1370<span style=\"color: #ff0000\">\u00a0\u2013 \ud83d\udcf2\u00a0<\/span><a href=\"https:\/\/www.instagram.com\/cancaonovacuritiba\/\"> @cancaonovacuritiba<\/a><\/p>\n<h3><strong>Comunidade Can\u00e7\u00e3o Nova \u2013 Fortaleza, CE<\/strong><\/h3>\n<p>Rua General Tertuliano Potiguara, 452 \u2013 Aldeota, Fortaleza \u2013 CE, CEP: 60135-280<br \/>\n<strong>\ud83c\udde7\ud83c\uddf7<\/strong>\u260e\ufe0f\u00a0+55 (85) 3391-4064 | \ud83d\udcf2 <a href=\"https:\/\/www.instagram.com\/cancaonovafortaleza\/\">@cancaonovafortaleza<\/a><\/p>\n<h3><strong>Comunidade Can\u00e7\u00e3o Nova \u2013 Gravat\u00e1, PE<\/strong><\/h3>\n<p>Av. C\u00edcero Batista de Oliveira, 2906 \u2013 Novo Gravat\u00e1, CP 64, Gravat\u00e1 \u2013 PE, CEP: 55641-970<br \/>\n<strong>\ud83c\udde7\ud83c\uddf7<\/strong>\u260e\ufe0f\u00a0+55 (81) 3533-4709 | \ud83d\udcf2 <a href=\"https:\/\/www.instagram.com\/cancaonovagravata\/\">@cancaonovagravata<\/a><\/p>\n<h3><strong>Comunidade Can\u00e7\u00e3o Nova \u2013 Itapetininga, SP (IMERS\u00c3O Mission\u00e1ria)<br \/>\n<\/strong><\/h3>\n<p><span style=\"font-weight: 400\">Rua Av. Evandro Ruivo 340, Bela Vista (Par\u00f3quia Bom Pastor)<\/span><br \/>\n<strong>\ud83c\udde7\ud83c\uddf7<\/strong>\u260e\ufe0f (12)\u00a099123-2054| \ud83d\udcf2 <a href=\"https:\/\/www.instagram.com\/cancaonovaitapetininga\/\">@cancaonovaitapetininga<\/a><\/p>\n<h3><strong>Comunidade Can\u00e7\u00e3o Nova \u2013 Lorena, SP<\/strong><\/h3>\n<p><span style=\"font-weight: 400\">Rua Candel\u00e1ria Pereira, 22 \u2013 Centro, Lorena \u2013 SP &#8211; CEP: 12600-070<\/span><br \/>\n<strong>\ud83c\udde7\ud83c\uddf7<\/strong>\u260e\ufe0f (12) 99622-0694 (Recep\u00e7\u00e3o) |\u00a0 (12) 98112-0044 (Loja CN) |\u00a0\ud83d\udcf2 <a href=\"https:\/\/www.instagram.com\/cancaonovalorena\/\">@cancaonovalorena<\/a><\/p>\n<h3><strong>Comunidade Can\u00e7\u00e3o Nova \u2013 Natal, RN<\/strong><\/h3>\n<p><strong>\ud83c\udde7\ud83c\uddf7<\/strong>\u260e\ufe0f\u00a0+55 (84) 988320015 | \ud83d\udcf2 <a href=\"https:\/\/www.instagram.com\/cancaonovanatal\/\">@cancaonovanatal<\/a><\/p>\n<h3><strong>Comunidade Can\u00e7\u00e3o Nova \u2013 Palmas, TO &#8211; Obs.: <\/strong><strong>N\u00e3o temos Equipe Vocacional<\/strong><\/h3>\n<p><strong>\ud83c\udde7\ud83c\uddf7<\/strong>\u260e\ufe0f\u00a0+55 (63) 99208-4354 |\ud83d\udcf2\u00a0<a href=\"https:\/\/www.instagram.com\/cancaonovapalmas\/\">@cancaonovapalmas<\/a><\/p>\n<h3><span style=\"color: #000000\"><strong>Comunidade Can\u00e7\u00e3o Nova \u2013 Paul\u00ednia, SP<\/strong><\/span><\/h3>\n<p><span style=\"color: #000000\">Av. Pref. Jos\u00e9 Lozano Ara\u00fajo, 1021 \u2013 Jardim America, Paul\u00ednia \u2013 SP, CEP: 13140-711\u00a0<\/span><br \/>\n<span style=\"color: #000000\"><strong>\ud83c\udde7\ud83c\uddf7<\/strong>\u260e\ufe0f\u00a0+55 (19) 3844-8300 | \ud83d\udcf2 <a href=\"https:\/\/www.instagram.com\/cancaonovapaulinia\/\">@cancaonovapaulinia\u00a0 <\/a>|\ud83c\udf10 <a href=\"http:\/\/paulinia.cancaonova.com\/\" target=\"_blank\" rel=\"noopener\">http:\/\/paulinia.cancaonova.com<\/a><\/span><\/p>\n<h3><strong>Comunidade Can\u00e7\u00e3o Nova \u2013 Queluz, SP\u00a0<\/strong><strong style=\"font-size: 16px\">&#8211; Obs.: <\/strong><strong style=\"font-size: 16px\">N\u00e3o temos Equipe Vocacional em Queluz\/SP<\/strong><\/h3>\n<p>R. Jos\u00e9 Mess\u00edas de Paula Fran\u00e7a, 67 \u2013 Bairro: S\u00e3o Geraldo, Queluz \u2013 SP, CEP: 12800-000<br \/>\n<strong>\ud83c\udde7\ud83c\uddf7<\/strong>\u260e\ufe0f\u00a0+55 (12) 3147-2208\u00a0 |\ud83d\udcf2 <a href=\"https:\/\/www.instagram.com\/cancaonovaqueluz\/\">@cancaonovaqueluz<\/a><\/p>\n<h3><span style=\"color: #000000\"><strong>Comunidade Can\u00e7\u00e3o Nova \u2013 Rio de Janeiro, RJ<\/strong><\/span><\/h3>\n<p>Avenida Marechal Floriano, 191 &#8211; Centro- RJ CEP 20080-001<br \/>\n<span style=\"color: #000000\"><strong>\ud83c\udde7\ud83c\uddf7<\/strong>\u260e\ufe0f\u00a0<\/span>WhatsApp: <span class=\"_ap3a _aaco _aacu _aacx _aad7 _aade\" dir=\"auto\">(21) 3344-2176<\/span> |<span style=\"color: #000000\">\ud83d\udcf2 <a href=\"https:\/\/www.instagram.com\/cancaonovario\/\">@cancaonovario<\/a> | \ud83c\udf10 <a href=\"http:\/\/rio.cancaonova.com\/\" target=\"_blank\" rel=\"noopener\">http:\/\/rio.cancaonova.com<\/a><\/span><\/p>\n<h3><strong>Comunidade Can\u00e7\u00e3o Nova \u2013 S\u00e3o Jos\u00e9 do Rio Preto, SP<\/strong><\/h3>\n<p>R. XV de Novembro, 3635 \u2013 Centro, S\u00e3o Jos\u00e9 do Rio Preto \u2013 SP, CEP: 15015-110<br \/>\n<strong>\ud83c\udde7\ud83c\uddf7<\/strong>\u260e\ufe0f\u00a0+55 (17) 3233-4600 | \ud83d\udcf2 <a href=\"https:\/\/www.instagram.com\/cnriopreto\/\">@cnriopreto<\/a><\/p>\n<h3><strong>Comunidade Can\u00e7\u00e3o Nova \u2013 S\u00e3o Jos\u00e9 dos Campos, SP<\/strong><\/h3>\n<p>R. Itoror\u00f3, 186 \u2013 Jardim Paulista, S\u00e3o Jos\u00e9 dos Campos \u2013 SP, CEP: 12216-192<br \/>\n<strong>\ud83c\udde7\ud83c\uddf7<\/strong>\u260e\ufe0f\u00a0+55 (12) 3923-1228 |\ud83d\udcf2 <a href=\"https:\/\/www.instagram.com\/cancaonovasjc\/\">@cancaonovasjc<\/a> |\u00a0\ud83c\udf10 <a href=\"https:\/\/blog.cancaonova.com\/saojosedoscampos\/\">sjc.cancaonova.com<\/a><\/p>\n<h3><span style=\"color: #000000\"><strong>Comunidade Can\u00e7\u00e3o Nova \u2013 S\u00e3o Paulo, SP\u00a0<\/strong><\/span><\/h3>\n<p><span style=\"font-weight: 400\">Rua Tamandar\u00e9, 355 \u2013 Liberdade \u2013 S\u00e3o Paulo, SP CEP: 01525-001<br \/>\n<strong>\ud83c\udde7\ud83c\uddf7<\/strong>\u260e\ufe0f+55 (11) 3101 9330 |\ud83d\udcf2 <a href=\"https:\/\/www.instagram.com\/cancaonovasp\/\">@cancaonovasp<\/a>\u00a0 |\u00a0\ud83c\udf10 <a href=\"http:\/\/saopaulo.cancaonova.com\/\">saopaulo.cancaonova.com<\/a><\/span><\/p>\n<h3><strong>Comunidade Can\u00e7\u00e3o Nova \u2013 Vit\u00f3ria da Conquista, BA<\/strong><\/h3>\n<p>Av. Deputado Ulisses Guimar\u00e3es, 165 \u2013 Felic\u00eda, Vit\u00f3ria da Conquista \u2013 BA, CEP: 45055-155<br \/>\n<strong>\ud83c\udde7\ud83c\uddf7<\/strong>\u260e\ufe0f\u00a0+55 (77) 3028-6314 |\ud83d\udcf2 <a href=\"https:\/\/www.instagram.com\/cancaonovaconquista\/\">@cancaonovaconquista<\/a><\/p>\n<h2><span style=\"color: #000000\"><strong>Outros pa\u00edses:<\/strong><\/span><\/h2>\n<h3><span style=\"color: #000000\"><strong>Comunidade Can\u00e7\u00e3o Nova \u2013 Assun\u00e7\u00e3o \u2013 Paraguai<\/strong><\/span><\/h3>\n<p><span style=\"color: #000000\">Endere\u00e7o:<strong>\ud83c\uddf5\ud83c\uddfe\u260e\ufe0f<\/strong>+595 985 594555<strong>\u00a0| \ud83d\udce7\u00a0<a href=\"&#x6d;&#x61;&#x69;&#x6c;&#116;o:vo&#x63;&#x61;&#x63;&#x69;&#111;nal.&#x70;&#x61;&#x72;&#x61;&#103;uai&#64;&#x63;&#x6f;&#x6d;&#x75;&#110;idad&#x65;&#x63;&#x6e;&#x2e;&#99;om\">v&#x6f;&#x63;a&#99;&#x69;&#x6f;n&#97;&#x6c;.p&#x61;&#x72;a&#103;&#x75;ai&#x40;&#x63;o&#109;&#x75;&#x6e;i&#x64;&#x61;d&#101;&#x63;&#x6e;.&#99;&#x6f;m<\/a><\/strong>\u00a0| \ud83d\udcf2 <a href=\"https:\/\/www.instagram.com\/cancionnuevapy\/\">@cancionnuevapy<\/a><\/span><\/p>\n<h3><span style=\"color: #000000\"><strong>Comunidade Can\u00e7\u00e3o Nova \u2013 F\u00e1tima \u2013 Portugal<\/strong><\/span><\/h3>\n<p><span style=\"color: #000000\">Estr. da Batalha 68, Apartado 199, CP: 2496-908, F\u00e1tima, Portugal\u00a0<\/span><br \/>\n<span style=\"color: #000000\"> Endere\u00e7o: \ud83c\uddf5\ud83c\uddf9\u260e\ufe0f\u00a0(351) 249 530 600\u00a0|\u00a0<strong>\ud83d\udce7\u00a0<a href=\"&#109;&#x61;&#105;&#x6c;&#116;&#x6f;:&#x76;o&#x63;a&#x63;i&#x6f;n&#x61;l&#x40;c&#x61;n&#x63;a&#111;&#x6e;&#111;&#x76;&#97;&#x2e;&#112;&#x74;\">&#x76;o&#x63;a&#x63;&#105;&#x6f;&#x6e;a&#x6c;&#64;&#x63;&#97;&#x6e;&#99;a&#x6f;n&#x6f;&#118;&#x61;&#46;p&#x74;<\/a> |<\/strong>\u00a0\ud83d\udcf2 <a href=\"https:\/\/www.instagram.com\/cnevora\/\">@cnevora<\/a> | <a href=\"https:\/\/www.instagram.com\/cnportugal\/\">@cnportugal<\/a> | \ud83c\udf10 <a href=\"https:\/\/linktr.ee\/cnportugal\" target=\"_blank\" rel=\"noopener\">https:\/\/linktr.ee\/cnportugal<\/a><\/span><\/p>\n<h3><span style=\"color: #000000\"><strong>Comunidade Can\u00e7\u00e3o Nova \u2013 Roma \u2013 It\u00e1lia\u00a0<\/strong><\/span><\/h3>\n<p><span style=\"color: #000000\">Via Rusticucci, 14, 00193 Roma RM, It\u00e1lia\u00a0<\/span><br \/>\n<span style=\"color: #000000\"> Endere\u00e7o: \ud83c\uddee\ud83c\uddf9 \ud83d\udcf2 <a href=\"https:\/\/www.instagram.com\/cnroma\/\">@cnroma\u00a0<\/a>|\u00a0<strong>\ud83d\udce7\u00a0<a href=\"&#109;&#x61;i&#x6c;t&#x6f;:&#x76;o&#x63;a&#122;&#x69;&#111;&#x6e;a&#x6c;e&#x40;c&#x61;n&#x74;o&#110;&#x75;&#111;&#x76;o&#x2e;e&#x75;\">&#x76;&#x6f;&#99;&#97;zi&#x6f;&#x6e;&#x61;&#108;e&#64;c&#x61;&#x6e;&#x74;&#111;nu&#x6f;&#x76;&#x6f;&#46;&#101;u<\/a><\/strong>\u00a0|\u00a0\ud83c\udf10<a href=\"http:\/\/comunitacantonuovo.it\/\"> http:\/\/comunitacantonuovo.it\/<\/a> |\u00a0\ud83c\udf10 <a href=\"https:\/\/cnplay.it\/contatti\/\">https:\/\/cnplay.it\/contatti\/<\/a><\/span><\/p>\n<h3><span style=\"color: #000000\"><strong>Comunidade Can\u00e7\u00e3o Nova \u2013 Terra Santa (Jerusal\u00e9m e Nazar\u00e9)\u00a0\u00a0<\/strong><\/span><strong>&#8211; Obs.: <\/strong><strong>N\u00e3o temos Equipe Vocacional<\/strong><\/h3>\n<p><span style=\"color: #000000\">Cancao Nova Community \u2013 Holy Land \/ Terra Sancta College \u2013 Christian Media Center \u2013 CMC \u2013 2, Keren Hayesod Street, 9100801 \u2013 Jerusalem \/ Israel<br \/>\nEndere\u00e7o:<img loading=\"lazy\" decoding=\"async\" class=\"wp-image-7461 alignnone\" src=\"https:\/\/img.cancaonova.com\/cnimages\/especiais\/uploads\/sites\/11\/2014\/09\/bandeira-custodia-terra-santa-small.png\" alt=\"\" width=\"24\" height=\"16\" \/>\u00a0\u260e\ufe0f\u00a0(972) 02 566 9553\u00a0|<\/span><span style=\"color: #000000\">\u00a0\ud83d\udcf2 <a href=\"https:\/\/www.instagram.com\/cnterrasanta\/\">@cnterrasanta<\/a> | Facebook: <a href=\"https:\/\/www.facebook.com\/cnterrasanta\">@cnterrasanta<\/a> |\ud83c\udf10 <a href=\"https:\/\/comunidade.cancaonova.com\/terra-santa\/\" target=\"_blank\" rel=\"noopener\">https:\/\/comunidade.cancaonova.com\/terra-santa\/<\/a><\/span><\/p>\n<h3 style=\"text-align: left\"><span style=\"color: #000000\"><strong>Comunidade Can\u00e7\u00e3o Nova \u2013 Toulon \u2013 Fran\u00e7a<\/strong><\/span><\/h3>\n<p style=\"text-align: left\"><span style=\"color: #000000\">Communaut\u00e9 Chant Nouveau \u2013 68 Impasse de Beaulieu CS 30518 \u2013 83041 Toulon Cedex 9 \u2013 France\u00a0<\/span><br \/>\n<span style=\"color: #000000\"> Endere\u00e7o:<strong>\u00a0<\/strong>\ud83c\uddeb\ud83c\uddf7\u260e\ufe0f\u00a00(33) 49414 4202\u00a0|\u00a0<strong>\ud83d\udce7 <a href=\"&#x6d;&#97;i&#x6c;&#x74;&#111;:&#x76;&#x6f;&#99;a&#x74;&#x69;&#111;n&#x40;&#x63;&#97;n&#x63;&#x61;&#111;n&#x6f;&#x76;&#97;.&#x66;&#x72;\">&#x76;&#x6f;&#x63;&#x61;&#x74;&#x69;&#x6f;&#x6e;&#x40;&#x63;&#x61;&#x6e;&#x63;&#x61;&#x6f;&#x6e;&#x6f;&#x76;&#x61;&#x2e;&#x66;&#x72;<\/a> |<\/strong>\u00a0\ud83d\udcf2 <a href=\"https:\/\/www.instagram.com\/cn_france\/\">@cn_france<\/a> | <a href=\"https:\/\/www.instagram.com\/cnmedia_fr\/\">@cnmedia_fr<\/a> | \ud83c\udf10\u00a0<a href=\"https:\/\/linktr.ee\/cnmediafr\">https:\/\/linktr.ee\/cnmediafr\u00a0\u00a0 <\/a>| \ud83c\udf10 <a href=\"https:\/\/communautecn.fr\/\">https:\/\/communautecn.fr\/<\/a><\/span><\/p>\n<h3><strong>Comunidade Can\u00e7\u00e3o Nova \u2013 Estados Unidos<\/strong><\/h3>\n<p>59 Court Street #2 Long Branch, New Jersey 07740<br \/>\n<span style=\"color: #000000\">Endere\u00e7o: <\/span><strong>\ud83c\uddfa\ud83c\uddf8\u00a0\ud83d\udcf2 <\/strong><a href=\"https:\/\/www.instagram.com\/cancaonova.usa\/\">@cancaonova.usa<\/a>|\u00a0<strong>\ud83d\udce7\u00a0<a href=\"&#x6d;&#x61;&#x69;&#108;to:&#x6d;&#x69;&#x73;&#115;ion&#x2e;&#x75;&#x73;&#97;&#64;ca&#x6e;&#x63;&#x61;&#111;nov&#x61;&#x2e;&#x63;&#111;m\">m&#x69;&#x73;s&#x69;&#x6f;n&#x2e;&#x75;s&#97;&#x40;c&#97;&#x6e;c&#97;&#x6f;n&#111;&#x76;a.&#x63;&#x6f;m<\/a>\u00a0<\/strong><\/p>\n<h3><strong>Comunidade Can\u00e7\u00e3o Nova \u2013 Zobue &#8211; Mo\u00e7ambique<\/strong><strong>\u00a0\u00a0<\/strong><\/h3>\n<p>Par\u00f3quia Nossa Senhora da Imaculada Concei\u00e7\u00e3o &#8211;\u00a0Estrada Nacional 7 \u2013 S\/N, Bairro 3, Vila de Zobu\u00e9, Distrito de Moatize, Prov\u00edncia de Tete, Mo\u00e7ambique<br \/>\n<span style=\"color: #000000\">Endere\u00e7o: <\/span><strong>\ud83c\uddf2\ud83c\uddff\u260e\ufe0f \u200e\u200e\u200e\u202a<\/strong>+258\u00a0857081186<strong> \ud83d\udcf2 <\/strong><a href=\"https:\/\/www.instagram.com\/cancaonovamocambique\/\">@cancaonovamocambique<\/a>|\u00a0<strong>\ud83d\udce7\u00a0<a href=\"m&#97;&#x69;&#x6c;to&#58;&#x76;&#x6f;c&#97;&#x63;&#x69;on&#97;&#x6c;&#x2e;z&#111;&#x62;&#x75;e&#64;&#99;&#x6f;&#x6d;un&#x69;&#x64;ad&#101;&#x63;&#x61;nc&#x61;&#x6f;no&#118;&#x61;&#x2e;co&#x6d;\">&#x76;&#x6f;&#x63;&#x61;&#x63;&#x69;&#x6f;&#x6e;&#x61;&#x6c;&#x2e;&#122;&#111;&#98;&#117;e&#64;comunid&#x61;&#x64;&#x65;&#x63;&#x61;&#x6e;&#x63;&#x61;&#x6f;&#x6e;&#x6f;&#x76;&#97;&#46;&#99;&#111;m<\/a><\/strong><\/p>\n","protected":false},"excerpt":{"rendered":"<p>Confira o endere\u00e7o da Frente de Miss\u00e3o da Comunidade Can\u00e7\u00e3o Nova mais pr\u00f3xima da sua casa. No\u00a0Brasil: Comunidade Can\u00e7\u00e3o Nova \u2013 Aracaju, SE Endere\u00e7o: Rua Paulo Henrique Machado P\u00edmentel, 95 (pr\u00f3ximo ao terminal DIA)\u2013 In\u00e1cio Barbosa, Aracaju \u2013 SE, CEP:&#8230;<\/p>\n","protected":false},"author":4612,"featured_media":0,"parent":0,"menu_order":6,"comment_status":"closed","ping_status":"closed","template":"","meta":{"_mi_skip_tracking":false,"_monsterinsights_sitenote_active":false,"_monsterinsights_sitenote_note":"","_monsterinsights_sitenote_category":0,"_joinchat":[],"footnotes":""},"_links":{"self":[{"href":"https:\/\/blog.cancaonova.com\/vocacional\/wp-json\/wp\/v2\/pages\/8532"}],"collection":[{"href":"https:\/\/blog.cancaonova.com\/vocacional\/wp-json\/wp\/v2\/pages"}],"about":[{"href":"https:\/\/blog.cancaonova.com\/vocacional\/wp-json\/wp\/v2\/types\/page"}],"author":[{"embeddable":true,"href":"https:\/\/blog.cancaonova.com\/vocacional\/wp-json\/wp\/v2\/users\/4612"}],"replies":[{"embeddable":true,"href":"https:\/\/blog.cancaonova.com\/vocacional\/wp-json\/wp\/v2\/comments?post=8532"}],"version-history":[{"count":34,"href":"https:\/\/blog.cancaonova.com\/vocacional\/wp-json\/wp\/v2\/pages\/8532\/revisions"}],"predecessor-version":[{"id":12034,"href":"https:\/\/blog.cancaonova.com\/vocacional\/wp-json\/wp\/v2\/pages\/8532\/revisions\/12034"}],"wp:attachment":[{"href":"https:\/\/blog.cancaonova.com\/vocacional\/wp-json\/wp\/v2\/media?parent=8532"}],"curies":[{"name":"wp","href":"https:\/\/api.w.org\/{rel}","templated":true}]}}