{"id":241,"date":"2024-05-17T17:36:46","date_gmt":"2024-05-17T20:36:46","guid":{"rendered":"http:\/\/blog.cancaonova.com\/voluntarios\/?page_id=241"},"modified":"2024-06-06T00:10:13","modified_gmt":"2024-06-06T03:10:13","slug":"quem-somos","status":"publish","type":"page","link":"https:\/\/blog.cancaonova.com\/voluntarios\/quem-somos\/","title":{"rendered":"Quem Somos"},"content":{"rendered":"<h3><em><strong>Somos uma comunidade cat\u00f3lica de amor e adora\u00e7\u00e3o que comunica a Boa Nova de Jesus Cristo no poder do Esp\u00edrito Santo.<\/strong><\/em><\/h3>\n<p>Quem Somos: A Comunidade Can\u00e7\u00e3o Nova \u00e9 uma comunidade carism\u00e1tica cat\u00f3lica, fundada por padre&nbsp;<a href=\"https:\/\/padrejonas.cancaonova.com\/biografia\/\" target=\"_blank\" rel=\"noopener\">Jonas Abib<\/a>&nbsp;e reconhecida pelo&nbsp;<a href=\"https:\/\/www.vatican.va\/roman_curia\/pontifical_councils\/laity\/index_po.htm\" target=\"_blank\" rel=\"noopener\"><em>Pontif\u00edcio Conselho para os Leigos<\/em><\/a>&nbsp;como associa\u00e7\u00e3o internacional privada de fi\u00e9is, dotada de personalidade jur\u00eddica (cfr. CIC, c\u00e2n. 298-311; 321-329) e tem sua sede na cidade de Cachoeira Paulista &nbsp;(SP),&nbsp;<a href=\"https:\/\/diocesedelorena.com\/\" target=\"_blank\" rel=\"noopener\">Diocese de Lorena<\/a>, S\u00e3o Paulo \u2013 Brasil.<\/p>\n<p>O termo \u201cCan\u00e7\u00e3o Nova\u201d corresponde ao C\u00e2ntico Novo, tema que perpassa toda a hist\u00f3ria da salva\u00e7\u00e3o: \u00e9 o c\u00e2ntico dos remidos, o c\u00e2ntico das mulheres e homens novos para o Mundo Novo. A Comunidade Can\u00e7\u00e3o Nova assume o compromisso de ser este c\u00e2ntico para a Igreja e para o mundo. A Comunidade Can\u00e7\u00e3o Nova pretende ser na<a href=\"https:\/\/www.vatican.va\/content\/francesco\/pt\/audiences\/2023\/documents\/20230315-udienza-generale.html\"> Igreja<\/a>, a \u201cCasa de Maria\u201d, entendendo tal express\u00e3o no sentido b\u00edblico: da descend\u00eancia de Maria, da ra\u00e7a de Maria, sua M\u00e3e e educadora.<\/p>\n<p><strong>A Comunidade Can\u00e7\u00e3o Nova \u00e9 um corpo associativo de fi\u00e9is crist\u00e3os formado de&nbsp;mulheres e homens; jovens e adultos; solteiros, casados e celibat\u00e1rios, sacerdotes e di\u00e1conos,&nbsp;que assumem a viv\u00eancia mais radical da consagra\u00e7\u00e3o a Deus feita no Batismo e na Crisma, em fun\u00e7\u00e3o do apostolado, numa vida em comunidade, conforme o estado de cada um.<\/strong>&nbsp;Tal viv\u00eancia inspira-se na pr\u00e1tica dos conselhos evang\u00e9licos, adaptada \u00e0 vida secular.<\/p>\n<h3><em><strong>Levar a experi\u00eancia pessoal do encontro com Jesus Cristo na efic\u00e1cia do Esp\u00edrito Santo.<\/strong><\/em><\/h3>\n<p>O <a href=\"https:\/\/comunidade.cancaonova.com\/vida-na-comunidade\/\">Carisma Can\u00e7\u00e3o Nova<\/a> \u00e9 uma forma renovada de levar a experi\u00eancia pessoal do encontro com Jesus Cristo na efic\u00e1cia do Esp\u00edrito Santo. Este Carisma encarnou-se em primeiro lugar no Fundador e depois em seus membros, formando um organismo vivo que \u00e9 a Can\u00e7\u00e3o Nova. Levar a experi\u00eancia pessoal do encontro com Jesus Cristo \u00e9 a prioridade de cada membro da Comunidade em tudo o que vive e realiza no seu dia a dia.&nbsp;<\/p>\n<h3><b><i>Evangelizar, formando homens novos para o Mundo Novo.<\/i><\/b><\/h3>\n<p>A miss\u00e3o da Comunidade Can\u00e7\u00e3o Nova \u00e9 evangelizar, comunicar Jesus e a vida nova que Ele trouxe, pelos encontros e, de maneira preferencial, mas n\u00e3o exclusiva, pelos meios de comunica\u00e7\u00e3o social, para formar homens novos para o Mundo Novo.&nbsp;<\/p>\n<p>O fundamento da Comunidade Can\u00e7\u00e3o Nova \u00e9 o Evangelho: viver e comunic\u00e1-lo de&nbsp;maneira integral, na efic\u00e1cia do Esp\u00edrito Santo, enquanto esperam e apressam a vinda gloriosa do Senhor (cf. 2Pd 3,12), deve ser o empenho de todos os membros.&nbsp;<\/p>\n<p>A Can\u00e7\u00e3o Nova \u00e9 chamada a ser a Casa de Miseric\u00f3rdia.<\/p>\n<p><iframe loading=\"lazy\" title=\"Institucional Comunidade Can\u00c3\u00a7\u00c3\u00a3o Nova \u00e2\u008e\u009c2017\" width=\"600\" height=\"450\" src=\"https:\/\/www.youtube.com\/embed\/SuWCYNXU_Bg?feature=oembed&amp;rel=0\" frameborder=\"0\" allow=\"accelerometer; autoplay; clipboard-write; encrypted-media; gyroscope; picture-in-picture; web-share\" referrerpolicy=\"strict-origin-when-cross-origin\" allowfullscreen><\/iframe><\/p>\n<p>&nbsp;<\/p>\n","protected":false},"excerpt":{"rendered":"<p>Somos uma comunidade cat\u00f3lica de amor e adora\u00e7\u00e3o que comunica a Boa Nova de Jesus Cristo no poder do Esp\u00edrito Santo. Quem Somos: A Comunidade Can\u00e7\u00e3o Nova \u00e9 uma comunidade carism\u00e1tica cat\u00f3lica, fundada por padre&nbsp;Jonas Abib&nbsp;e reconhecida pelo&nbsp;Pontif\u00edcio Conselho para&#8230;<\/p>\n","protected":false},"author":4762,"featured_media":0,"parent":0,"menu_order":0,"comment_status":"closed","ping_status":"closed","template":"","meta":{"_mi_skip_tracking":false,"_monsterinsights_sitenote_active":false,"_monsterinsights_sitenote_note":"","_monsterinsights_sitenote_category":0,"footnotes":""},"_links":{"self":[{"href":"https:\/\/blog.cancaonova.com\/voluntarios\/wp-json\/wp\/v2\/pages\/241"}],"collection":[{"href":"https:\/\/blog.cancaonova.com\/voluntarios\/wp-json\/wp\/v2\/pages"}],"about":[{"href":"https:\/\/blog.cancaonova.com\/voluntarios\/wp-json\/wp\/v2\/types\/page"}],"author":[{"embeddable":true,"href":"https:\/\/blog.cancaonova.com\/voluntarios\/wp-json\/wp\/v2\/users\/4762"}],"replies":[{"embeddable":true,"href":"https:\/\/blog.cancaonova.com\/voluntarios\/wp-json\/wp\/v2\/comments?post=241"}],"version-history":[{"count":6,"href":"https:\/\/blog.cancaonova.com\/voluntarios\/wp-json\/wp\/v2\/pages\/241\/revisions"}],"predecessor-version":[{"id":343,"href":"https:\/\/blog.cancaonova.com\/voluntarios\/wp-json\/wp\/v2\/pages\/241\/revisions\/343"}],"wp:attachment":[{"href":"https:\/\/blog.cancaonova.com\/voluntarios\/wp-json\/wp\/v2\/media?parent=241"}],"curies":[{"name":"wp","href":"https:\/\/api.w.org\/{rel}","templated":true}]}}