{"id":255,"date":"2024-05-17T17:39:28","date_gmt":"2024-05-17T20:39:28","guid":{"rendered":"http:\/\/blog.cancaonova.com\/voluntarios\/?page_id=255"},"modified":"2024-06-06T00:27:06","modified_gmt":"2024-06-06T03:27:06","slug":"faca-seu-cadastro","status":"publish","type":"page","link":"https:\/\/blog.cancaonova.com\/voluntarios\/faca-seu-cadastro\/","title":{"rendered":"Fa\u00e7a seu Cadastro"},"content":{"rendered":"<div id=\"pl-255\"  class=\"panel-layout\" ><div id=\"pg-255-0\"  class=\"panel-grid panel-no-style\" ><div id=\"pgc-255-0-0\"  class=\"panel-grid-cell\" ><div id=\"panel-255-0-0-0\" class=\"so-panel widget widget_sow-editor panel-first-child panel-last-child\" data-index=\"0\" ><div class=\"so-widget-sow-editor so-widget-sow-editor-base\">\n<div class=\"siteorigin-widget-tinymce textwidget\">\n\t<div role=\"form\" class=\"wpcf7\" id=\"wpcf7-f545-o1\" lang=\"pt-BR\" dir=\"ltr\">\n<div class=\"screen-reader-response\"><\/div>\n<form action=\"\/voluntarios\/wp-json\/wp\/v2\/pages\/255#wpcf7-f545-o1\" method=\"post\" class=\"wpcf7-form\" novalidate=\"novalidate\">\n<div style=\"display: none;\">\n<input type=\"hidden\" name=\"_wpcf7\" value=\"545\" \/><br \/>\n<input type=\"hidden\" name=\"_wpcf7_version\" value=\"4.7\" \/><br \/>\n<input type=\"hidden\" name=\"_wpcf7_locale\" value=\"pt_BR\" \/><br \/>\n<input type=\"hidden\" name=\"_wpcf7_unit_tag\" value=\"wpcf7-f545-o1\" \/><br \/>\n<input type=\"hidden\" name=\"_wpnonce\" value=\"c074e276f4\" \/>\n<\/div>\n<div class=\"row\">\n<div class=\"form-group col-sm-6 col-xs-12 floating-label-form-group\">\n        <label class=\"control-label\" for=\"nome\"><i>Nome Completo<\/i><\/label><br \/>\n        <span class=\"wpcf7-form-control-wrap nome\"><input type=\"text\" name=\"nome\" value=\"\" size=\"40\" class=\"wpcf7-form-control wpcf7-text wpcf7-validates-as-required form-control\" id=\"nome\" aria-required=\"true\" aria-invalid=\"false\" placeholder=\"Digite o seu nome completo\" \/><\/span>\n    <\/div>\n<div class=\"form-group col-sm-6 col-xs-12 floating-label-form-group\">\n        <label class=\"control-label\" for=\"Data\"><i>Data de Nascimento<\/i><\/label><br \/>\n        <span class=\"wpcf7-form-control-wrap Data\"><input type=\"text\" name=\"Data\" value=\"\" size=\"40\" class=\"wpcf7-form-control wpcf7-text form-control\" id=\"Data\" aria-invalid=\"false\" placeholder=\"Digite a data de Nascimento\" \/><\/span>\n    <\/div>\n<\/div>\n<div class=\"row\">\n<div class=\"form-group col-sm-6 col-xs-12 floating-label-form-group\">\n        <label class=\"control-label\" for=\"email\"><i>E-mail<\/i><\/label><br \/>\n        <span class=\"wpcf7-form-control-wrap email\"><input type=\"email\" name=\"email\" value=\"\" size=\"40\" class=\"wpcf7-form-control wpcf7-text wpcf7-email wpcf7-validates-as-required wpcf7-validates-as-email form-control\" id=\"email\" aria-required=\"true\" aria-invalid=\"false\" placeholder=\"Digite o seu e-mail\" \/><\/span>\n    <\/div>\n<div class=\"form-group col-sm-6 col-xs-12 floating-label-form-group\">\n        <label class=\"control-label\" for=\"telefone\"><i>Telefone\/Celular<\/i><\/label><br \/>\n        <span class=\"wpcf7-form-control-wrap telefone\"><input type=\"tel\" name=\"telefone\" value=\"\" size=\"40\" class=\"wpcf7-form-control wpcf7-text wpcf7-tel wpcf7-validates-as-required wpcf7-validates-as-tel form-control\" id=\"telefone\" aria-required=\"true\" aria-invalid=\"false\" placeholder=\"Digite o n\u00famero do seu telefone ou celular\" \/><\/span>\n    <\/div>\n<\/div>\n<div class=\"row\">\n<div class=\"form-group col-xs-12 floating-label-form-group\">\n        <label class=\"control-label\" for=\"assunto\"><i>Assunto<\/i><\/label><br \/>\n        <span class=\"wpcf7-form-control-wrap assunto\"><input type=\"text\" name=\"assunto\" value=\"\" size=\"40\" class=\"wpcf7-form-control wpcf7-text wpcf7-validates-as-required form-control\" id=\"assunto\" aria-required=\"true\" aria-invalid=\"false\" placeholder=\"Digite o assunto\" \/><\/span>\n    <\/div>\n<\/div>\n<div class=\"row\">\n<div class=\"form-group col-xs-12 floating-label-form-group\">\n        <label class=\"control-label\" for=\"mensagem\"><i>Mensagem<\/i><\/label><br \/>\n        <span class=\"wpcf7-form-control-wrap mensagem\"><textarea name=\"mensagem\" cols=\"45\" rows=\"10\" minlength=\"10\" class=\"wpcf7-form-control wpcf7-textarea wpcf7-validates-as-required form-control\" id=\"mensagem\" aria-required=\"true\" aria-invalid=\"false\" placeholder=\"Digite a sua mensagem\"><\/textarea><\/span>\n    <\/div>\n<\/div>\n<p><input type=\"submit\" value=\"Enviar\" class=\"wpcf7-form-control wpcf7-submit btn btn-primary\" id=\"enviar\" \/><\/p>\n<div class=\"wpcf7-response-output wpcf7-display-none\"><\/div>\n<\/form>\n<\/div>\n<\/div>\n<\/div><\/div><\/div><\/div><div id=\"pg-255-1\"  class=\"panel-grid panel-no-style\" ><div id=\"pgc-255-1-0\"  class=\"panel-grid-cell\" ><div id=\"panel-255-1-0-0\" class=\"so-panel widget widget_media_image panel-first-child panel-last-child\" data-index=\"1\" ><h3 class=\"widget-title\">Torne-se um Volunt\u00e1rio Can\u00e7\u00e3o nova<\/h3><div style=\"width: 610px\" class=\"wp-caption alignnone\"><a href=\"https:\/\/bit.ly\/Can\u00e7\u00e3oNovaVolunt\u00e1riosCN-CP\"><img loading=\"lazy\" decoding=\"async\" width=\"600\" height=\"300\" src=\"https:\/\/blog.cancaonova.com\/voluntarios\/files\/2024\/06\/Fotos-googleforms-600x300.png\" class=\"image wp-image-573  attachment-large size-large\" alt=\"\" style=\"max-width: 100%; height: auto;\" title=\"Torne-se um Volunt\u00e1rio Can\u00e7\u00e3o nova\" srcset=\"https:\/\/blog.cancaonova.com\/voluntarios\/files\/2024\/06\/Fotos-googleforms-600x300.png 600w, https:\/\/blog.cancaonova.com\/voluntarios\/files\/2024\/06\/Fotos-googleforms-300x150.png 300w, https:\/\/blog.cancaonova.com\/voluntarios\/files\/2024\/06\/Fotos-googleforms-150x75.png 150w\" sizes=\"(max-width: 600px) 100vw, 600px\" \/><\/a><p class=\"wp-caption-text\">Seja nosso Voluntario<\/p><\/div><\/div><\/div><\/div><\/div>","protected":false},"excerpt":{"rendered":"<p>Nome Completo Data de Nascimento E-mail Telefone\/Celular Assunto Mensagem Torne-se um Volunt\u00e1rio Can\u00e7\u00e3o novaSeja nosso Voluntario<\/p>\n","protected":false},"author":4762,"featured_media":0,"parent":0,"menu_order":0,"comment_status":"closed","ping_status":"closed","template":"","meta":{"_mi_skip_tracking":false,"_monsterinsights_sitenote_active":false,"_monsterinsights_sitenote_note":"","_monsterinsights_sitenote_category":0,"footnotes":""},"_links":{"self":[{"href":"https:\/\/blog.cancaonova.com\/voluntarios\/wp-json\/wp\/v2\/pages\/255"}],"collection":[{"href":"https:\/\/blog.cancaonova.com\/voluntarios\/wp-json\/wp\/v2\/pages"}],"about":[{"href":"https:\/\/blog.cancaonova.com\/voluntarios\/wp-json\/wp\/v2\/types\/page"}],"author":[{"embeddable":true,"href":"https:\/\/blog.cancaonova.com\/voluntarios\/wp-json\/wp\/v2\/users\/4762"}],"replies":[{"embeddable":true,"href":"https:\/\/blog.cancaonova.com\/voluntarios\/wp-json\/wp\/v2\/comments?post=255"}],"version-history":[{"count":6,"href":"https:\/\/blog.cancaonova.com\/voluntarios\/wp-json\/wp\/v2\/pages\/255\/revisions"}],"predecessor-version":[{"id":629,"href":"https:\/\/blog.cancaonova.com\/voluntarios\/wp-json\/wp\/v2\/pages\/255\/revisions\/629"}],"wp:attachment":[{"href":"https:\/\/blog.cancaonova.com\/voluntarios\/wp-json\/wp\/v2\/media?parent=255"}],"curies":[{"name":"wp","href":"https:\/\/api.w.org\/{rel}","templated":true}]}}