{"id":90,"date":"2024-05-08T09:02:04","date_gmt":"2024-05-08T12:02:04","guid":{"rendered":"http:\/\/blog.cancaonova.com\/voluntarios\/?page_id=90"},"modified":"2024-06-06T17:14:27","modified_gmt":"2024-06-06T20:14:27","slug":"testemunhos","status":"publish","type":"page","link":"https:\/\/blog.cancaonova.com\/voluntarios\/testemunhos\/","title":{"rendered":"Fazendo a Diferen\u00e7a - Testemunhos"},"content":{"rendered":"<p><strong>Somos Milagres de Deus<\/strong><\/p>\n<p><strong>Somos Milagres de Deus <\/strong>a partir do Encontro com Jesus. J\u00e1 os SOMOS, simplesmente pelo foto de sermos criados por DEUS.&nbsp; Por\u00e9m este encontro nos leva a assumir o compromisso de Servir aos outros, em&nbsp; SUA OBRA, colocando a disposi\u00e7\u00e3o dons, talentos e minist\u00e9rios.<\/p>\n<p>Ser volunt\u00e1ria na Comunidade Can\u00e7\u00e3o Nova \u00e9 um desconstruir para reconstruir em Deus o mais profundo de n\u00f3s com o trabalho santificado via voluntariado.<\/p>\n<div id=\"attachment_553\" style=\"width: 310px\" class=\"wp-caption alignnone\"><img loading=\"lazy\" decoding=\"async\" aria-describedby=\"caption-attachment-553\" class=\"wp-image-553 size-medium\" src=\"http:\/\/blog.cancaonova.com\/voluntarios\/files\/2024\/05\/\u2014-Estela-Maria-1-300x169.png\" alt=\"Voluntaria Can\u00e7\u00e3o Nova em campo de atua\u00e7\u00e3o. Somos Milagres de Deus\" width=\"300\" height=\"169\" srcset=\"https:\/\/blog.cancaonova.com\/voluntarios\/files\/2024\/05\/\u2014-Estela-Maria-1-300x169.png 300w, https:\/\/blog.cancaonova.com\/voluntarios\/files\/2024\/05\/\u2014-Estela-Maria-1-768x432.png 768w, https:\/\/blog.cancaonova.com\/voluntarios\/files\/2024\/05\/\u2014-Estela-Maria-1-384x216.png 384w, https:\/\/blog.cancaonova.com\/voluntarios\/files\/2024\/05\/\u2014-Estela-Maria-1-512x288.png 512w, https:\/\/blog.cancaonova.com\/voluntarios\/files\/2024\/05\/\u2014-Estela-Maria-1-1024x576.png 1024w, https:\/\/blog.cancaonova.com\/voluntarios\/files\/2024\/05\/\u2014-Estela-Maria-1.png 1366w\" sizes=\"(max-width: 300px) 100vw, 300px\" \/><p id=\"caption-attachment-553\" class=\"wp-caption-text\">Foto: A pr\u00f3pria<\/p><\/div>\n<p>Eu vim ser volunt\u00e1ria para me permitir me deixar literalmente ser conduzida por Deus para onde houvesse necessidade de colabora\u00e7\u00e3o para o avan\u00e7o desta grande obra e contribuir junto as minhas qualidades, m\u00e3o de obra e cora\u00e7\u00e3o aberto ao servi\u00e7o ao senhor.<\/p>\n<p>\u00c9 o me despir de minhas vontades para ofertar servi\u00e7o ao alcance de almas com o sorriso, disposi\u00e7\u00e3o, contribui\u00e7\u00e3o, trabalho duro mas com o cora\u00e7\u00e3o cheio de alegria por ser tudo por ele! Ser eu por primeira um Milagre de Deus para quem ELE me envia.<\/p>\n<p>O trabalho voluntario tamb\u00e9m me possibilitou a olhar o pr\u00f3ximo com um olhar de miseric\u00f3rdia onde no ato de um trabalho como este tamb\u00e9m tocamos os cora\u00e7\u00f5es de quem estamos atendendo, sendo assim um canal de Deus para uma palavra de conforto ou at\u00e9 mesmo uma aten\u00e7\u00e3o que aquele irm\u00e3o possa estar precisando.<br \/>\nNo trabalho voluntario na can\u00e7\u00e3o nova, Deus trabalha todas as oportunidades no alcance de almas para o senhor!<\/p>\n<p>Aconselho por experi\u00eancia pr\u00f3pria&nbsp; ao se abrir ao ser volunt\u00e1rio na Can\u00e7\u00e3o Nova pois al\u00e9m da doa\u00e7\u00e3o para Deus, muito ele fala atrav\u00e9s desse movimento do servir gerando assim partilhas, vida fraterna e tamb\u00e9m a quebra de si mesmo ao se deixar conduzir para sua vontade. \u00c9 um presente ser volunt\u00e1ria da CAN\u00c7\u00c3O NOVA!<\/p>\n<h3 class=\"western\"><a href=\"https:\/\/blog.cancaonova.com\/voluntarios\/faca-seu-cadastro\/\">Voc\u00ea tamb\u00e9m pode ser volunt\u00e1ria<\/a><\/h3>\n<p>Aconselho por experi\u00eancia pr\u00f3pria&nbsp; ao se abrir ao ser volunt\u00e1rio na Can\u00e7\u00e3o Nova pois al\u00e9m da doa\u00e7\u00e3o para Deus, muito ele fala atrav\u00e9s desse movimento do servir gerando assim partilhas, vida fraterna e tamb\u00e9m a quebra de si mesmo ao se deixar conduzir para sua vontade. \u00c9 um presente ser volunt\u00e1ria da CAN\u00c7\u00c3O NOVA!<\/p>\n<p>Veja nosso calend\u00e1rio<\/p>\n<p>&nbsp;<\/p>\n<p>Karoline Ferreira<\/p>\n<p>Vocacionado &#8211; Frente Miss\u00e3o Rio de Janeiro<\/p>\n","protected":false},"excerpt":{"rendered":"<p>Somos Milagres de Deus Somos Milagres de Deus a partir do Encontro com Jesus. J\u00e1 os SOMOS, simplesmente pelo foto de sermos criados por DEUS.&nbsp; Por\u00e9m este encontro nos leva a assumir o compromisso de Servir aos outros, em&nbsp; SUA&#8230;<\/p>\n","protected":false},"author":4743,"featured_media":0,"parent":0,"menu_order":0,"comment_status":"closed","ping_status":"closed","template":"","meta":{"_mi_skip_tracking":false,"_monsterinsights_sitenote_active":false,"_monsterinsights_sitenote_note":"","_monsterinsights_sitenote_category":0,"footnotes":""},"_links":{"self":[{"href":"https:\/\/blog.cancaonova.com\/voluntarios\/wp-json\/wp\/v2\/pages\/90"}],"collection":[{"href":"https:\/\/blog.cancaonova.com\/voluntarios\/wp-json\/wp\/v2\/pages"}],"about":[{"href":"https:\/\/blog.cancaonova.com\/voluntarios\/wp-json\/wp\/v2\/types\/page"}],"author":[{"embeddable":true,"href":"https:\/\/blog.cancaonova.com\/voluntarios\/wp-json\/wp\/v2\/users\/4743"}],"replies":[{"embeddable":true,"href":"https:\/\/blog.cancaonova.com\/voluntarios\/wp-json\/wp\/v2\/comments?post=90"}],"version-history":[{"count":4,"href":"https:\/\/blog.cancaonova.com\/voluntarios\/wp-json\/wp\/v2\/pages\/90\/revisions"}],"predecessor-version":[{"id":727,"href":"https:\/\/blog.cancaonova.com\/voluntarios\/wp-json\/wp\/v2\/pages\/90\/revisions\/727"}],"wp:attachment":[{"href":"https:\/\/blog.cancaonova.com\/voluntarios\/wp-json\/wp\/v2\/media?parent=90"}],"curies":[{"name":"wp","href":"https:\/\/api.w.org\/{rel}","templated":true}]}}