{"id":1172,"date":"2023-02-24T10:06:39","date_gmt":"2023-02-24T13:06:39","guid":{"rendered":"http:\/\/blog.cancaonova.com\/walkbyfaith\/tamanhos-de-imagem\/"},"modified":"2023-03-02T15:52:37","modified_gmt":"2023-03-02T18:52:37","slug":"tamanhos-de-imagem","status":"publish","type":"page","link":"https:\/\/blog.cancaonova.com\/walkbyfaith\/tamanhos-de-imagem\/","title":{"rendered":"Quem Sou?"},"content":{"rendered":"<p><img loading=\"lazy\" decoding=\"async\" class=\"size-medium wp-image-59 alignleft\" src=\"http:\/\/blog.cancaonova.com\/walkbyfaith\/files\/2021\/08\/WhatsApp-Image-2021-08-30-at-10.11.21-169x300.jpeg\" alt=\"\" width=\"169\" height=\"300\" srcset=\"https:\/\/blog.cancaonova.com\/walkbyfaith\/files\/2021\/08\/WhatsApp-Image-2021-08-30-at-10.11.21-169x300.jpeg 169w, https:\/\/blog.cancaonova.com\/walkbyfaith\/files\/2021\/08\/WhatsApp-Image-2021-08-30-at-10.11.21.jpeg 721w\" sizes=\"(max-width: 169px) 100vw, 169px\" \/>Primeiramente, meu nome \u00e9 Huanna Mykaella da Cruz Silva, sou algu\u00e9m que busca caminhar pela f\u00e9 e por isso surgiu a inspira\u00e7\u00e3o para este blog &#8220;Walk by Faith&#8221;, pois mesmo quando a minha vis\u00e3o \u00e9 e estar turva diante das adversidades da vida \u00e9 a F\u00c9 que me dar for\u00e7as para caminhar. Sou leiga dedicada a Igreja como consagrada a Deus na Comunidade Can\u00e7\u00e3o Nova h\u00e1 14 anos, ingressei na Comunidade Can\u00e7\u00e3o Nova no ano de 2009 e posso falar que escolhi a melhor parte, que \u00e9 servir ao Senhor na minha juventude de corpo e de alma.\u00a0 A n\u00edvel profissional e atua\u00e7\u00e3o mission\u00e1ria atualmente sou graduada em Letras com habilita\u00e7\u00e3o em Portugu\u00eas, Ingl\u00eas e Literatura no Centro Universit\u00e1rio Teresa D\u00c1vila (UNIFATEA), fui bolsista do Programa de Institucional de Bolsa de Inicia\u00e7\u00e3o a Doc\u00eancia (PIBID). Desenvolvi pesquisas e projetos cient\u00edficos na \u00e1rea de Ingl\u00eas, tais como, metodologias de ensino de l\u00edngua inglesa entre outros. Participei de semin\u00e1rios e congressos nas \u00e1reas de educa\u00e7\u00e3o, literatura e tecnologia. Cursei italiano na escola de l\u00ednguas Dante Alighiere em Roma. Ao falar de experi\u00eancia profissional atuei nas \u00e1reas de Educa\u00e7\u00e3o, Comunica\u00e7\u00e3o especificamente Jornalismo, R\u00e1dio Can\u00e7\u00e3o Nova e atualmente trabalho no Site do Can\u00e7\u00e3o Nova Not\u00edcias.<\/p>\n<blockquote><p>Sou uma eterna aprendiz nesta grande escola que \u00e9 a vida e que o professor \u00e9 o pr\u00f3prio Deus.<\/p>\n<p>Huanna Cruz<\/p>\n<p>&nbsp;<\/p><\/blockquote>\n<p>&nbsp;<\/p>\n","protected":false},"excerpt":{"rendered":"<p>Primeiramente, meu nome \u00e9 Huanna Mykaella da Cruz Silva, sou algu\u00e9m que busca caminhar pela f\u00e9 e por isso surgiu a inspira\u00e7\u00e3o para este blog &#8220;Walk by Faith&#8221;, pois mesmo quando a minha vis\u00e3o \u00e9 e estar turva diante das&#8230;<\/p>\n","protected":false},"author":4539,"featured_media":0,"parent":0,"menu_order":1,"comment_status":"closed","ping_status":"closed","template":"","meta":{"_mi_skip_tracking":false,"_monsterinsights_sitenote_active":false,"_monsterinsights_sitenote_note":"","_monsterinsights_sitenote_category":0,"footnotes":""},"_links":{"self":[{"href":"https:\/\/blog.cancaonova.com\/walkbyfaith\/wp-json\/wp\/v2\/pages\/1172"}],"collection":[{"href":"https:\/\/blog.cancaonova.com\/walkbyfaith\/wp-json\/wp\/v2\/pages"}],"about":[{"href":"https:\/\/blog.cancaonova.com\/walkbyfaith\/wp-json\/wp\/v2\/types\/page"}],"author":[{"embeddable":true,"href":"https:\/\/blog.cancaonova.com\/walkbyfaith\/wp-json\/wp\/v2\/users\/4539"}],"replies":[{"embeddable":true,"href":"https:\/\/blog.cancaonova.com\/walkbyfaith\/wp-json\/wp\/v2\/comments?post=1172"}],"version-history":[{"count":4,"href":"https:\/\/blog.cancaonova.com\/walkbyfaith\/wp-json\/wp\/v2\/pages\/1172\/revisions"}],"predecessor-version":[{"id":1255,"href":"https:\/\/blog.cancaonova.com\/walkbyfaith\/wp-json\/wp\/v2\/pages\/1172\/revisions\/1255"}],"wp:attachment":[{"href":"https:\/\/blog.cancaonova.com\/walkbyfaith\/wp-json\/wp\/v2\/media?parent=1172"}],"curies":[{"name":"wp","href":"https:\/\/api.w.org\/{rel}","templated":true}]}}