{"id":1186,"date":"2023-02-24T10:47:08","date_gmt":"2023-02-24T13:47:08","guid":{"rendered":"http:\/\/blog.cancaonova.com\/walkbyfaith\/?page_id=1186"},"modified":"2023-02-24T10:58:13","modified_gmt":"2023-02-24T13:58:13","slug":"vamos-aminhar-pela-fe","status":"publish","type":"page","link":"https:\/\/blog.cancaonova.com\/walkbyfaith\/vamos-aminhar-pela-fe\/","title":{"rendered":"Vamos Caminhar pela f\u00e9?"},"content":{"rendered":"<p>Bem vindo ao <strong>Walk by Faith<\/strong>.\u00a0 Esse Blog surgiu do desejo de te convidar a\u00a0<strong>Caminhar pela f\u00e9 <\/strong>e conhecer mais sobre a f\u00e9 Cat\u00f3lica, a palavra de Deus e porque n\u00e3o a refletir mais sobre a vida e as escolhas que temos feito perante os desafios do tempo presente. <strong>Walk by Faith<\/strong> \u00e9 um convite para voc\u00ea sair da comodidade da sua vida e dar passos firmes na f\u00e9 com os olhos fixos no Cristo que te diz: Vem e segui-me! Voc\u00ea aceita o desafio?<\/p>\n<p>Neste Blog, voc\u00ea encontrar\u00e1 estudos b\u00edblicos onde voc\u00ea vai conhecer mais sobre as virtudes e o arqu\u00e9tipo feminino das mulheres da b\u00edblia, vamos ter poesias, reflex\u00f5es, assuntos da atualidade, an\u00e1lise liter\u00e1ria, cr\u00f4nicas, contos e o que mais o Senhor inspirar&#8230;.\u00a0 \u00c9 isso. Seja bem vindo(a) e vamos juntos caminhar pela f\u00e9!<\/p>\n","protected":false},"excerpt":{"rendered":"<p>Bem vindo ao Walk by Faith.\u00a0 Esse Blog surgiu do desejo de te convidar a\u00a0Caminhar pela f\u00e9 e conhecer mais sobre a f\u00e9 Cat\u00f3lica, a palavra de Deus e porque n\u00e3o a refletir mais sobre a vida e as escolhas&#8230;<\/p>\n","protected":false},"author":4539,"featured_media":39,"parent":0,"menu_order":2,"comment_status":"closed","ping_status":"closed","template":"","meta":{"_mi_skip_tracking":false,"_monsterinsights_sitenote_active":false,"_monsterinsights_sitenote_note":"","_monsterinsights_sitenote_category":0,"footnotes":""},"_links":{"self":[{"href":"https:\/\/blog.cancaonova.com\/walkbyfaith\/wp-json\/wp\/v2\/pages\/1186"}],"collection":[{"href":"https:\/\/blog.cancaonova.com\/walkbyfaith\/wp-json\/wp\/v2\/pages"}],"about":[{"href":"https:\/\/blog.cancaonova.com\/walkbyfaith\/wp-json\/wp\/v2\/types\/page"}],"author":[{"embeddable":true,"href":"https:\/\/blog.cancaonova.com\/walkbyfaith\/wp-json\/wp\/v2\/users\/4539"}],"replies":[{"embeddable":true,"href":"https:\/\/blog.cancaonova.com\/walkbyfaith\/wp-json\/wp\/v2\/comments?post=1186"}],"version-history":[{"count":2,"href":"https:\/\/blog.cancaonova.com\/walkbyfaith\/wp-json\/wp\/v2\/pages\/1186\/revisions"}],"predecessor-version":[{"id":1189,"href":"https:\/\/blog.cancaonova.com\/walkbyfaith\/wp-json\/wp\/v2\/pages\/1186\/revisions\/1189"}],"wp:featuredmedia":[{"embeddable":true,"href":"https:\/\/blog.cancaonova.com\/walkbyfaith\/wp-json\/wp\/v2\/media\/39"}],"wp:attachment":[{"href":"https:\/\/blog.cancaonova.com\/walkbyfaith\/wp-json\/wp\/v2\/media?parent=1186"}],"curies":[{"name":"wp","href":"https:\/\/api.w.org\/{rel}","templated":true}]}}